{"id":29068,"date":"2022-09-26T08:23:51","date_gmt":"2022-09-26T08:23:51","guid":{"rendered":"https:\/\/stonebro.ee\/myynti-ja-takuuehdot\/"},"modified":"2022-12-27T07:42:06","modified_gmt":"2022-12-27T07:42:06","slug":"myynti-ja-takuuehdot","status":"publish","type":"page","link":"https:\/\/stonebro.ee\/fi\/myynti-ja-takuuehdot\/","title":{"rendered":"Myynti- ja takuuehdot"},"content":{"rendered":"\t\t<div data-elementor-type=\"wp-page\" data-elementor-id=\"29068\" class=\"elementor elementor-29068 elementor-24989\" data-elementor-post-type=\"page\">\n\t\t\t\t\t\t<section data-particle_enable=\"false\" data-particle-mobile-disabled=\"false\" class=\"elementor-section elementor-top-section elementor-element elementor-element-70303ed elementor-section-boxed elementor-section-height-default elementor-section-height-default neuron-fixed-no\" data-id=\"70303ed\" data-element_type=\"section\" data-e-type=\"section\" data-settings=\"{&quot;background_background&quot;:&quot;classic&quot;}\">\n\t\t\t\t\t\t<div class=\"elementor-container elementor-column-gap-default\">\n\t\t\t\t\t<div class=\"elementor-column elementor-col-16 elementor-top-column elementor-element elementor-element-866b975\" data-id=\"866b975\" data-element_type=\"column\" data-e-type=\"column\">\n\t\t\t<div class=\"elementor-widget-wrap\">\n\t\t\t\t\t\t\t<\/div>\n\t\t<\/div>\n\t\t\t\t<div class=\"elementor-column elementor-col-66 elementor-top-column elementor-element elementor-element-b7f0381\" data-id=\"b7f0381\" data-element_type=\"column\" data-e-type=\"column\">\n\t\t\t<div class=\"elementor-widget-wrap elementor-element-populated\">\n\t\t\t\t\t\t<div class=\"elementor-element elementor-element-d39cd0c elementor-widget elementor-widget-heading\" data-id=\"d39cd0c\" data-element_type=\"widget\" data-e-type=\"widget\" data-widget_type=\"heading.default\">\n\t\t\t\t<div class=\"elementor-widget-container\">\n\t\t\t\t\t<h1 class=\"elementor-heading-title elementor-size-default\">Myynti- ja takuuehdot<\/h1>\t\t\t\t<\/div>\n\t\t\t\t<\/div>\n\t\t\t\t\t<\/div>\n\t\t<\/div>\n\t\t\t\t<div class=\"elementor-column elementor-col-16 elementor-top-column elementor-element elementor-element-21265ef\" data-id=\"21265ef\" data-element_type=\"column\" data-e-type=\"column\">\n\t\t\t<div class=\"elementor-widget-wrap\">\n\t\t\t\t\t\t\t<\/div>\n\t\t<\/div>\n\t\t\t\t\t<\/div>\n\t\t<\/section>\n\t\t\t\t<section data-particle_enable=\"false\" data-particle-mobile-disabled=\"false\" class=\"elementor-section elementor-top-section elementor-element elementor-element-7de6a47 elementor-section-boxed elementor-section-height-default elementor-section-height-default neuron-fixed-no\" data-id=\"7de6a47\" data-element_type=\"section\" data-e-type=\"section\">\n\t\t\t\t\t\t<div class=\"elementor-container elementor-column-gap-default\">\n\t\t\t\t\t<div class=\"elementor-column elementor-col-100 elementor-top-column elementor-element elementor-element-c7943c3\" data-id=\"c7943c3\" data-element_type=\"column\" data-e-type=\"column\">\n\t\t\t<div class=\"elementor-widget-wrap elementor-element-populated\">\n\t\t\t\t\t\t<div class=\"elementor-element elementor-element-a239067 elementor-widget elementor-widget-text-editor\" data-id=\"a239067\" data-element_type=\"widget\" data-e-type=\"widget\" data-widget_type=\"text-editor.default\">\n\t\t\t\t<div class=\"elementor-widget-container\">\n\t\t\t\t\t\t\t\t\t<p><strong>Tarjous<\/strong> \u2013 Tarjous on voimassa 30 p\u00e4iv\u00e4\u00e4 tarjouksen j\u00e4tt\u00f6p\u00e4iv\u00e4st\u00e4 (lukuun ottamatta kampanjatarjouksia).<\/p>\n<p><strong>Hinta<\/strong> \u2013 ilmoitetaan aina arvonlis\u00e4verollisena<\/p>\n<p><strong>Tuotetiedot<\/strong> &#8211; kiinnit\u00e4 aina huomiota tuotteen mukana tuleviin k\u00e4ytt\u00f6- ja k\u00e4sittelyohjeisiin.<br \/>Esimerkit ja valokuvat kivimateriaaleista havainnollistavat eri materiaalien rakennetta, pintak\u00e4sittely\u00e4 ja v\u00e4ri\u00e4. T\u00e4m\u00e4n vuoksi lopputuote voi poiketa n\u00e4ytteest\u00e4.<\/p>\n<p><strong>Toimitusehdot, toimitusaika ja muut olosuhteet<\/strong> &#8211; toimitusaika ilmoitetaan tarjouksessa. Toimittajamme ja alihankkijamme voivat vaikuttaa toimitusaikoihin. Jos asiakas ei pysty vastaanottamaan toimitusta, STONEBRO ei pid\u00e4 sit\u00e4 viiv\u00e4styksen\u00e4, jolloin asiakas on velvollinen maksamaan loppulaskun. Jos toimituksen viiv\u00e4styminen vaikuttaa muiden urakoitsijoiden suunniteltuihin ty\u00f6aikoihin, myyj\u00e4 ei ole velvollinen korvaamaan aiheutunutta vahinkoa. Jos toimitus viiv\u00e4styy yli kuusi viikkoa, asiakkaalla on oikeus korvaukseen vain, jos asiasta on tehty erityinen kirjallinen sopimus.<br \/>Vahvistamalla tilauksen ja\/tai vastaanottamalla ennakkomaksun asiakas vahvistaa, ett\u00e4 h\u00e4n on ymm\u00e4rt\u00e4nyt tilauksen yksityiskohdat ja ett\u00e4 h\u00e4n hyv\u00e4ksyy ehdot ja maksun m\u00e4\u00e4r\u00e4n&#8230; Toimitetut tuotteet katsotaan hyv\u00e4ksytyiksi, kun asiakas on allekirjoittanut hyv\u00e4ksymisasiakirjan, eik\u00e4 my\u00f6hempi\u00e4 valituksia oteta huomioon.<\/p>\n<p><strong>Takuu<\/strong> &#8211; STONEBRO antaa t\u00f6illeen 5 vuoden takuun.<\/p>\n<ul>\n<li>Takuu kattaa ongelmat, jotka voivat ilmet\u00e4 mittauksen, kuljetuksen tai asennuksen aikana. Hoidamme mahdolliset ongelmat pintojen asennuksen j\u00e4lkeen kohtuullisessa ajassa.<\/li>\n<li>Takuu ei kata k\u00e4yt\u00f6n aiheuttamia vaurioita ja tahroja, huonekalujen virheellisest\u00e4 asennuksesta aiheutuneita vaurioita eik\u00e4 ty\u00f6tasojen virheellisest\u00e4 puhdistuksesta tai v\u00e4\u00e4rien kemikaalien k\u00e4yt\u00f6st\u00e4 aiheutuneita ongelmia.<\/li>\n<\/ul>\n<p>Jos voidaan osoittaa, ett\u00e4 toimitettu tavara on viallinen ja myyj\u00e4 on siit\u00e4 vastuussa, myyj\u00e4 on velvollinen korvaamaan, korjaamaan tai korjauttamaan toimitetun tavaran maksutta kohtuullisessa ajassa. STONEBRO ei maksa korvausta tai vahingonkorvausta rahana, mutta kattaa kaikki tarvittavista t\u00f6ist\u00e4 aiheutuvat kustannukset. Jos asiakas on kirjallisesti pyyt\u00e4nyt takuun piiriin kuuluvan vian korjaamista, mutta ei ole saanut myyj\u00e4lt\u00e4 kirjallista vastausta 14 p\u00e4iv\u00e4n kuluessa, asiakkaalla on oikeus, ilmoitettuaan asiasta myyj\u00e4lle, korjata vika myyj\u00e4n kustannuksella tai vaatia k\u00e4ytetty\u00e4 summaa vastaavaa v\u00e4hennyst\u00e4 kauppahinnasta.<\/p>\n<p>Asiakkaan on ilmoitettava myyj\u00e4lle kirjallisesti kaikista toimitettujen tavaroiden m\u00e4\u00e4r\u00e4\u00e4n liittyvist\u00e4 ongelmista 7 p\u00e4iv\u00e4n kuluessa tavaroiden vastaanottamisesta. Asiakas on velvollinen ilmoittamaan myyj\u00e4lle v\u00e4litt\u00f6m\u00e4sti kirjallisesti kaikista tavaroiden laadussa ilmenneist\u00e4 ongelmista. Jos prosessiin kuuluu vanhojen ty\u00f6tasojen purkaminen, STONEBRO ei ole vastuussa prosessin aikana aiheutuneista vahingoista.<\/p>\n<p><strong>Maksuehdot<\/strong> &#8211; Tietyiss\u00e4 suurissa tilauksissa vaaditaan 30 prosentin k\u00e4siraha. Rahat on siirrett\u00e4v\u00e4 pankkitilillemme tai maksettava maksukortilla. Koko lasku (tai laskun loppusumma, jos kyseess\u00e4 on ennakkomaksu) on maksettava paikan p\u00e4\u00e4ll\u00e4, kun tuote on asennettu. T\u00e4t\u00e4 tarkoitusta varten STONEBROn henkil\u00f6kunnalla on mukanaan maksup\u00e4\u00e4telaitteet, jotka helpottavat asiakkaan asiointia.<\/p>\n<p><strong>Peruuttamisoikeus<\/strong> &#8211; Asiakkaalla on oikeus peruuttaa sopimus ilman taloudellisia velvoitteita ennen mittauksen suorittamista. Jos tutkimus on suoritettu, mutta kivet eiv\u00e4t ole saapuneet tuotantoon, asiakas on velvollinen maksamaan vain mittauksen. Kun mittauksen on tehty ja kivet ovat tuotannossa, asiakkaalla ei ole peruuttamisoikeutta ja h\u00e4nen on maksettava koko hinta. Peruuttamisoikeus ei koske tuotteita, jotka on valmistettu tilauksesta ostajan mittojen ja\/tai toiveiden mukaan. R\u00e4\u00e4t\u00e4l\u00f6ityj\u00e4 tuotteita ovat kaikki tuotteet, joita myyj\u00e4 on joutunut k\u00e4sittelem\u00e4\u00e4n jollakin tavalla sovittaakseen raaka-aineen ostajan vaatimuksiin. Jos ostajan ja myyj\u00e4n v\u00e4lill\u00e4 on kirjallinen sopimus tilattujen tuotteiden palauttamisesta, ostaja vastaa tuotteiden palauttamisesta aiheutuvista kustannuksista, ellei toisin ole sovittu.<\/p>\n<p><strong>V\u00e4limiesmenettely<\/strong> &#8211; T\u00e4h\u00e4n sopimukseen liittyv\u00e4t riidat ratkaistaan v\u00e4limiesmenettelyss\u00e4 Virossa voimassa olevan lains\u00e4\u00e4d\u00e4nn\u00f6n mukaisesti. Myyj\u00e4ll\u00e4 on kuitenkin oikeus nostaa kanne ensimm\u00e4isen oikeusasteen tuomioistuimessa er\u00e4\u00e4ntyneen saatavan perimiseksi.<\/p>\n<p><strong>Mittaus<\/strong> &#8211; STONEBRO tekee aina omat mittauksensa, jotta tuotteen asennuksessa ei ilmenisi ongelmia. Siksi emme suosittele, ett\u00e4 asiakas mittaa itse.<\/p>\n<p>Jos asiakas vaatii mittausta itse, h\u00e4n on vastuussa jokaisesta kohdasta, eik\u00e4 STONEBRO ota vastuuta mahdollisista my\u00f6hemmist\u00e4 asennuksen tai mittauksen tarkkuuteen liittyvist\u00e4 ongelmista.<\/p>\n<p><strong>Jotta STONEBRO voi tarjota asiakkaillemme parasta palvelua, on t\u00e4rke\u00e4\u00e4, ett\u00e4 olemme tietoisia tietyist\u00e4 seikoista, jotka voivat vaikuttaa ty\u00f6h\u00f6mme ja hintoihin.<\/strong><\/p>\n<p>Ty\u00f6voimatarpeen laskemista varten on annettava oikeat tiedot kaikista vaikuttavista tekij\u00f6ist\u00e4, kuten hissien saatavuudesta, lattiasta, portaiden koosta, maisemaolosuhteista (ulkotilahankkeissa jne.).<\/p>\n\t\t\t\t\t\t\t\t<\/div>\n\t\t\t\t<\/div>\n\t\t\t\t<div class=\"elementor-element elementor-element-794def2 elementor-widget elementor-widget-text-editor\" data-id=\"794def2\" data-element_type=\"widget\" data-e-type=\"widget\" data-widget_type=\"text-editor.default\">\n\t\t\t\t<div class=\"elementor-widget-container\">\n\t\t\t\t\t\t\t\t\t<h3 id=\"kividetailide-paigaldamine\">Kivien asentaminen:<\/h3>\n<ul>\n<li>Kivielementtej\u00e4 tukevien rakenteiden on oltava laadultaan sellaisia, ett\u00e4 niihin voidaan asentaa kivilaattoja. Tasaisuus ja kaarevuus saa olla enint\u00e4\u00e4n +\/- 3 mm 5 metri\u00e4 kohti<\/li>\n<li>Asiakkaan tai h\u00e4nen palkkaamansa urakoitsijan on teht\u00e4v\u00e4 laatuleikkaukset ty\u00f6tasoihin pesualtaita, keittotasoja jne. varten. Asennuksen yhteydess\u00e4 on yleens\u00e4 tarpeen leikata etureunalistaa ja sivukehyst\u00e4 muutamalla senttimetrill\u00e4 tai joissakin tapauksissa poistaa etureunalistat kokonaan ilman, ett\u00e4 myyj\u00e4 vaihtaa ne uusiin.<\/li>\n<li>Keraamisia sein\u00e4laattoja ei saa asentaa siten, ett\u00e4 ne haittaavat kivien asentamista.<\/li>\n<li>Kun kivity\u00f6tasot yhdistet\u00e4\u00e4n muista materiaaleista valmistettuihin ty\u00f6tasoihin, n\u00e4m\u00e4 ty\u00f6tasot on asennettava, kun kivielementit ovat paikoillaan.<\/li>\n<li>Asiakkaan tai h\u00e4nen edustajansa on oltava l\u00e4sn\u00e4 ty\u00f6maalla hyv\u00e4ksym\u00e4ss\u00e4 materiaalit ja asennusty\u00f6t.<\/li>\n<li>Pieni\u00e4 maali- tai lakkavaurioita voi joskus synty\u00e4, kun seinien ja huonekalurakenteiden v\u00e4liin asennetaan kiveyksi\u00e4.<\/li>\n<li>STONEBROn k\u00e4ytt\u00e4m\u00e4t tarvikkeet sis\u00e4ltyv\u00e4t asennusty\u00f6n hintaan.<\/li>\n<\/ul>\n<p><strong>Seuraavat aktiviteetit eiv\u00e4t sis\u00e4lly kivity\u00f6n hintaan:<\/strong><\/p>\n<ul>\n<li>Suojaavat lattiapinnoitteet. (Turvallisuusvaatimusten vuoksi asentajat eiv\u00e4t voi riisua kenki\u00e4\u00e4n, koska he kantavat raskaita esineit\u00e4.)<\/li>\n<li>S\u00e4hk\u00f6- ja putkity\u00f6t.<\/li>\n<li>Irto-osien, kuten sekoittimien, pesualtaiden jne. kiinnitys, joka ei sis\u00e4lly tilaukseen.<\/li>\n<li>Vastakkain asennettavien materiaalien ja esimerkiksi keraamisten laattojen, roiskesuojien jne. liitokset.<\/li>\n<li>Perusteellinen puhdistus.<\/li>\n<\/ul>\n<h3 id=\"looduskivist-toopindade-varieeruvus\">Luonnonkivest\u00e4 valmistettujen ty\u00f6tasojen vaihtelevuus<\/h3>\n<p>On aina muistettava, ett\u00e4 kivi on luonnossa muodostuva materiaali, eik\u00e4 sit\u00e4 siksi voida verrata yksi yhteen annettuun esimerkkiin. Aina voi esiinty\u00e4 pieni\u00e4 tai suuria vaihteluita, jotka eiv\u00e4t ole myyj\u00e4n vastuulla.<\/p>\n<p>Luonnonkiveen liittyy useammin erityispiirteit\u00e4, jotka on hyv\u00e4ksytt\u00e4v\u00e4:<\/p>\n<ul>\n<li>Esimerkiksi pienet ilmakuplat ovat hyvin yleisi\u00e4 vaaleassa Carraran marmorissa. Ne n\u00e4kyv\u00e4t usein pienin\u00e4 kirkkaina pistein\u00e4 tai reikin\u00e4 ty\u00f6tasossa.<\/li>\n<li>Pieni\u00e4 kiillottamattomia kohtia tai reiki\u00e4, joita esiintyy usein kiillotetussa graniitissa. N\u00e4iden vikojen esiintymiseen vaikuttavat graniittityyppi ja valaistusolosuhteet.<\/li>\n<li>Pieni\u00e4 t\u00e4pli\u00e4, jotka voivat joskus n\u00e4ky\u00e4 halkeamina kivess\u00e4.<\/li>\n<li>Selv\u00e4sti erottuvia tahroja hienorakeisessa graniitissa, jotka eiv\u00e4t ole kahden euron kolikkoa suurempia.<\/li>\n<li>Muut v\u00e4rivaihtelut saman toimituser\u00e4n sis\u00e4ll\u00e4 edellytt\u00e4en, ett\u00e4 eri kivet on otettu samasta l\u00e4hetyksest\u00e4.<\/li>\n<li>Luonnollisten vaihteluiden lis\u00e4ksi on hyv\u00e4ksytt\u00e4v\u00e4 my\u00f6s ammattilaisten tekem\u00e4t laadunparannukset.<\/li>\n<\/ul>\n<p><strong>N\u00e4m\u00e4 ehdot tulevat voimaan, kun asiakas on vahvistanut tilauksensa joko kirjallisesti tai maksanut ennakkomaksun laskun perusteella.<\/strong><\/p>\n\t\t\t\t\t\t\t\t<\/div>\n\t\t\t\t<\/div>\n\t\t\t\t\t<\/div>\n\t\t<\/div>\n\t\t\t\t\t<\/div>\n\t\t<\/section>\n\t\t\t\t<\/div>\n\t\t","protected":false},"excerpt":{"rendered":"<p>Myynti- ja takuuehdot Tarjous \u2013 Tarjous on voimassa 30 p\u00e4iv\u00e4\u00e4 tarjouksen j\u00e4tt\u00f6p\u00e4iv\u00e4st\u00e4 (lukuun ottamatta kampanjatarjouksia). Hinta \u2013 ilmoitetaan&#8230;<\/p>\n","protected":false},"author":1,"featured_media":0,"parent":0,"menu_order":0,"comment_status":"closed","ping_status":"closed","template":"","meta":{"_acf_changed":false,"footnotes":""},"class_list":["post-29068","page","type-page","status-publish","hentry"],"acf":[],"yoast_head":"<!-- This site is optimized with the Yoast SEO Premium plugin v26.8 (Yoast SEO v27.3) - https:\/\/yoast.com\/product\/yoast-seo-premium-wordpress\/ -->\n<title>Myynti- ja takuuehdot - StoneBro<\/title>\n<meta name=\"robots\" content=\"index, follow, max-snippet:-1, max-image-preview:large, max-video-preview:-1\" \/>\n<link rel=\"canonical\" href=\"https:\/\/stonebro.ee\/muugitingimused-ja-garantii\/\" \/>\n<meta property=\"og:locale\" content=\"fi_FI\" \/>\n<meta property=\"og:type\" content=\"article\" \/>\n<meta property=\"og:title\" content=\"Myynti- ja takuuehdot\" \/>\n<meta property=\"og:description\" content=\"Myynti- ja takuuehdot Tarjous \u2013 Tarjous on voimassa 30 p\u00e4iv\u00e4\u00e4 tarjouksen j\u00e4tt\u00f6p\u00e4iv\u00e4st\u00e4 (lukuun ottamatta kampanjatarjouksia). Hinta \u2013 ilmoitetaan...\" \/>\n<meta property=\"og:url\" content=\"https:\/\/stonebro.ee\/muugitingimused-ja-garantii\/\" \/>\n<meta property=\"og:site_name\" content=\"StoneBro\" \/>\n<meta property=\"article:modified_time\" content=\"2022-12-27T07:42:06+00:00\" \/>\n<meta name=\"twitter:card\" content=\"summary_large_image\" \/>\n<meta name=\"twitter:label1\" content=\"Arvioitu lukuaika\" \/>\n\t<meta name=\"twitter:data1\" content=\"5 minuuttia\" \/>\n<script type=\"application\/ld+json\" class=\"yoast-schema-graph\">{\"@context\":\"https:\\\/\\\/schema.org\",\"@graph\":[{\"@type\":\"WebPage\",\"@id\":\"https:\\\/\\\/stonebro.ee\\\/muugitingimused-ja-garantii\\\/\",\"url\":\"https:\\\/\\\/stonebro.ee\\\/muugitingimused-ja-garantii\\\/\",\"name\":\"Myynti- ja takuuehdot - StoneBro\",\"isPartOf\":{\"@id\":\"https:\\\/\\\/stonebro.ee\\\/#website\"},\"datePublished\":\"2022-09-26T08:23:51+00:00\",\"dateModified\":\"2022-12-27T07:42:06+00:00\",\"breadcrumb\":{\"@id\":\"https:\\\/\\\/stonebro.ee\\\/muugitingimused-ja-garantii\\\/#breadcrumb\"},\"inLanguage\":\"fi\",\"potentialAction\":[{\"@type\":\"ReadAction\",\"target\":[\"https:\\\/\\\/stonebro.ee\\\/muugitingimused-ja-garantii\\\/\"]}]},{\"@type\":\"BreadcrumbList\",\"@id\":\"https:\\\/\\\/stonebro.ee\\\/muugitingimused-ja-garantii\\\/#breadcrumb\",\"itemListElement\":[{\"@type\":\"ListItem\",\"position\":1,\"name\":\"Home\",\"item\":\"https:\\\/\\\/stonebro.ee\\\/fi\\\/\"},{\"@type\":\"ListItem\",\"position\":2,\"name\":\"Myynti- ja takuuehdot\"}]},{\"@type\":\"WebSite\",\"@id\":\"https:\\\/\\\/stonebro.ee\\\/#website\",\"url\":\"https:\\\/\\\/stonebro.ee\\\/\",\"name\":\"StoneBro\",\"description\":\"T\u00f6\u00f6tasapinnad k\u00f6\u00f6ki ja vannituppa\",\"publisher\":{\"@id\":\"https:\\\/\\\/stonebro.ee\\\/#organization\"},\"potentialAction\":[{\"@type\":\"SearchAction\",\"target\":{\"@type\":\"EntryPoint\",\"urlTemplate\":\"https:\\\/\\\/stonebro.ee\\\/?s={search_term_string}\"},\"query-input\":{\"@type\":\"PropertyValueSpecification\",\"valueRequired\":true,\"valueName\":\"search_term_string\"}}],\"inLanguage\":\"fi\"},{\"@type\":\"Organization\",\"@id\":\"https:\\\/\\\/stonebro.ee\\\/#organization\",\"name\":\"StoneBro\",\"url\":\"https:\\\/\\\/stonebro.ee\\\/\",\"logo\":{\"@type\":\"ImageObject\",\"inLanguage\":\"fi\",\"@id\":\"https:\\\/\\\/stonebro.ee\\\/#\\\/schema\\\/logo\\\/image\\\/\",\"url\":\"https:\\\/\\\/stonebro.ee\\\/wp-content\\\/uploads\\\/2022\\\/09\\\/stonebro_logo_303x68_2x-removebg-preview-e1664103751982.png\",\"contentUrl\":\"https:\\\/\\\/stonebro.ee\\\/wp-content\\\/uploads\\\/2022\\\/09\\\/stonebro_logo_303x68_2x-removebg-preview-e1664103751982.png\",\"width\":200,\"height\":44,\"caption\":\"StoneBro\"},\"image\":{\"@id\":\"https:\\\/\\\/stonebro.ee\\\/#\\\/schema\\\/logo\\\/image\\\/\"}}]}<\/script>\n<!-- \/ Yoast SEO Premium plugin. -->","yoast_head_json":{"title":"Myynti- ja takuuehdot - StoneBro","robots":{"index":"index","follow":"follow","max-snippet":"max-snippet:-1","max-image-preview":"max-image-preview:large","max-video-preview":"max-video-preview:-1"},"canonical":"https:\/\/stonebro.ee\/muugitingimused-ja-garantii\/","og_locale":"fi_FI","og_type":"article","og_title":"Myynti- ja takuuehdot","og_description":"Myynti- ja takuuehdot Tarjous \u2013 Tarjous on voimassa 30 p\u00e4iv\u00e4\u00e4 tarjouksen j\u00e4tt\u00f6p\u00e4iv\u00e4st\u00e4 (lukuun ottamatta kampanjatarjouksia). Hinta \u2013 ilmoitetaan...","og_url":"https:\/\/stonebro.ee\/muugitingimused-ja-garantii\/","og_site_name":"StoneBro","article_modified_time":"2022-12-27T07:42:06+00:00","twitter_card":"summary_large_image","twitter_misc":{"Arvioitu lukuaika":"5 minuuttia"},"schema":{"@context":"https:\/\/schema.org","@graph":[{"@type":"WebPage","@id":"https:\/\/stonebro.ee\/muugitingimused-ja-garantii\/","url":"https:\/\/stonebro.ee\/muugitingimused-ja-garantii\/","name":"Myynti- ja takuuehdot - StoneBro","isPartOf":{"@id":"https:\/\/stonebro.ee\/#website"},"datePublished":"2022-09-26T08:23:51+00:00","dateModified":"2022-12-27T07:42:06+00:00","breadcrumb":{"@id":"https:\/\/stonebro.ee\/muugitingimused-ja-garantii\/#breadcrumb"},"inLanguage":"fi","potentialAction":[{"@type":"ReadAction","target":["https:\/\/stonebro.ee\/muugitingimused-ja-garantii\/"]}]},{"@type":"BreadcrumbList","@id":"https:\/\/stonebro.ee\/muugitingimused-ja-garantii\/#breadcrumb","itemListElement":[{"@type":"ListItem","position":1,"name":"Home","item":"https:\/\/stonebro.ee\/fi\/"},{"@type":"ListItem","position":2,"name":"Myynti- ja takuuehdot"}]},{"@type":"WebSite","@id":"https:\/\/stonebro.ee\/#website","url":"https:\/\/stonebro.ee\/","name":"StoneBro","description":"T\u00f6\u00f6tasapinnad k\u00f6\u00f6ki ja vannituppa","publisher":{"@id":"https:\/\/stonebro.ee\/#organization"},"potentialAction":[{"@type":"SearchAction","target":{"@type":"EntryPoint","urlTemplate":"https:\/\/stonebro.ee\/?s={search_term_string}"},"query-input":{"@type":"PropertyValueSpecification","valueRequired":true,"valueName":"search_term_string"}}],"inLanguage":"fi"},{"@type":"Organization","@id":"https:\/\/stonebro.ee\/#organization","name":"StoneBro","url":"https:\/\/stonebro.ee\/","logo":{"@type":"ImageObject","inLanguage":"fi","@id":"https:\/\/stonebro.ee\/#\/schema\/logo\/image\/","url":"https:\/\/stonebro.ee\/wp-content\/uploads\/2022\/09\/stonebro_logo_303x68_2x-removebg-preview-e1664103751982.png","contentUrl":"https:\/\/stonebro.ee\/wp-content\/uploads\/2022\/09\/stonebro_logo_303x68_2x-removebg-preview-e1664103751982.png","width":200,"height":44,"caption":"StoneBro"},"image":{"@id":"https:\/\/stonebro.ee\/#\/schema\/logo\/image\/"}}]}},"_links":{"self":[{"href":"https:\/\/stonebro.ee\/fi\/wp-json\/wp\/v2\/pages\/29068","targetHints":{"allow":["GET"]}}],"collection":[{"href":"https:\/\/stonebro.ee\/fi\/wp-json\/wp\/v2\/pages"}],"about":[{"href":"https:\/\/stonebro.ee\/fi\/wp-json\/wp\/v2\/types\/page"}],"author":[{"embeddable":true,"href":"https:\/\/stonebro.ee\/fi\/wp-json\/wp\/v2\/users\/1"}],"replies":[{"embeddable":true,"href":"https:\/\/stonebro.ee\/fi\/wp-json\/wp\/v2\/comments?post=29068"}],"version-history":[{"count":0,"href":"https:\/\/stonebro.ee\/fi\/wp-json\/wp\/v2\/pages\/29068\/revisions"}],"wp:attachment":[{"href":"https:\/\/stonebro.ee\/fi\/wp-json\/wp\/v2\/media?parent=29068"}],"curies":[{"name":"wp","href":"https:\/\/api.w.org\/{rel}","templated":true}]}}