{"id":29076,"date":"2022-09-27T16:58:11","date_gmt":"2022-09-27T16:58:11","guid":{"rendered":"https:\/\/stonebro.ee\/keraaminen-tyotaso\/"},"modified":"2024-03-17T14:39:49","modified_gmt":"2024-03-17T14:39:49","slug":"keraaminen-tyotaso","status":"publish","type":"page","link":"https:\/\/stonebro.ee\/fi\/keraaminen-tyotaso\/","title":{"rendered":"KERAAMINEN TY\u00d6TASO"},"content":{"rendered":"\t\t<div data-elementor-type=\"wp-page\" data-elementor-id=\"29076\" class=\"elementor elementor-29076 elementor-25738\" data-elementor-post-type=\"page\">\n\t\t\t\t\t\t<section data-particle_enable=\"false\" data-particle-mobile-disabled=\"false\" class=\"elementor-section elementor-top-section elementor-element elementor-element-1851a0e elementor-section-boxed elementor-section-height-default elementor-section-height-default neuron-fixed-no\" data-id=\"1851a0e\" data-element_type=\"section\" data-e-type=\"section\" data-settings=\"{&quot;background_background&quot;:&quot;classic&quot;}\">\n\t\t\t\t\t\t<div class=\"elementor-container elementor-column-gap-default\">\n\t\t\t\t\t<div class=\"elementor-column elementor-col-100 elementor-top-column elementor-element elementor-element-836736b\" data-id=\"836736b\" data-element_type=\"column\" data-e-type=\"column\">\n\t\t\t<div class=\"elementor-widget-wrap elementor-element-populated\">\n\t\t\t\t\t\t<div class=\"elementor-element elementor-element-9f26c00 elementor-widget elementor-widget-heading\" data-id=\"9f26c00\" data-element_type=\"widget\" data-e-type=\"widget\" data-widget_type=\"heading.default\">\n\t\t\t\t<div class=\"elementor-widget-container\">\n\t\t\t\t\t<h1 class=\"elementor-heading-title elementor-size-default\">KERAAMINEN TY\u00d6TASO<\/h1>\t\t\t\t<\/div>\n\t\t\t\t<\/div>\n\t\t\t\t\t<\/div>\n\t\t<\/div>\n\t\t\t\t\t<\/div>\n\t\t<\/section>\n\t\t\t\t<section data-particle_enable=\"false\" data-particle-mobile-disabled=\"false\" class=\"elementor-section elementor-top-section elementor-element elementor-element-2a9dc9c elementor-section-boxed elementor-section-height-default elementor-section-height-default neuron-fixed-no\" data-id=\"2a9dc9c\" data-element_type=\"section\" data-e-type=\"section\">\n\t\t\t\t\t\t<div class=\"elementor-container elementor-column-gap-default\">\n\t\t\t\t\t<div class=\"elementor-column elementor-col-100 elementor-top-column elementor-element elementor-element-676ef57\" data-id=\"676ef57\" data-element_type=\"column\" data-e-type=\"column\">\n\t\t\t<div class=\"elementor-widget-wrap elementor-element-populated\">\n\t\t\t\t\t\t<div class=\"elementor-element elementor-element-2999d6b elementor-widget elementor-widget-text-editor\" data-id=\"2999d6b\" data-element_type=\"widget\" data-e-type=\"widget\" data-widget_type=\"text-editor.default\">\n\t\t\t\t<div class=\"elementor-widget-container\">\n\t\t\t\t\t\t\t\t\t<p>Keraamiset ty\u00f6tasot ovat uusimpia, nykyaikaisimpia ja varmasti kest\u00e4vimpi\u00e4 ratkaisuja. Keraamiset ty\u00f6tasot soveltuvat yht\u00e4 hyvin sis\u00e4- kuin ulkok\u00e4ytt\u00f6\u00f6n, ja koska tarjolla on eritt\u00e4in laaja valikoima v\u00e4rej\u00e4 ja kuvioita, ty\u00f6taso sopii sek\u00e4 klassiseen ett\u00e4 moderniin ymp\u00e4rist\u00f6\u00f6n.<\/p>\n\t\t\t\t\t\t\t\t<\/div>\n\t\t\t\t<\/div>\n\t\t\t\t\t<\/div>\n\t\t<\/div>\n\t\t\t\t\t<\/div>\n\t\t<\/section>\n\t\t\t\t<section data-particle_enable=\"false\" data-particle-mobile-disabled=\"false\" class=\"elementor-section elementor-top-section elementor-element elementor-element-d71a533 elementor-section-boxed elementor-section-height-default elementor-section-height-default neuron-fixed-no\" data-id=\"d71a533\" data-element_type=\"section\" data-e-type=\"section\">\n\t\t\t\t\t\t<div class=\"elementor-container elementor-column-gap-default\">\n\t\t\t\t\t<div class=\"elementor-column elementor-col-100 elementor-top-column elementor-element elementor-element-ee001ee\" data-id=\"ee001ee\" data-element_type=\"column\" data-e-type=\"column\">\n\t\t\t<div class=\"elementor-widget-wrap elementor-element-populated\">\n\t\t\t\t\t\t<div class=\"elementor-element elementor-element-c4c9b60 elementor-widget elementor-widget-heading\" data-id=\"c4c9b60\" data-element_type=\"widget\" data-e-type=\"widget\" data-widget_type=\"heading.default\">\n\t\t\t\t<div class=\"elementor-widget-container\">\n\t\t\t\t\t<h2 class=\"elementor-heading-title elementor-size-default\">DEKTON<\/h2>\t\t\t\t<\/div>\n\t\t\t\t<\/div>\n\t\t\t\t<div class=\"elementor-element elementor-element-55af83e elementor-widget elementor-widget-gallery\" data-id=\"55af83e\" data-element_type=\"widget\" data-e-type=\"widget\" data-settings=\"{&quot;columns&quot;:5,&quot;aspect_ratio&quot;:&quot;4:3&quot;,&quot;columns_mobile&quot;:3,&quot;gap_mobile&quot;:{&quot;unit&quot;:&quot;px&quot;,&quot;size&quot;:5,&quot;sizes&quot;:[]},&quot;lazyload&quot;:&quot;yes&quot;,&quot;gallery_layout&quot;:&quot;grid&quot;,&quot;columns_tablet&quot;:2,&quot;gap&quot;:{&quot;unit&quot;:&quot;px&quot;,&quot;size&quot;:10,&quot;sizes&quot;:[]},&quot;gap_tablet&quot;:{&quot;unit&quot;:&quot;px&quot;,&quot;size&quot;:10,&quot;sizes&quot;:[]},&quot;link_to&quot;:&quot;file&quot;,&quot;overlay_background&quot;:&quot;yes&quot;,&quot;content_hover_animation&quot;:&quot;fade-in&quot;}\" data-widget_type=\"gallery.default\">\n\t\t\t\t<div class=\"elementor-widget-container\">\n\t\t\t\t\t\t\t<div class=\"elementor-gallery__container\">\n\t\t\t\t\t\t\t<a class=\"e-gallery-item elementor-gallery-item elementor-animated-content\" href=\"https:\/\/stonebro.ee\/wp-content\/uploads\/2022\/09\/keraamika-arga_tulemus.webp\" data-elementor-open-lightbox=\"yes\" data-elementor-lightbox-slideshow=\"55af83e\" data-elementor-lightbox-title=\"keraamika-arga\" data-e-action-hash=\"#elementor-action%3Aaction%3Dlightbox%26settings%3DeyJpZCI6Mjg3NjYsInVybCI6Imh0dHBzOlwvXC9zdG9uZWJyby5lZVwvd3AtY29udGVudFwvdXBsb2Fkc1wvMjAyMlwvMDlcL2tlcmFhbWlrYS1hcmdhX3R1bGVtdXMud2VicCIsInNsaWRlc2hvdyI6IjU1YWY4M2UifQ%3D%3D\">\n\t\t\t\t\t<div class=\"e-gallery-image elementor-gallery-item__image\" data-thumbnail=\"https:\/\/stonebro.ee\/wp-content\/uploads\/2022\/09\/keraamika-arga_tulemus.webp\" data-width=\"2000\" data-height=\"882\" aria-label=\"\" role=\"img\" ><\/div>\n\t\t\t\t\t\t\t\t\t\t\t<div class=\"elementor-gallery-item__overlay\"><\/div>\n\t\t\t\t\t\t\t\t\t\t\t\t\t\t<\/a>\n\t\t\t\t\t\t\t<a class=\"e-gallery-item elementor-gallery-item elementor-animated-content\" href=\"https:\/\/stonebro.ee\/wp-content\/uploads\/2022\/09\/keraamika-Entzo_tulemus.webp\" data-elementor-open-lightbox=\"yes\" data-elementor-lightbox-slideshow=\"55af83e\" data-elementor-lightbox-title=\"keraamika-Entzo\" data-e-action-hash=\"#elementor-action%3Aaction%3Dlightbox%26settings%3DeyJpZCI6Mjg3NjcsInVybCI6Imh0dHBzOlwvXC9zdG9uZWJyby5lZVwvd3AtY29udGVudFwvdXBsb2Fkc1wvMjAyMlwvMDlcL2tlcmFhbWlrYS1FbnR6b190dWxlbXVzLndlYnAiLCJzbGlkZXNob3ciOiI1NWFmODNlIn0%3D\">\n\t\t\t\t\t<div class=\"e-gallery-image elementor-gallery-item__image\" data-thumbnail=\"https:\/\/stonebro.ee\/wp-content\/uploads\/2022\/09\/keraamika-Entzo_tulemus.webp\" data-width=\"2000\" data-height=\"916\" aria-label=\"\" role=\"img\" ><\/div>\n\t\t\t\t\t\t\t\t\t\t\t<div class=\"elementor-gallery-item__overlay\"><\/div>\n\t\t\t\t\t\t\t\t\t\t\t\t\t\t<\/a>\n\t\t\t\t\t\t\t<a class=\"e-gallery-item elementor-gallery-item elementor-animated-content\" href=\"https:\/\/stonebro.ee\/wp-content\/uploads\/2022\/09\/keraamika-kayros_tulemus.webp\" data-elementor-open-lightbox=\"yes\" data-elementor-lightbox-slideshow=\"55af83e\" data-elementor-lightbox-title=\"keraamika-kayros\" data-e-action-hash=\"#elementor-action%3Aaction%3Dlightbox%26settings%3DeyJpZCI6Mjg3NjgsInVybCI6Imh0dHBzOlwvXC9zdG9uZWJyby5lZVwvd3AtY29udGVudFwvdXBsb2Fkc1wvMjAyMlwvMDlcL2tlcmFhbWlrYS1rYXlyb3NfdHVsZW11cy53ZWJwIiwic2xpZGVzaG93IjoiNTVhZjgzZSJ9\">\n\t\t\t\t\t<div class=\"e-gallery-image elementor-gallery-item__image\" data-thumbnail=\"https:\/\/stonebro.ee\/wp-content\/uploads\/2022\/09\/keraamika-kayros_tulemus.webp\" data-width=\"2000\" data-height=\"906\" aria-label=\"\" role=\"img\" ><\/div>\n\t\t\t\t\t\t\t\t\t\t\t<div class=\"elementor-gallery-item__overlay\"><\/div>\n\t\t\t\t\t\t\t\t\t\t\t\t\t\t<\/a>\n\t\t\t\t\t\t\t<a class=\"e-gallery-item elementor-gallery-item elementor-animated-content\" href=\"https:\/\/stonebro.ee\/wp-content\/uploads\/2022\/09\/keraamika-kelya_tulemus.webp\" data-elementor-open-lightbox=\"yes\" data-elementor-lightbox-slideshow=\"55af83e\" data-elementor-lightbox-title=\"keraamika-kelya\" data-e-action-hash=\"#elementor-action%3Aaction%3Dlightbox%26settings%3DeyJpZCI6Mjg3NjksInVybCI6Imh0dHBzOlwvXC9zdG9uZWJyby5lZVwvd3AtY29udGVudFwvdXBsb2Fkc1wvMjAyMlwvMDlcL2tlcmFhbWlrYS1rZWx5YV90dWxlbXVzLndlYnAiLCJzbGlkZXNob3ciOiI1NWFmODNlIn0%3D\">\n\t\t\t\t\t<div class=\"e-gallery-image elementor-gallery-item__image\" data-thumbnail=\"https:\/\/stonebro.ee\/wp-content\/uploads\/2022\/09\/keraamika-kelya_tulemus.webp\" data-width=\"2000\" data-height=\"906\" aria-label=\"\" role=\"img\" ><\/div>\n\t\t\t\t\t\t\t\t\t\t\t<div class=\"elementor-gallery-item__overlay\"><\/div>\n\t\t\t\t\t\t\t\t\t\t\t\t\t\t<\/a>\n\t\t\t\t\t\t\t<a class=\"e-gallery-item elementor-gallery-item elementor-animated-content\" href=\"https:\/\/stonebro.ee\/wp-content\/uploads\/2022\/09\/keraamika-keon_tulemus.webp\" data-elementor-open-lightbox=\"yes\" data-elementor-lightbox-slideshow=\"55af83e\" data-elementor-lightbox-title=\"keraamika-keon\" data-e-action-hash=\"#elementor-action%3Aaction%3Dlightbox%26settings%3DeyJpZCI6Mjg3NzAsInVybCI6Imh0dHBzOlwvXC9zdG9uZWJyby5lZVwvd3AtY29udGVudFwvdXBsb2Fkc1wvMjAyMlwvMDlcL2tlcmFhbWlrYS1rZW9uX3R1bGVtdXMud2VicCIsInNsaWRlc2hvdyI6IjU1YWY4M2UifQ%3D%3D\">\n\t\t\t\t\t<div class=\"e-gallery-image elementor-gallery-item__image\" data-thumbnail=\"https:\/\/stonebro.ee\/wp-content\/uploads\/2022\/09\/keraamika-keon_tulemus.webp\" data-width=\"2000\" data-height=\"889\" aria-label=\"\" role=\"img\" ><\/div>\n\t\t\t\t\t\t\t\t\t\t\t<div class=\"elementor-gallery-item__overlay\"><\/div>\n\t\t\t\t\t\t\t\t\t\t\t\t\t\t<\/a>\n\t\t\t\t\t\t\t<a class=\"e-gallery-item elementor-gallery-item elementor-animated-content\" href=\"https:\/\/stonebro.ee\/wp-content\/uploads\/2022\/09\/keraamika-laos-scaled_tulemus.webp\" data-elementor-open-lightbox=\"yes\" data-elementor-lightbox-slideshow=\"55af83e\" data-elementor-lightbox-title=\"keraamika-laos-scaled\" data-e-action-hash=\"#elementor-action%3Aaction%3Dlightbox%26settings%3DeyJpZCI6Mjg3NzEsInVybCI6Imh0dHBzOlwvXC9zdG9uZWJyby5lZVwvd3AtY29udGVudFwvdXBsb2Fkc1wvMjAyMlwvMDlcL2tlcmFhbWlrYS1sYW9zLXNjYWxlZF90dWxlbXVzLndlYnAiLCJzbGlkZXNob3ciOiI1NWFmODNlIn0%3D\">\n\t\t\t\t\t<div class=\"e-gallery-image elementor-gallery-item__image\" data-thumbnail=\"https:\/\/stonebro.ee\/wp-content\/uploads\/2022\/09\/keraamika-laos-scaled_tulemus.webp\" data-width=\"2560\" data-height=\"1143\" aria-label=\"\" role=\"img\" ><\/div>\n\t\t\t\t\t\t\t\t\t\t\t<div class=\"elementor-gallery-item__overlay\"><\/div>\n\t\t\t\t\t\t\t\t\t\t\t\t\t\t<\/a>\n\t\t\t\t\t\t\t<a class=\"e-gallery-item elementor-gallery-item elementor-animated-content\" href=\"https:\/\/stonebro.ee\/wp-content\/uploads\/2022\/09\/keraamika-laurent_tulemus.webp\" data-elementor-open-lightbox=\"yes\" data-elementor-lightbox-slideshow=\"55af83e\" data-elementor-lightbox-title=\"keraamika-laurent\" data-e-action-hash=\"#elementor-action%3Aaction%3Dlightbox%26settings%3DeyJpZCI6Mjg3NzIsInVybCI6Imh0dHBzOlwvXC9zdG9uZWJyby5lZVwvd3AtY29udGVudFwvdXBsb2Fkc1wvMjAyMlwvMDlcL2tlcmFhbWlrYS1sYXVyZW50X3R1bGVtdXMud2VicCIsInNsaWRlc2hvdyI6IjU1YWY4M2UifQ%3D%3D\">\n\t\t\t\t\t<div class=\"e-gallery-image elementor-gallery-item__image\" data-thumbnail=\"https:\/\/stonebro.ee\/wp-content\/uploads\/2022\/09\/keraamika-laurent_tulemus.webp\" data-width=\"2000\" data-height=\"866\" aria-label=\"\" role=\"img\" ><\/div>\n\t\t\t\t\t\t\t\t\t\t\t<div class=\"elementor-gallery-item__overlay\"><\/div>\n\t\t\t\t\t\t\t\t\t\t\t\t\t\t<\/a>\n\t\t\t\t\t\t\t<a class=\"e-gallery-item elementor-gallery-item elementor-animated-content\" href=\"https:\/\/stonebro.ee\/wp-content\/uploads\/2022\/09\/keraamika-rem_tulemus.webp\" data-elementor-open-lightbox=\"yes\" data-elementor-lightbox-slideshow=\"55af83e\" data-elementor-lightbox-title=\"keraamika-rem\" data-e-action-hash=\"#elementor-action%3Aaction%3Dlightbox%26settings%3DeyJpZCI6Mjg3NzMsInVybCI6Imh0dHBzOlwvXC9zdG9uZWJyby5lZVwvd3AtY29udGVudFwvdXBsb2Fkc1wvMjAyMlwvMDlcL2tlcmFhbWlrYS1yZW1fdHVsZW11cy53ZWJwIiwic2xpZGVzaG93IjoiNTVhZjgzZSJ9\">\n\t\t\t\t\t<div class=\"e-gallery-image elementor-gallery-item__image\" data-thumbnail=\"https:\/\/stonebro.ee\/wp-content\/uploads\/2022\/09\/keraamika-rem_tulemus.webp\" data-width=\"2000\" data-height=\"917\" aria-label=\"\" role=\"img\" ><\/div>\n\t\t\t\t\t\t\t\t\t\t\t<div class=\"elementor-gallery-item__overlay\"><\/div>\n\t\t\t\t\t\t\t\t\t\t\t\t\t\t<\/a>\n\t\t\t\t\t\t\t<a class=\"e-gallery-item elementor-gallery-item elementor-animated-content\" href=\"https:\/\/stonebro.ee\/wp-content\/uploads\/2022\/09\/keraamika-sirius_tulemus.webp\" data-elementor-open-lightbox=\"yes\" data-elementor-lightbox-slideshow=\"55af83e\" data-elementor-lightbox-title=\"keraamika-sirius\" data-e-action-hash=\"#elementor-action%3Aaction%3Dlightbox%26settings%3DeyJpZCI6Mjg3NzQsInVybCI6Imh0dHBzOlwvXC9zdG9uZWJyby5lZVwvd3AtY29udGVudFwvdXBsb2Fkc1wvMjAyMlwvMDlcL2tlcmFhbWlrYS1zaXJpdXNfdHVsZW11cy53ZWJwIiwic2xpZGVzaG93IjoiNTVhZjgzZSJ9\">\n\t\t\t\t\t<div class=\"e-gallery-image elementor-gallery-item__image\" data-thumbnail=\"https:\/\/stonebro.ee\/wp-content\/uploads\/2022\/09\/keraamika-sirius_tulemus.webp\" data-width=\"2000\" data-height=\"1137\" aria-label=\"\" role=\"img\" ><\/div>\n\t\t\t\t\t\t\t\t\t\t\t<div class=\"elementor-gallery-item__overlay\"><\/div>\n\t\t\t\t\t\t\t\t\t\t\t\t\t\t<\/a>\n\t\t\t\t\t\t\t<a class=\"e-gallery-item elementor-gallery-item elementor-animated-content\" href=\"https:\/\/stonebro.ee\/wp-content\/uploads\/2022\/09\/keraamika-trillium_tulemus.webp\" data-elementor-open-lightbox=\"yes\" data-elementor-lightbox-slideshow=\"55af83e\" data-elementor-lightbox-title=\"keraamika-trillium\" data-e-action-hash=\"#elementor-action%3Aaction%3Dlightbox%26settings%3DeyJpZCI6Mjg3NzUsInVybCI6Imh0dHBzOlwvXC9zdG9uZWJyby5lZVwvd3AtY29udGVudFwvdXBsb2Fkc1wvMjAyMlwvMDlcL2tlcmFhbWlrYS10cmlsbGl1bV90dWxlbXVzLndlYnAiLCJzbGlkZXNob3ciOiI1NWFmODNlIn0%3D\">\n\t\t\t\t\t<div class=\"e-gallery-image elementor-gallery-item__image\" data-thumbnail=\"https:\/\/stonebro.ee\/wp-content\/uploads\/2022\/09\/keraamika-trillium_tulemus.webp\" data-width=\"2000\" data-height=\"909\" aria-label=\"\" role=\"img\" ><\/div>\n\t\t\t\t\t\t\t\t\t\t\t<div class=\"elementor-gallery-item__overlay\"><\/div>\n\t\t\t\t\t\t\t\t\t\t\t\t\t\t<\/a>\n\t\t\t\t\t<\/div>\n\t\t\t\t\t<\/div>\n\t\t\t\t<\/div>\n\t\t\t\t<div class=\"elementor-element elementor-element-4ac4f6e elementor-widget elementor-widget-text-editor\" data-id=\"4ac4f6e\" data-element_type=\"widget\" data-e-type=\"widget\" data-widget_type=\"text-editor.default\">\n\t\t\t\t<div class=\"elementor-widget-container\">\n\t\t\t\t\t\t\t\t\t<p>Keraamiset ty\u00f6tasot valmistetaan teollisesti sekoittamalla yhteen erilaisia luonnonmateriaaleja, kuten hiekkaa, savea, maas\u00e4lp\u00e4\u00e4, v\u00e4ripigmenttej\u00e4 ja muita mineraaleja. T\u00e4m\u00e4n j\u00e4lkeen murskatut mineraalit puristetaan yhteen korkeassa paineessa, kunnes ne saavuttavat vaaditun lujuuden.<\/p><p>Tuloksena on keraaminen ty\u00f6taso, jolla on poikkeuksellisen hyv\u00e4 kest\u00e4vyys, naarmuuntumattomuus ja l\u00e4mm\u00f6nkest\u00e4vyys, eik\u00e4 se my\u00f6sk\u00e4\u00e4n ime nesteit\u00e4. Keraamiselle ty\u00f6tasolle voi siis asettaa kuumia kattiloita ja pannuja, leikata ter\u00e4vimm\u00e4ll\u00e4kin veitsell\u00e4 ilman leikkuulautaa ja valmistaa ruokaa ja nesteit\u00e4 ymp\u00e4ri ty\u00f6tasoa. Voit palauttaa kauniin ulkon\u00e4\u00f6n vain puhdistamalla ty\u00f6tason liinalla ja vedell\u00e4, ja kiilto palautuu.<\/p><p>Koska keraamiset ty\u00f6tasot kest\u00e4v\u00e4t my\u00f6s UV-s\u00e4teily\u00e4 ja pakkasta, niit\u00e4 voidaan k\u00e4ytt\u00e4\u00e4 my\u00f6s ulkona, esimerkiksi ulkokeitti\u00f6iss\u00e4.<\/p><p>Tarjoamamme keraamiset ty\u00f6tasot ovat kaikki perinteikk\u00e4it\u00e4 <a href=\"https:\/\/www.dekton.com\/\" target=\"_blank\" rel=\"noreferrer noopener\">Dekton<\/a> sarjoja, jotka takaavat korkealaatuiset keraamiset ty\u00f6tasot ja luvatun kest\u00e4vyyden.<\/p><p>Keraamisen ty\u00f6tason neli\u00f6hinta alkaa 270 eurosta ja voi nousta 650 euroon kalliimmissa ratkaisuissa.<\/p>\t\t\t\t\t\t\t\t<\/div>\n\t\t\t\t<\/div>\n\t\t\t\t\t<\/div>\n\t\t<\/div>\n\t\t\t\t\t<\/div>\n\t\t<\/section>\n\t\t\t\t<\/div>\n\t\t","protected":false},"excerpt":{"rendered":"<p>KERAAMINEN TY\u00d6TASO Keraamiset ty\u00f6tasot ovat uusimpia, nykyaikaisimpia ja varmasti kest\u00e4vimpi\u00e4 ratkaisuja. Keraamiset ty\u00f6tasot soveltuvat yht\u00e4 hyvin sis\u00e4- kuin&#8230;<\/p>\n","protected":false},"author":1,"featured_media":28752,"parent":0,"menu_order":0,"comment_status":"closed","ping_status":"closed","template":"","meta":{"_acf_changed":false,"footnotes":""},"class_list":["post-29076","page","type-page","status-publish","has-post-thumbnail","hentry"],"acf":[],"yoast_head":"<!-- This site is optimized with the Yoast SEO Premium plugin v26.8 (Yoast SEO v27.3) - https:\/\/yoast.com\/product\/yoast-seo-premium-wordpress\/ -->\n<title>Keraamiset ty\u00f6tasot - StoneBro<\/title>\n<meta name=\"description\" content=\"Keraamiset ty\u00f6tasot ovat uusimpia, nykyaikaisimpia ja varmasti kest\u00e4vimpi\u00e4 ratkaisuja. Keraaminen tasainen pinta sopii yht\u00e4 hyvin sis\u00e4- kuin ulkok\u00e4ytt\u00f6\u00f6n.\" \/>\n<meta name=\"robots\" content=\"index, follow, max-snippet:-1, max-image-preview:large, max-video-preview:-1\" \/>\n<link rel=\"canonical\" href=\"https:\/\/stonebro.ee\/keraamikast-tasapinnad\/\" \/>\n<meta property=\"og:locale\" content=\"fi_FI\" \/>\n<meta property=\"og:type\" content=\"article\" \/>\n<meta property=\"og:title\" content=\"KERAAMINEN TY\u00d6TASO\" \/>\n<meta property=\"og:description\" content=\"Keraamiset ty\u00f6tasot ovat uusimpia, nykyaikaisimpia ja varmasti kest\u00e4vimpi\u00e4 ratkaisuja. Keraaminen tasainen pinta sopii yht\u00e4 hyvin sis\u00e4- kuin ulkok\u00e4ytt\u00f6\u00f6n.\" \/>\n<meta property=\"og:url\" content=\"https:\/\/stonebro.ee\/keraamikast-tasapinnad\/\" \/>\n<meta property=\"og:site_name\" content=\"StoneBro\" \/>\n<meta property=\"article:modified_time\" content=\"2024-03-17T14:39:49+00:00\" \/>\n<meta property=\"og:image\" content=\"https:\/\/stonebro.ee\/wp-content\/uploads\/2022\/09\/keraamika-azalai-negro-natural_tulemus.webp\" \/>\n\t<meta property=\"og:image:width\" content=\"1800\" \/>\n\t<meta property=\"og:image:height\" content=\"1200\" \/>\n\t<meta property=\"og:image:type\" content=\"image\/webp\" \/>\n<meta name=\"twitter:card\" content=\"summary_large_image\" \/>\n<meta name=\"twitter:label1\" content=\"Arvioitu lukuaika\" \/>\n\t<meta name=\"twitter:data1\" content=\"1 minuutti\" \/>\n<script type=\"application\/ld+json\" class=\"yoast-schema-graph\">{\"@context\":\"https:\\\/\\\/schema.org\",\"@graph\":[{\"@type\":\"WebPage\",\"@id\":\"https:\\\/\\\/stonebro.ee\\\/keraamikast-tasapinnad\\\/\",\"url\":\"https:\\\/\\\/stonebro.ee\\\/keraamikast-tasapinnad\\\/\",\"name\":\"Keraamiset ty\u00f6tasot - StoneBro\",\"isPartOf\":{\"@id\":\"https:\\\/\\\/stonebro.ee\\\/#website\"},\"primaryImageOfPage\":{\"@id\":\"https:\\\/\\\/stonebro.ee\\\/keraamikast-tasapinnad\\\/#primaryimage\"},\"image\":{\"@id\":\"https:\\\/\\\/stonebro.ee\\\/keraamikast-tasapinnad\\\/#primaryimage\"},\"thumbnailUrl\":\"https:\\\/\\\/stonebro.ee\\\/wp-content\\\/uploads\\\/2022\\\/09\\\/keraamika-azalai-negro-natural_tulemus.webp\",\"datePublished\":\"2022-09-27T16:58:11+00:00\",\"dateModified\":\"2024-03-17T14:39:49+00:00\",\"description\":\"Keraamiset ty\u00f6tasot ovat uusimpia, nykyaikaisimpia ja varmasti kest\u00e4vimpi\u00e4 ratkaisuja. Keraaminen tasainen pinta sopii yht\u00e4 hyvin sis\u00e4- kuin ulkok\u00e4ytt\u00f6\u00f6n.\",\"breadcrumb\":{\"@id\":\"https:\\\/\\\/stonebro.ee\\\/keraamikast-tasapinnad\\\/#breadcrumb\"},\"inLanguage\":\"fi\",\"potentialAction\":[{\"@type\":\"ReadAction\",\"target\":[\"https:\\\/\\\/stonebro.ee\\\/keraamikast-tasapinnad\\\/\"]}]},{\"@type\":\"ImageObject\",\"inLanguage\":\"fi\",\"@id\":\"https:\\\/\\\/stonebro.ee\\\/keraamikast-tasapinnad\\\/#primaryimage\",\"url\":\"https:\\\/\\\/stonebro.ee\\\/wp-content\\\/uploads\\\/2022\\\/09\\\/keraamika-azalai-negro-natural_tulemus.webp\",\"contentUrl\":\"https:\\\/\\\/stonebro.ee\\\/wp-content\\\/uploads\\\/2022\\\/09\\\/keraamika-azalai-negro-natural_tulemus.webp\",\"width\":1800,\"height\":1200},{\"@type\":\"BreadcrumbList\",\"@id\":\"https:\\\/\\\/stonebro.ee\\\/keraamikast-tasapinnad\\\/#breadcrumb\",\"itemListElement\":[{\"@type\":\"ListItem\",\"position\":1,\"name\":\"Home\",\"item\":\"https:\\\/\\\/stonebro.ee\\\/fi\\\/\"},{\"@type\":\"ListItem\",\"position\":2,\"name\":\"KERAAMINEN TY\u00d6TASO\"}]},{\"@type\":\"WebSite\",\"@id\":\"https:\\\/\\\/stonebro.ee\\\/#website\",\"url\":\"https:\\\/\\\/stonebro.ee\\\/\",\"name\":\"StoneBro\",\"description\":\"T\u00f6\u00f6tasapinnad k\u00f6\u00f6ki ja vannituppa\",\"publisher\":{\"@id\":\"https:\\\/\\\/stonebro.ee\\\/#organization\"},\"potentialAction\":[{\"@type\":\"SearchAction\",\"target\":{\"@type\":\"EntryPoint\",\"urlTemplate\":\"https:\\\/\\\/stonebro.ee\\\/?s={search_term_string}\"},\"query-input\":{\"@type\":\"PropertyValueSpecification\",\"valueRequired\":true,\"valueName\":\"search_term_string\"}}],\"inLanguage\":\"fi\"},{\"@type\":\"Organization\",\"@id\":\"https:\\\/\\\/stonebro.ee\\\/#organization\",\"name\":\"StoneBro\",\"url\":\"https:\\\/\\\/stonebro.ee\\\/\",\"logo\":{\"@type\":\"ImageObject\",\"inLanguage\":\"fi\",\"@id\":\"https:\\\/\\\/stonebro.ee\\\/#\\\/schema\\\/logo\\\/image\\\/\",\"url\":\"https:\\\/\\\/stonebro.ee\\\/wp-content\\\/uploads\\\/2022\\\/09\\\/stonebro_logo_303x68_2x-removebg-preview-e1664103751982.png\",\"contentUrl\":\"https:\\\/\\\/stonebro.ee\\\/wp-content\\\/uploads\\\/2022\\\/09\\\/stonebro_logo_303x68_2x-removebg-preview-e1664103751982.png\",\"width\":200,\"height\":44,\"caption\":\"StoneBro\"},\"image\":{\"@id\":\"https:\\\/\\\/stonebro.ee\\\/#\\\/schema\\\/logo\\\/image\\\/\"}}]}<\/script>\n<!-- \/ Yoast SEO Premium plugin. -->","yoast_head_json":{"title":"Keraamiset ty\u00f6tasot - StoneBro","description":"Keraamiset ty\u00f6tasot ovat uusimpia, nykyaikaisimpia ja varmasti kest\u00e4vimpi\u00e4 ratkaisuja. Keraaminen tasainen pinta sopii yht\u00e4 hyvin sis\u00e4- kuin ulkok\u00e4ytt\u00f6\u00f6n.","robots":{"index":"index","follow":"follow","max-snippet":"max-snippet:-1","max-image-preview":"max-image-preview:large","max-video-preview":"max-video-preview:-1"},"canonical":"https:\/\/stonebro.ee\/keraamikast-tasapinnad\/","og_locale":"fi_FI","og_type":"article","og_title":"KERAAMINEN TY\u00d6TASO","og_description":"Keraamiset ty\u00f6tasot ovat uusimpia, nykyaikaisimpia ja varmasti kest\u00e4vimpi\u00e4 ratkaisuja. Keraaminen tasainen pinta sopii yht\u00e4 hyvin sis\u00e4- kuin ulkok\u00e4ytt\u00f6\u00f6n.","og_url":"https:\/\/stonebro.ee\/keraamikast-tasapinnad\/","og_site_name":"StoneBro","article_modified_time":"2024-03-17T14:39:49+00:00","og_image":[{"width":1800,"height":1200,"url":"https:\/\/stonebro.ee\/wp-content\/uploads\/2022\/09\/keraamika-azalai-negro-natural_tulemus.webp","type":"image\/webp"}],"twitter_card":"summary_large_image","twitter_misc":{"Arvioitu lukuaika":"1 minuutti"},"schema":{"@context":"https:\/\/schema.org","@graph":[{"@type":"WebPage","@id":"https:\/\/stonebro.ee\/keraamikast-tasapinnad\/","url":"https:\/\/stonebro.ee\/keraamikast-tasapinnad\/","name":"Keraamiset ty\u00f6tasot - StoneBro","isPartOf":{"@id":"https:\/\/stonebro.ee\/#website"},"primaryImageOfPage":{"@id":"https:\/\/stonebro.ee\/keraamikast-tasapinnad\/#primaryimage"},"image":{"@id":"https:\/\/stonebro.ee\/keraamikast-tasapinnad\/#primaryimage"},"thumbnailUrl":"https:\/\/stonebro.ee\/wp-content\/uploads\/2022\/09\/keraamika-azalai-negro-natural_tulemus.webp","datePublished":"2022-09-27T16:58:11+00:00","dateModified":"2024-03-17T14:39:49+00:00","description":"Keraamiset ty\u00f6tasot ovat uusimpia, nykyaikaisimpia ja varmasti kest\u00e4vimpi\u00e4 ratkaisuja. Keraaminen tasainen pinta sopii yht\u00e4 hyvin sis\u00e4- kuin ulkok\u00e4ytt\u00f6\u00f6n.","breadcrumb":{"@id":"https:\/\/stonebro.ee\/keraamikast-tasapinnad\/#breadcrumb"},"inLanguage":"fi","potentialAction":[{"@type":"ReadAction","target":["https:\/\/stonebro.ee\/keraamikast-tasapinnad\/"]}]},{"@type":"ImageObject","inLanguage":"fi","@id":"https:\/\/stonebro.ee\/keraamikast-tasapinnad\/#primaryimage","url":"https:\/\/stonebro.ee\/wp-content\/uploads\/2022\/09\/keraamika-azalai-negro-natural_tulemus.webp","contentUrl":"https:\/\/stonebro.ee\/wp-content\/uploads\/2022\/09\/keraamika-azalai-negro-natural_tulemus.webp","width":1800,"height":1200},{"@type":"BreadcrumbList","@id":"https:\/\/stonebro.ee\/keraamikast-tasapinnad\/#breadcrumb","itemListElement":[{"@type":"ListItem","position":1,"name":"Home","item":"https:\/\/stonebro.ee\/fi\/"},{"@type":"ListItem","position":2,"name":"KERAAMINEN TY\u00d6TASO"}]},{"@type":"WebSite","@id":"https:\/\/stonebro.ee\/#website","url":"https:\/\/stonebro.ee\/","name":"StoneBro","description":"T\u00f6\u00f6tasapinnad k\u00f6\u00f6ki ja vannituppa","publisher":{"@id":"https:\/\/stonebro.ee\/#organization"},"potentialAction":[{"@type":"SearchAction","target":{"@type":"EntryPoint","urlTemplate":"https:\/\/stonebro.ee\/?s={search_term_string}"},"query-input":{"@type":"PropertyValueSpecification","valueRequired":true,"valueName":"search_term_string"}}],"inLanguage":"fi"},{"@type":"Organization","@id":"https:\/\/stonebro.ee\/#organization","name":"StoneBro","url":"https:\/\/stonebro.ee\/","logo":{"@type":"ImageObject","inLanguage":"fi","@id":"https:\/\/stonebro.ee\/#\/schema\/logo\/image\/","url":"https:\/\/stonebro.ee\/wp-content\/uploads\/2022\/09\/stonebro_logo_303x68_2x-removebg-preview-e1664103751982.png","contentUrl":"https:\/\/stonebro.ee\/wp-content\/uploads\/2022\/09\/stonebro_logo_303x68_2x-removebg-preview-e1664103751982.png","width":200,"height":44,"caption":"StoneBro"},"image":{"@id":"https:\/\/stonebro.ee\/#\/schema\/logo\/image\/"}}]}},"_links":{"self":[{"href":"https:\/\/stonebro.ee\/fi\/wp-json\/wp\/v2\/pages\/29076","targetHints":{"allow":["GET"]}}],"collection":[{"href":"https:\/\/stonebro.ee\/fi\/wp-json\/wp\/v2\/pages"}],"about":[{"href":"https:\/\/stonebro.ee\/fi\/wp-json\/wp\/v2\/types\/page"}],"author":[{"embeddable":true,"href":"https:\/\/stonebro.ee\/fi\/wp-json\/wp\/v2\/users\/1"}],"replies":[{"embeddable":true,"href":"https:\/\/stonebro.ee\/fi\/wp-json\/wp\/v2\/comments?post=29076"}],"version-history":[{"count":0,"href":"https:\/\/stonebro.ee\/fi\/wp-json\/wp\/v2\/pages\/29076\/revisions"}],"wp:featuredmedia":[{"embeddable":true,"href":"https:\/\/stonebro.ee\/fi\/wp-json\/wp\/v2\/media\/28752"}],"wp:attachment":[{"href":"https:\/\/stonebro.ee\/fi\/wp-json\/wp\/v2\/media?parent=29076"}],"curies":[{"name":"wp","href":"https:\/\/api.w.org\/{rel}","templated":true}]}}