{"id":29091,"date":"2022-09-27T17:50:30","date_gmt":"2022-09-27T17:50:30","guid":{"rendered":"https:\/\/stonebro.ee\/marmorinen-tyotaso\/"},"modified":"2022-12-27T08:59:05","modified_gmt":"2022-12-27T08:59:05","slug":"marmorinen-tyotaso","status":"publish","type":"page","link":"https:\/\/stonebro.ee\/fi\/marmorinen-tyotaso\/","title":{"rendered":"MARMORINEN TY\u00d6TASO"},"content":{"rendered":"\t\t<div data-elementor-type=\"wp-page\" data-elementor-id=\"29091\" class=\"elementor elementor-29091 elementor-25866\" data-elementor-post-type=\"page\">\n\t\t\t\t\t\t<section data-particle_enable=\"false\" data-particle-mobile-disabled=\"false\" class=\"elementor-section elementor-top-section elementor-element elementor-element-1851a0e elementor-section-boxed elementor-section-height-default elementor-section-height-default neuron-fixed-no\" data-id=\"1851a0e\" data-element_type=\"section\" data-e-type=\"section\" data-settings=\"{&quot;background_background&quot;:&quot;classic&quot;}\">\n\t\t\t\t\t\t<div class=\"elementor-container elementor-column-gap-default\">\n\t\t\t\t\t<div class=\"elementor-column elementor-col-100 elementor-top-column elementor-element elementor-element-836736b\" data-id=\"836736b\" data-element_type=\"column\" data-e-type=\"column\">\n\t\t\t<div class=\"elementor-widget-wrap elementor-element-populated\">\n\t\t\t\t\t\t<div class=\"elementor-element elementor-element-0585d55 elementor-widget elementor-widget-heading\" data-id=\"0585d55\" data-element_type=\"widget\" data-e-type=\"widget\" data-widget_type=\"heading.default\">\n\t\t\t\t<div class=\"elementor-widget-container\">\n\t\t\t\t\t<h1 class=\"elementor-heading-title elementor-size-default\">MARMORINEN TY\u00d6TASO<\/h1>\t\t\t\t<\/div>\n\t\t\t\t<\/div>\n\t\t\t\t\t<\/div>\n\t\t<\/div>\n\t\t\t\t\t<\/div>\n\t\t<\/section>\n\t\t\t\t<section data-particle_enable=\"false\" data-particle-mobile-disabled=\"false\" class=\"elementor-section elementor-top-section elementor-element elementor-element-2a9dc9c elementor-section-boxed elementor-section-height-default elementor-section-height-default neuron-fixed-no\" data-id=\"2a9dc9c\" data-element_type=\"section\" data-e-type=\"section\">\n\t\t\t\t\t\t<div class=\"elementor-container elementor-column-gap-default\">\n\t\t\t\t\t<div class=\"elementor-column elementor-col-100 elementor-top-column elementor-element elementor-element-676ef57\" data-id=\"676ef57\" data-element_type=\"column\" data-e-type=\"column\">\n\t\t\t<div class=\"elementor-widget-wrap elementor-element-populated\">\n\t\t\t\t\t\t<div class=\"elementor-element elementor-element-2999d6b elementor-widget elementor-widget-text-editor\" data-id=\"2999d6b\" data-element_type=\"widget\" data-e-type=\"widget\" data-widget_type=\"text-editor.default\">\n\t\t\t\t<div class=\"elementor-widget-container\">\n\t\t\t\t\t\t\t\t\t<p>Marmoripinnat ovat todella ylellisi\u00e4 ja ajattomia. T\u00e4m\u00e4n luonnonkiven ainutlaatuiset kuviot ja monipuoliset luonnonv\u00e4rit sopivat yht\u00e4 hyvin klassiseen kuin moderniin sisustukseen. T\u00e4m\u00e4n ansiosta marmoria on k\u00e4ytetty ty\u00f6tasojen materiaalina vuosisatojen ajan, ja se on edelleen suosittua. <span style=\"color: #ffffff;\"><strong>Marmoriset ty\u00f6tasot<\/strong><\/span><\/p>\n\t\t\t\t\t\t\t\t<\/div>\n\t\t\t\t<\/div>\n\t\t\t\t<div class=\"elementor-element elementor-element-42bf8c71 elementor-widget elementor-widget-gallery\" data-id=\"42bf8c71\" data-element_type=\"widget\" data-e-type=\"widget\" data-settings=\"{&quot;gap_mobile&quot;:{&quot;unit&quot;:&quot;px&quot;,&quot;size&quot;:5,&quot;sizes&quot;:[]},&quot;gallery_layout&quot;:&quot;justified&quot;,&quot;ideal_row_height&quot;:{&quot;unit&quot;:&quot;px&quot;,&quot;size&quot;:150,&quot;sizes&quot;:[]},&quot;ideal_row_height_mobile&quot;:{&quot;unit&quot;:&quot;px&quot;,&quot;size&quot;:93,&quot;sizes&quot;:[]},&quot;lazyload&quot;:&quot;yes&quot;,&quot;ideal_row_height_tablet&quot;:{&quot;unit&quot;:&quot;px&quot;,&quot;size&quot;:150,&quot;sizes&quot;:[]},&quot;gap&quot;:{&quot;unit&quot;:&quot;px&quot;,&quot;size&quot;:10,&quot;sizes&quot;:[]},&quot;gap_tablet&quot;:{&quot;unit&quot;:&quot;px&quot;,&quot;size&quot;:10,&quot;sizes&quot;:[]},&quot;link_to&quot;:&quot;file&quot;,&quot;overlay_background&quot;:&quot;yes&quot;,&quot;content_hover_animation&quot;:&quot;fade-in&quot;}\" data-widget_type=\"gallery.default\">\n\t\t\t\t<div class=\"elementor-widget-container\">\n\t\t\t\t\t\t\t<div class=\"elementor-gallery__container\">\n\t\t\t\t\t\t\t<a class=\"e-gallery-item elementor-gallery-item elementor-animated-content\" href=\"https:\/\/stonebro.ee\/wp-content\/uploads\/2022\/09\/marmor-Azul-Valverde.webp\" data-elementor-open-lightbox=\"yes\" data-elementor-lightbox-slideshow=\"42bf8c71\" data-elementor-lightbox-title=\"marmor-Azul-Valverde\" data-e-action-hash=\"#elementor-action%3Aaction%3Dlightbox%26settings%3DeyJpZCI6Mjg4NDksInVybCI6Imh0dHBzOlwvXC9zdG9uZWJyby5lZVwvd3AtY29udGVudFwvdXBsb2Fkc1wvMjAyMlwvMDlcL21hcm1vci1BenVsLVZhbHZlcmRlLndlYnAiLCJzbGlkZXNob3ciOiI0MmJmOGM3MSJ9\">\n\t\t\t\t\t<div class=\"e-gallery-image elementor-gallery-item__image\" data-thumbnail=\"https:\/\/stonebro.ee\/wp-content\/uploads\/2022\/09\/marmor-Azul-Valverde.webp\" data-width=\"900\" data-height=\"500\" aria-label=\"\" role=\"img\" ><\/div>\n\t\t\t\t\t\t\t\t\t\t\t<div class=\"elementor-gallery-item__overlay\"><\/div>\n\t\t\t\t\t\t\t\t\t\t\t\t\t\t<\/a>\n\t\t\t\t\t\t\t<a class=\"e-gallery-item elementor-gallery-item elementor-animated-content\" href=\"https:\/\/stonebro.ee\/wp-content\/uploads\/2022\/09\/marmor-Carrara.webp\" data-elementor-open-lightbox=\"yes\" data-elementor-lightbox-slideshow=\"42bf8c71\" data-elementor-lightbox-title=\"marmor-Carrara\" data-e-action-hash=\"#elementor-action%3Aaction%3Dlightbox%26settings%3DeyJpZCI6Mjg4NTAsInVybCI6Imh0dHBzOlwvXC9zdG9uZWJyby5lZVwvd3AtY29udGVudFwvdXBsb2Fkc1wvMjAyMlwvMDlcL21hcm1vci1DYXJyYXJhLndlYnAiLCJzbGlkZXNob3ciOiI0MmJmOGM3MSJ9\">\n\t\t\t\t\t<div class=\"e-gallery-image elementor-gallery-item__image\" data-thumbnail=\"https:\/\/stonebro.ee\/wp-content\/uploads\/2022\/09\/marmor-Carrara.webp\" data-width=\"900\" data-height=\"500\" aria-label=\"\" role=\"img\" ><\/div>\n\t\t\t\t\t\t\t\t\t\t\t<div class=\"elementor-gallery-item__overlay\"><\/div>\n\t\t\t\t\t\t\t\t\t\t\t\t\t\t<\/a>\n\t\t\t\t\t\t\t<a class=\"e-gallery-item elementor-gallery-item elementor-animated-content\" href=\"https:\/\/stonebro.ee\/wp-content\/uploads\/2022\/09\/marmor-grigio-carnico.webp\" data-elementor-open-lightbox=\"yes\" data-elementor-lightbox-slideshow=\"42bf8c71\" data-elementor-lightbox-title=\"marmor-grigio-carnico\" data-e-action-hash=\"#elementor-action%3Aaction%3Dlightbox%26settings%3DeyJpZCI6Mjg4NTEsInVybCI6Imh0dHBzOlwvXC9zdG9uZWJyby5lZVwvd3AtY29udGVudFwvdXBsb2Fkc1wvMjAyMlwvMDlcL21hcm1vci1ncmlnaW8tY2Fybmljby53ZWJwIiwic2xpZGVzaG93IjoiNDJiZjhjNzEifQ%3D%3D\">\n\t\t\t\t\t<div class=\"e-gallery-image elementor-gallery-item__image\" data-thumbnail=\"https:\/\/stonebro.ee\/wp-content\/uploads\/2022\/09\/marmor-grigio-carnico.webp\" data-width=\"900\" data-height=\"500\" aria-label=\"\" role=\"img\" ><\/div>\n\t\t\t\t\t\t\t\t\t\t\t<div class=\"elementor-gallery-item__overlay\"><\/div>\n\t\t\t\t\t\t\t\t\t\t\t\t\t\t<\/a>\n\t\t\t\t\t\t\t<a class=\"e-gallery-item elementor-gallery-item elementor-animated-content\" href=\"https:\/\/stonebro.ee\/wp-content\/uploads\/2022\/09\/marmor-Jura-grey.webp\" data-elementor-open-lightbox=\"yes\" data-elementor-lightbox-slideshow=\"42bf8c71\" data-elementor-lightbox-title=\"marmor-Jura-grey\" data-e-action-hash=\"#elementor-action%3Aaction%3Dlightbox%26settings%3DeyJpZCI6Mjg4NTIsInVybCI6Imh0dHBzOlwvXC9zdG9uZWJyby5lZVwvd3AtY29udGVudFwvdXBsb2Fkc1wvMjAyMlwvMDlcL21hcm1vci1KdXJhLWdyZXkud2VicCIsInNsaWRlc2hvdyI6IjQyYmY4YzcxIn0%3D\">\n\t\t\t\t\t<div class=\"e-gallery-image elementor-gallery-item__image\" data-thumbnail=\"https:\/\/stonebro.ee\/wp-content\/uploads\/2022\/09\/marmor-Jura-grey.webp\" data-width=\"900\" data-height=\"500\" aria-label=\"\" role=\"img\" ><\/div>\n\t\t\t\t\t\t\t\t\t\t\t<div class=\"elementor-gallery-item__overlay\"><\/div>\n\t\t\t\t\t\t\t\t\t\t\t\t\t\t<\/a>\n\t\t\t\t\t\t\t<a class=\"e-gallery-item elementor-gallery-item elementor-animated-content\" href=\"https:\/\/stonebro.ee\/wp-content\/uploads\/2022\/09\/marmor-Nero-marquina.webp\" data-elementor-open-lightbox=\"yes\" data-elementor-lightbox-slideshow=\"42bf8c71\" data-elementor-lightbox-title=\"marmor-Nero-marquina\" data-e-action-hash=\"#elementor-action%3Aaction%3Dlightbox%26settings%3DeyJpZCI6Mjg4NTMsInVybCI6Imh0dHBzOlwvXC9zdG9uZWJyby5lZVwvd3AtY29udGVudFwvdXBsb2Fkc1wvMjAyMlwvMDlcL21hcm1vci1OZXJvLW1hcnF1aW5hLndlYnAiLCJzbGlkZXNob3ciOiI0MmJmOGM3MSJ9\">\n\t\t\t\t\t<div class=\"e-gallery-image elementor-gallery-item__image\" data-thumbnail=\"https:\/\/stonebro.ee\/wp-content\/uploads\/2022\/09\/marmor-Nero-marquina.webp\" data-width=\"900\" data-height=\"500\" aria-label=\"\" role=\"img\" ><\/div>\n\t\t\t\t\t\t\t\t\t\t\t<div class=\"elementor-gallery-item__overlay\"><\/div>\n\t\t\t\t\t\t\t\t\t\t\t\t\t\t<\/a>\n\t\t\t\t\t\t\t<a class=\"e-gallery-item elementor-gallery-item elementor-animated-content\" href=\"https:\/\/stonebro.ee\/wp-content\/uploads\/2022\/09\/marmor-nero-tropez.webp\" data-elementor-open-lightbox=\"yes\" data-elementor-lightbox-slideshow=\"42bf8c71\" data-elementor-lightbox-title=\"marmor-nero-tropez\" data-e-action-hash=\"#elementor-action%3Aaction%3Dlightbox%26settings%3DeyJpZCI6Mjg4NTQsInVybCI6Imh0dHBzOlwvXC9zdG9uZWJyby5lZVwvd3AtY29udGVudFwvdXBsb2Fkc1wvMjAyMlwvMDlcL21hcm1vci1uZXJvLXRyb3Blei53ZWJwIiwic2xpZGVzaG93IjoiNDJiZjhjNzEifQ%3D%3D\">\n\t\t\t\t\t<div class=\"e-gallery-image elementor-gallery-item__image\" data-thumbnail=\"https:\/\/stonebro.ee\/wp-content\/uploads\/2022\/09\/marmor-nero-tropez.webp\" data-width=\"900\" data-height=\"500\" aria-label=\"\" role=\"img\" ><\/div>\n\t\t\t\t\t\t\t\t\t\t\t<div class=\"elementor-gallery-item__overlay\"><\/div>\n\t\t\t\t\t\t\t\t\t\t\t\t\t\t<\/a>\n\t\t\t\t\t\t\t<a class=\"e-gallery-item elementor-gallery-item elementor-animated-content\" href=\"https:\/\/stonebro.ee\/wp-content\/uploads\/2022\/09\/marmor-Verde-Guatemala.webp\" data-elementor-open-lightbox=\"yes\" data-elementor-lightbox-slideshow=\"42bf8c71\" data-elementor-lightbox-title=\"marmor-Verde-Guatemala\" data-e-action-hash=\"#elementor-action%3Aaction%3Dlightbox%26settings%3DeyJpZCI6Mjg4NTUsInVybCI6Imh0dHBzOlwvXC9zdG9uZWJyby5lZVwvd3AtY29udGVudFwvdXBsb2Fkc1wvMjAyMlwvMDlcL21hcm1vci1WZXJkZS1HdWF0ZW1hbGEud2VicCIsInNsaWRlc2hvdyI6IjQyYmY4YzcxIn0%3D\">\n\t\t\t\t\t<div class=\"e-gallery-image elementor-gallery-item__image\" data-thumbnail=\"https:\/\/stonebro.ee\/wp-content\/uploads\/2022\/09\/marmor-Verde-Guatemala.webp\" data-width=\"900\" data-height=\"500\" aria-label=\"\" role=\"img\" ><\/div>\n\t\t\t\t\t\t\t\t\t\t\t<div class=\"elementor-gallery-item__overlay\"><\/div>\n\t\t\t\t\t\t\t\t\t\t\t\t\t\t<\/a>\n\t\t\t\t\t<\/div>\n\t\t\t\t\t<\/div>\n\t\t\t\t<\/div>\n\t\t\t\t\t<\/div>\n\t\t<\/div>\n\t\t\t\t\t<\/div>\n\t\t<\/section>\n\t\t\t\t<section data-particle_enable=\"false\" data-particle-mobile-disabled=\"false\" class=\"elementor-section elementor-top-section elementor-element elementor-element-d71a533 elementor-section-boxed elementor-section-height-default elementor-section-height-default neuron-fixed-no\" data-id=\"d71a533\" data-element_type=\"section\" data-e-type=\"section\">\n\t\t\t\t\t\t<div class=\"elementor-container elementor-column-gap-default\">\n\t\t\t\t\t<div class=\"elementor-column elementor-col-100 elementor-top-column elementor-element elementor-element-ee001ee\" data-id=\"ee001ee\" data-element_type=\"column\" data-e-type=\"column\">\n\t\t\t<div class=\"elementor-widget-wrap elementor-element-populated\">\n\t\t\t\t\t\t<div class=\"elementor-element elementor-element-4ac4f6e elementor-widget elementor-widget-text-editor\" data-id=\"4ac4f6e\" data-element_type=\"widget\" data-e-type=\"widget\" data-widget_type=\"text-editor.default\">\n\t\t\t\t<div class=\"elementor-widget-container\">\n\t\t\t\t\t\t\t\t\t<p><strong>Marmori<\/strong> on luonnonkivi, joka on muodostunut voimakkaan paineen ja kuumuuden vaikutuksesta tuhansien vuosien aikana. Marmorit koostuvat joko kalsiitista tai dolomiitista, ja ne voivat sis\u00e4lt\u00e4\u00e4 ep\u00e4puhtauksina kvartsia, savikive\u00e4, granaatteja, pyrokseenia, diopsidia ja serpentiini\u00e4.<\/p>\n<p>N\u00e4in ollen marmorin rakenne on huokoinen, ja kivi on suhteellisen pehme\u00e4 verrattuna muihin tasopintoihin k\u00e4ytett\u00e4viin materiaaleihin. T\u00e4m\u00e4 tarkoittaa, ett\u00e4 marmoriset ty\u00f6tasot pilaantuvat ja likaantuvat nopeammin kuin <a href=\"https:\/\/stonebro.ee\/fi\/graniitti-tyotaso\/\" data-type=\"page\" data-id=\"201\">graniitti<\/a>, <a href=\"https:\/\/stonebro.ee\/fi\/kvartsi-tyotaso\/\" data-type=\"page\" data-id=\"205\">kvartsi<\/a>, <a href=\"https:\/\/stonebro.ee\/fi\/keraaminen-tyotaso\/\" data-type=\"page\" data-id=\"208\">keramiikka<\/a> tai betonity\u00f6tasot, ja ne vaativat tihe\u00e4mp\u00e4\u00e4 puhdistusta ja huoltoa s\u00e4ilytt\u00e4\u00e4kseen kauneutensa ja ylellisyytens\u00e4.<\/p>\n<p>Marmorinen keitti\u00f6n ty\u00f6taso sopii siksi paremmin henkil\u00f6lle, joka on valmis tekem\u00e4\u00e4n ylim\u00e4\u00e4r\u00e4ist\u00e4 t\u00e4m\u00e4n ajattoman ylellisyyden s\u00e4ilytt\u00e4miseksi, tai todelliselle kokille, joka haluaa ylpe\u00e4n\u00e4 n\u00e4ytt\u00e4\u00e4 ruoanlaittoj\u00e4lkens\u00e4 ty\u00f6tasossa.<\/p>\n\t\t\t\t\t\t\t\t<\/div>\n\t\t\t\t<\/div>\n\t\t\t\t<div class=\"elementor-element elementor-element-a0067e4 elementor-widget elementor-widget-text-editor\" data-id=\"a0067e4\" data-element_type=\"widget\" data-e-type=\"widget\" data-widget_type=\"text-editor.default\">\n\t\t\t\t<div class=\"elementor-widget-container\">\n\t\t\t\t\t\t\t\t\t<p>Marmori sopii kuitenkin erinomaisesti my\u00f6s esimerkiksi kylpyhuoneen ty\u00f6tasoihin, p\u00f6yt\u00e4tasoihin tai sein\u00e4koristeisiin, sill\u00e4 marmoria vahingoittavat aineet altistavat sit\u00e4 v\u00e4hemm\u00e4n. <span style=\"color: #ffffff;\"><a style=\"color: #ffffff;\" href=\"https:\/\/kodulehed.eu\" target=\"_blank\" rel=\"noopener\">Kotisivujen tekeminen<\/a><\/span><\/p>\n<p>On kuitenkin muistettava, ett\u00e4 marmori imee suhteellisen helposti nesteit\u00e4 ja reagoi hyvin happojen kanssa, joten v\u00e4lt\u00e4 kosketusta esimerkiksi happamien puhdistusaineiden ja hedelmien, punaviinin, mehujen, teen ja kahvin sek\u00e4 erilaisten \u00f6ljyjen kanssa. Kaikki n\u00e4m\u00e4 voivat vahingoittaa marmorin pintaa ja muuttaa sen v\u00e4ri\u00e4.<\/p>\n<p>Onneksi marmoripinnoille on nyky\u00e4\u00e4n tarjolla laaja valikoima erilaisia puhdistus- ja hoitotuotteita, jotka helpottavat ty\u00f6tason huoltoa ja my\u00f6s t\u00e4ytt\u00e4v\u00e4t marmorin huokoisen rakenteen. Ne vaativat kuitenkin my\u00f6s s\u00e4\u00e4nn\u00f6llist\u00e4 huoltoa.<\/p>\n<p>Sen oikukkaasta luonteesta huolimatta marmori on edelleen klassinen ylellisyys, jonka ulkon\u00e4k\u00f6 on vertaansa vailla.<\/p>\n<p>Marmorisen ty\u00f6tason neli\u00f6metrihinta alkaa 180 eurosta ja voi nousta 250 euroon, kun kyseess\u00e4 on hienompi marmori.<\/p>\n\t\t\t\t\t\t\t\t<\/div>\n\t\t\t\t<\/div>\n\t\t\t\t\t<\/div>\n\t\t<\/div>\n\t\t\t\t\t<\/div>\n\t\t<\/section>\n\t\t\t\t<\/div>\n\t\t","protected":false},"excerpt":{"rendered":"<p>MARMORINEN TY\u00d6TASO Marmoripinnat ovat todella ylellisi\u00e4 ja ajattomia. T\u00e4m\u00e4n luonnonkiven ainutlaatuiset kuviot ja monipuoliset luonnonv\u00e4rit sopivat yht\u00e4 hyvin&#8230;<\/p>\n","protected":false},"author":1,"featured_media":28851,"parent":0,"menu_order":0,"comment_status":"closed","ping_status":"closed","template":"","meta":{"_acf_changed":false,"footnotes":""},"class_list":["post-29091","page","type-page","status-publish","has-post-thumbnail","hentry"],"acf":[],"yoast_head":"<!-- This site is optimized with the Yoast SEO Premium plugin v26.8 (Yoast SEO v27.3) - https:\/\/yoast.com\/product\/yoast-seo-premium-wordpress\/ -->\n<title>Marmoriset ty\u00f6tasot - StoneBro<\/title>\n<meta name=\"description\" content=\"Marmoripinnat ovat todella ylellisi\u00e4 ja ajattomia. T\u00e4m\u00e4n luonnonkiven ainutlaatuiset kuviot ja monipuoliset luonnonv\u00e4rit sopivat yht\u00e4 hyvin klassiseen kuin moderniin sisustukseen.\" \/>\n<meta name=\"robots\" content=\"index, follow, max-snippet:-1, max-image-preview:large, max-video-preview:-1\" \/>\n<link rel=\"canonical\" href=\"https:\/\/stonebro.ee\/fi\/marmorinen-tyotaso\/\" \/>\n<meta property=\"og:locale\" content=\"fi_FI\" \/>\n<meta property=\"og:type\" content=\"article\" \/>\n<meta property=\"og:title\" content=\"Marmoriset ty\u00f6tasot - StoneBro\" \/>\n<meta property=\"og:description\" content=\"Marmoripinnat ovat todella ylellisi\u00e4 ja ajattomia. T\u00e4m\u00e4n luonnonkiven ainutlaatuiset kuviot ja monipuoliset luonnonv\u00e4rit sopivat yht\u00e4 hyvin klassiseen kuin moderniin sisustukseen.\" \/>\n<meta property=\"og:url\" content=\"https:\/\/stonebro.ee\/fi\/marmorinen-tyotaso\/\" \/>\n<meta property=\"og:site_name\" content=\"StoneBro\" \/>\n<meta property=\"article:modified_time\" content=\"2022-12-27T08:59:05+00:00\" \/>\n<meta property=\"og:image\" content=\"https:\/\/stonebro.ee\/wp-content\/uploads\/2022\/09\/marmor-grigio-carnico.webp\" \/>\n\t<meta property=\"og:image:width\" content=\"900\" \/>\n\t<meta property=\"og:image:height\" content=\"500\" \/>\n\t<meta property=\"og:image:type\" content=\"image\/webp\" \/>\n<meta name=\"twitter:card\" content=\"summary_large_image\" \/>\n<meta name=\"twitter:title\" content=\"MARMORINEN TY\u00d6TASO\" \/>\n<meta name=\"twitter:label1\" content=\"Arvioitu lukuaika\" \/>\n\t<meta name=\"twitter:data1\" content=\"2 minuuttia\" \/>\n<script type=\"application\/ld+json\" class=\"yoast-schema-graph\">{\"@context\":\"https:\\\/\\\/schema.org\",\"@graph\":[{\"@type\":\"WebPage\",\"@id\":\"https:\\\/\\\/stonebro.ee\\\/fi\\\/marmorinen-tyotaso\\\/\",\"url\":\"https:\\\/\\\/stonebro.ee\\\/fi\\\/marmorinen-tyotaso\\\/\",\"name\":\"Marmoriset ty\u00f6tasot - StoneBro\",\"isPartOf\":{\"@id\":\"https:\\\/\\\/stonebro.ee\\\/#website\"},\"primaryImageOfPage\":{\"@id\":\"https:\\\/\\\/stonebro.ee\\\/fi\\\/marmorinen-tyotaso\\\/#primaryimage\"},\"image\":{\"@id\":\"https:\\\/\\\/stonebro.ee\\\/fi\\\/marmorinen-tyotaso\\\/#primaryimage\"},\"thumbnailUrl\":\"https:\\\/\\\/stonebro.ee\\\/wp-content\\\/uploads\\\/2022\\\/09\\\/marmor-grigio-carnico.webp\",\"datePublished\":\"2022-09-27T17:50:30+00:00\",\"dateModified\":\"2022-12-27T08:59:05+00:00\",\"description\":\"Marmoripinnat ovat todella ylellisi\u00e4 ja ajattomia. T\u00e4m\u00e4n luonnonkiven ainutlaatuiset kuviot ja monipuoliset luonnonv\u00e4rit sopivat yht\u00e4 hyvin klassiseen kuin moderniin sisustukseen.\",\"breadcrumb\":{\"@id\":\"https:\\\/\\\/stonebro.ee\\\/fi\\\/marmorinen-tyotaso\\\/#breadcrumb\"},\"inLanguage\":\"fi\",\"potentialAction\":[{\"@type\":\"ReadAction\",\"target\":[\"https:\\\/\\\/stonebro.ee\\\/fi\\\/marmorinen-tyotaso\\\/\"]}]},{\"@type\":\"ImageObject\",\"inLanguage\":\"fi\",\"@id\":\"https:\\\/\\\/stonebro.ee\\\/fi\\\/marmorinen-tyotaso\\\/#primaryimage\",\"url\":\"https:\\\/\\\/stonebro.ee\\\/wp-content\\\/uploads\\\/2022\\\/09\\\/marmor-grigio-carnico.webp\",\"contentUrl\":\"https:\\\/\\\/stonebro.ee\\\/wp-content\\\/uploads\\\/2022\\\/09\\\/marmor-grigio-carnico.webp\",\"width\":900,\"height\":500},{\"@type\":\"BreadcrumbList\",\"@id\":\"https:\\\/\\\/stonebro.ee\\\/fi\\\/marmorinen-tyotaso\\\/#breadcrumb\",\"itemListElement\":[{\"@type\":\"ListItem\",\"position\":1,\"name\":\"Home\",\"item\":\"https:\\\/\\\/stonebro.ee\\\/fi\\\/\"},{\"@type\":\"ListItem\",\"position\":2,\"name\":\"MARMORINEN TY\u00d6TASO\"}]},{\"@type\":\"WebSite\",\"@id\":\"https:\\\/\\\/stonebro.ee\\\/#website\",\"url\":\"https:\\\/\\\/stonebro.ee\\\/\",\"name\":\"StoneBro\",\"description\":\"T\u00f6\u00f6tasapinnad k\u00f6\u00f6ki ja vannituppa\",\"publisher\":{\"@id\":\"https:\\\/\\\/stonebro.ee\\\/#organization\"},\"potentialAction\":[{\"@type\":\"SearchAction\",\"target\":{\"@type\":\"EntryPoint\",\"urlTemplate\":\"https:\\\/\\\/stonebro.ee\\\/?s={search_term_string}\"},\"query-input\":{\"@type\":\"PropertyValueSpecification\",\"valueRequired\":true,\"valueName\":\"search_term_string\"}}],\"inLanguage\":\"fi\"},{\"@type\":\"Organization\",\"@id\":\"https:\\\/\\\/stonebro.ee\\\/#organization\",\"name\":\"StoneBro\",\"url\":\"https:\\\/\\\/stonebro.ee\\\/\",\"logo\":{\"@type\":\"ImageObject\",\"inLanguage\":\"fi\",\"@id\":\"https:\\\/\\\/stonebro.ee\\\/#\\\/schema\\\/logo\\\/image\\\/\",\"url\":\"https:\\\/\\\/stonebro.ee\\\/wp-content\\\/uploads\\\/2022\\\/09\\\/stonebro_logo_303x68_2x-removebg-preview-e1664103751982.png\",\"contentUrl\":\"https:\\\/\\\/stonebro.ee\\\/wp-content\\\/uploads\\\/2022\\\/09\\\/stonebro_logo_303x68_2x-removebg-preview-e1664103751982.png\",\"width\":200,\"height\":44,\"caption\":\"StoneBro\"},\"image\":{\"@id\":\"https:\\\/\\\/stonebro.ee\\\/#\\\/schema\\\/logo\\\/image\\\/\"}}]}<\/script>\n<!-- \/ Yoast SEO Premium plugin. -->","yoast_head_json":{"title":"Marmoriset ty\u00f6tasot - StoneBro","description":"Marmoripinnat ovat todella ylellisi\u00e4 ja ajattomia. T\u00e4m\u00e4n luonnonkiven ainutlaatuiset kuviot ja monipuoliset luonnonv\u00e4rit sopivat yht\u00e4 hyvin klassiseen kuin moderniin sisustukseen.","robots":{"index":"index","follow":"follow","max-snippet":"max-snippet:-1","max-image-preview":"max-image-preview:large","max-video-preview":"max-video-preview:-1"},"canonical":"https:\/\/stonebro.ee\/fi\/marmorinen-tyotaso\/","og_locale":"fi_FI","og_type":"article","og_title":"Marmoriset ty\u00f6tasot - StoneBro","og_description":"Marmoripinnat ovat todella ylellisi\u00e4 ja ajattomia. T\u00e4m\u00e4n luonnonkiven ainutlaatuiset kuviot ja monipuoliset luonnonv\u00e4rit sopivat yht\u00e4 hyvin klassiseen kuin moderniin sisustukseen.","og_url":"https:\/\/stonebro.ee\/fi\/marmorinen-tyotaso\/","og_site_name":"StoneBro","article_modified_time":"2022-12-27T08:59:05+00:00","og_image":[{"width":900,"height":500,"url":"https:\/\/stonebro.ee\/wp-content\/uploads\/2022\/09\/marmor-grigio-carnico.webp","type":"image\/webp"}],"twitter_card":"summary_large_image","twitter_title":"MARMORINEN TY\u00d6TASO","twitter_misc":{"Arvioitu lukuaika":"2 minuuttia"},"schema":{"@context":"https:\/\/schema.org","@graph":[{"@type":"WebPage","@id":"https:\/\/stonebro.ee\/fi\/marmorinen-tyotaso\/","url":"https:\/\/stonebro.ee\/fi\/marmorinen-tyotaso\/","name":"Marmoriset ty\u00f6tasot - StoneBro","isPartOf":{"@id":"https:\/\/stonebro.ee\/#website"},"primaryImageOfPage":{"@id":"https:\/\/stonebro.ee\/fi\/marmorinen-tyotaso\/#primaryimage"},"image":{"@id":"https:\/\/stonebro.ee\/fi\/marmorinen-tyotaso\/#primaryimage"},"thumbnailUrl":"https:\/\/stonebro.ee\/wp-content\/uploads\/2022\/09\/marmor-grigio-carnico.webp","datePublished":"2022-09-27T17:50:30+00:00","dateModified":"2022-12-27T08:59:05+00:00","description":"Marmoripinnat ovat todella ylellisi\u00e4 ja ajattomia. T\u00e4m\u00e4n luonnonkiven ainutlaatuiset kuviot ja monipuoliset luonnonv\u00e4rit sopivat yht\u00e4 hyvin klassiseen kuin moderniin sisustukseen.","breadcrumb":{"@id":"https:\/\/stonebro.ee\/fi\/marmorinen-tyotaso\/#breadcrumb"},"inLanguage":"fi","potentialAction":[{"@type":"ReadAction","target":["https:\/\/stonebro.ee\/fi\/marmorinen-tyotaso\/"]}]},{"@type":"ImageObject","inLanguage":"fi","@id":"https:\/\/stonebro.ee\/fi\/marmorinen-tyotaso\/#primaryimage","url":"https:\/\/stonebro.ee\/wp-content\/uploads\/2022\/09\/marmor-grigio-carnico.webp","contentUrl":"https:\/\/stonebro.ee\/wp-content\/uploads\/2022\/09\/marmor-grigio-carnico.webp","width":900,"height":500},{"@type":"BreadcrumbList","@id":"https:\/\/stonebro.ee\/fi\/marmorinen-tyotaso\/#breadcrumb","itemListElement":[{"@type":"ListItem","position":1,"name":"Home","item":"https:\/\/stonebro.ee\/fi\/"},{"@type":"ListItem","position":2,"name":"MARMORINEN TY\u00d6TASO"}]},{"@type":"WebSite","@id":"https:\/\/stonebro.ee\/#website","url":"https:\/\/stonebro.ee\/","name":"StoneBro","description":"T\u00f6\u00f6tasapinnad k\u00f6\u00f6ki ja vannituppa","publisher":{"@id":"https:\/\/stonebro.ee\/#organization"},"potentialAction":[{"@type":"SearchAction","target":{"@type":"EntryPoint","urlTemplate":"https:\/\/stonebro.ee\/?s={search_term_string}"},"query-input":{"@type":"PropertyValueSpecification","valueRequired":true,"valueName":"search_term_string"}}],"inLanguage":"fi"},{"@type":"Organization","@id":"https:\/\/stonebro.ee\/#organization","name":"StoneBro","url":"https:\/\/stonebro.ee\/","logo":{"@type":"ImageObject","inLanguage":"fi","@id":"https:\/\/stonebro.ee\/#\/schema\/logo\/image\/","url":"https:\/\/stonebro.ee\/wp-content\/uploads\/2022\/09\/stonebro_logo_303x68_2x-removebg-preview-e1664103751982.png","contentUrl":"https:\/\/stonebro.ee\/wp-content\/uploads\/2022\/09\/stonebro_logo_303x68_2x-removebg-preview-e1664103751982.png","width":200,"height":44,"caption":"StoneBro"},"image":{"@id":"https:\/\/stonebro.ee\/#\/schema\/logo\/image\/"}}]}},"_links":{"self":[{"href":"https:\/\/stonebro.ee\/fi\/wp-json\/wp\/v2\/pages\/29091","targetHints":{"allow":["GET"]}}],"collection":[{"href":"https:\/\/stonebro.ee\/fi\/wp-json\/wp\/v2\/pages"}],"about":[{"href":"https:\/\/stonebro.ee\/fi\/wp-json\/wp\/v2\/types\/page"}],"author":[{"embeddable":true,"href":"https:\/\/stonebro.ee\/fi\/wp-json\/wp\/v2\/users\/1"}],"replies":[{"embeddable":true,"href":"https:\/\/stonebro.ee\/fi\/wp-json\/wp\/v2\/comments?post=29091"}],"version-history":[{"count":0,"href":"https:\/\/stonebro.ee\/fi\/wp-json\/wp\/v2\/pages\/29091\/revisions"}],"wp:featuredmedia":[{"embeddable":true,"href":"https:\/\/stonebro.ee\/fi\/wp-json\/wp\/v2\/media\/28851"}],"wp:attachment":[{"href":"https:\/\/stonebro.ee\/fi\/wp-json\/wp\/v2\/media?parent=29091"}],"curies":[{"name":"wp","href":"https:\/\/api.w.org\/{rel}","templated":true}]}}