{"id":27379,"date":"2022-09-27T17:50:30","date_gmt":"2022-09-27T17:50:30","guid":{"rendered":"https:\/\/bro.stonebro.ee\/bankskivor-i-marmor\/"},"modified":"2025-10-25T07:21:33","modified_gmt":"2025-10-25T07:21:33","slug":"bankskivor-i-marmor","status":"publish","type":"page","link":"https:\/\/stonebro.ee\/sv\/bankskivor-i-marmor\/","title":{"rendered":"B\u00c4NKSKIVOR I MARMOR"},"content":{"rendered":"\t\t<div data-elementor-type=\"wp-page\" data-elementor-id=\"27379\" class=\"elementor elementor-27379 elementor-25866\" data-elementor-post-type=\"page\">\n\t\t\t\t\t\t<section data-particle_enable=\"false\" data-particle-mobile-disabled=\"false\" class=\"elementor-section elementor-top-section elementor-element elementor-element-1851a0e elementor-section-boxed elementor-section-height-default elementor-section-height-default neuron-fixed-no\" data-id=\"1851a0e\" data-element_type=\"section\" data-e-type=\"section\" data-settings=\"{&quot;background_background&quot;:&quot;classic&quot;}\">\n\t\t\t\t\t\t<div class=\"elementor-container elementor-column-gap-default\">\n\t\t\t\t\t<div class=\"elementor-column elementor-col-100 elementor-top-column elementor-element elementor-element-836736b\" data-id=\"836736b\" data-element_type=\"column\" data-e-type=\"column\">\n\t\t\t<div class=\"elementor-widget-wrap elementor-element-populated\">\n\t\t\t\t\t\t<div class=\"elementor-element elementor-element-0585d55 elementor-widget elementor-widget-heading\" data-id=\"0585d55\" data-element_type=\"widget\" data-e-type=\"widget\" data-widget_type=\"heading.default\">\n\t\t\t\t<div class=\"elementor-widget-container\">\n\t\t\t\t\t<h1 class=\"elementor-heading-title elementor-size-default\">B\u00c4NKSKIVOR I MARMOR<\/h1>\t\t\t\t<\/div>\n\t\t\t\t<\/div>\n\t\t\t\t\t<\/div>\n\t\t<\/div>\n\t\t\t\t\t<\/div>\n\t\t<\/section>\n\t\t\t\t<section data-particle_enable=\"false\" data-particle-mobile-disabled=\"false\" class=\"elementor-section elementor-top-section elementor-element elementor-element-2a9dc9c elementor-section-boxed elementor-section-height-default elementor-section-height-default neuron-fixed-no\" data-id=\"2a9dc9c\" data-element_type=\"section\" data-e-type=\"section\">\n\t\t\t\t\t\t<div class=\"elementor-container elementor-column-gap-default\">\n\t\t\t\t\t<div class=\"elementor-column elementor-col-100 elementor-top-column elementor-element elementor-element-676ef57\" data-id=\"676ef57\" data-element_type=\"column\" data-e-type=\"column\">\n\t\t\t<div class=\"elementor-widget-wrap elementor-element-populated\">\n\t\t\t\t\t\t<div class=\"elementor-element elementor-element-2999d6b elementor-widget elementor-widget-text-editor\" data-id=\"2999d6b\" data-element_type=\"widget\" data-e-type=\"widget\" data-widget_type=\"text-editor.default\">\n\t\t\t\t<div class=\"elementor-widget-container\">\n\t\t\t\t\t\t\t\t\t<p>Marmor \u00e4r \u00e4lskat som ett tidl\u00f6st och klassiskt material, som tillf\u00f6r en ton av lyx till alla rum. Det \u00e4r ett av de mest s\u00e5lda materialen i Sverige. Liksom sn\u00f6flingor och fingeravtryck \u00e4r inga tv\u00e5 marmorskivor den andra lik: dess \u00e5dring, bildad av mineralavlagringar, g\u00f6r den unik, bit till bit. Man kan vara s\u00e4kert att en har unika stenskivor.<\/p>\n\t\t\t\t\t\t\t\t<\/div>\n\t\t\t\t<\/div>\n\t\t\t\t<div class=\"elementor-element elementor-element-42bf8c71 elementor-widget elementor-widget-gallery\" data-id=\"42bf8c71\" data-element_type=\"widget\" data-e-type=\"widget\" data-settings=\"{&quot;gap_mobile&quot;:{&quot;unit&quot;:&quot;px&quot;,&quot;size&quot;:5,&quot;sizes&quot;:[]},&quot;gallery_layout&quot;:&quot;justified&quot;,&quot;ideal_row_height&quot;:{&quot;unit&quot;:&quot;px&quot;,&quot;size&quot;:150,&quot;sizes&quot;:[]},&quot;ideal_row_height_mobile&quot;:{&quot;unit&quot;:&quot;px&quot;,&quot;size&quot;:93,&quot;sizes&quot;:[]},&quot;lazyload&quot;:&quot;yes&quot;,&quot;ideal_row_height_tablet&quot;:{&quot;unit&quot;:&quot;px&quot;,&quot;size&quot;:150,&quot;sizes&quot;:[]},&quot;gap&quot;:{&quot;unit&quot;:&quot;px&quot;,&quot;size&quot;:10,&quot;sizes&quot;:[]},&quot;gap_tablet&quot;:{&quot;unit&quot;:&quot;px&quot;,&quot;size&quot;:10,&quot;sizes&quot;:[]},&quot;link_to&quot;:&quot;file&quot;,&quot;overlay_background&quot;:&quot;yes&quot;,&quot;content_hover_animation&quot;:&quot;fade-in&quot;}\" data-widget_type=\"gallery.default\">\n\t\t\t\t<div class=\"elementor-widget-container\">\n\t\t\t\t\t\t\t<div class=\"elementor-gallery__container\">\n\t\t\t\t\t\t\t<a class=\"e-gallery-item elementor-gallery-item elementor-animated-content\" href=\"https:\/\/stonebro.ee\/wp-content\/uploads\/2022\/09\/marmor-Azul-Valverde.webp\" data-elementor-open-lightbox=\"yes\" data-elementor-lightbox-slideshow=\"42bf8c71\" data-elementor-lightbox-title=\"marmor-Azul-Valverde\" data-e-action-hash=\"#elementor-action%3Aaction%3Dlightbox%26settings%3DeyJpZCI6MjcyMzQsInVybCI6Imh0dHBzOlwvXC9zdG9uZWJyby5lZVwvd3AtY29udGVudFwvdXBsb2Fkc1wvMjAyMlwvMDlcL21hcm1vci1BenVsLVZhbHZlcmRlLndlYnAiLCJzbGlkZXNob3ciOiI0MmJmOGM3MSJ9\">\n\t\t\t\t\t<div class=\"e-gallery-image elementor-gallery-item__image\" data-thumbnail=\"https:\/\/stonebro.ee\/wp-content\/uploads\/2022\/09\/marmor-Azul-Valverde.webp\" data-width=\"900\" data-height=\"500\" aria-label=\"\" role=\"img\" ><\/div>\n\t\t\t\t\t\t\t\t\t\t\t<div class=\"elementor-gallery-item__overlay\"><\/div>\n\t\t\t\t\t\t\t\t\t\t\t\t\t\t<\/a>\n\t\t\t\t\t\t\t<a class=\"e-gallery-item elementor-gallery-item elementor-animated-content\" href=\"https:\/\/stonebro.ee\/wp-content\/uploads\/2022\/09\/marmor-Carrara.webp\" data-elementor-open-lightbox=\"yes\" data-elementor-lightbox-slideshow=\"42bf8c71\" data-elementor-lightbox-title=\"marmor-Carrara\" data-e-action-hash=\"#elementor-action%3Aaction%3Dlightbox%26settings%3DeyJpZCI6MjcyMzYsInVybCI6Imh0dHBzOlwvXC9zdG9uZWJyby5lZVwvd3AtY29udGVudFwvdXBsb2Fkc1wvMjAyMlwvMDlcL21hcm1vci1DYXJyYXJhLndlYnAiLCJzbGlkZXNob3ciOiI0MmJmOGM3MSJ9\">\n\t\t\t\t\t<div class=\"e-gallery-image elementor-gallery-item__image\" data-thumbnail=\"https:\/\/stonebro.ee\/wp-content\/uploads\/2022\/09\/marmor-Carrara.webp\" data-width=\"900\" data-height=\"500\" aria-label=\"\" role=\"img\" ><\/div>\n\t\t\t\t\t\t\t\t\t\t\t<div class=\"elementor-gallery-item__overlay\"><\/div>\n\t\t\t\t\t\t\t\t\t\t\t\t\t\t<\/a>\n\t\t\t\t\t\t\t<a class=\"e-gallery-item elementor-gallery-item elementor-animated-content\" href=\"https:\/\/stonebro.ee\/wp-content\/uploads\/2022\/09\/marmor-grigio-carnico.webp\" data-elementor-open-lightbox=\"yes\" data-elementor-lightbox-slideshow=\"42bf8c71\" data-elementor-lightbox-title=\"marmor-grigio-carnico\" data-e-action-hash=\"#elementor-action%3Aaction%3Dlightbox%26settings%3DeyJpZCI6MjcyMzgsInVybCI6Imh0dHBzOlwvXC9zdG9uZWJyby5lZVwvd3AtY29udGVudFwvdXBsb2Fkc1wvMjAyMlwvMDlcL21hcm1vci1ncmlnaW8tY2Fybmljby53ZWJwIiwic2xpZGVzaG93IjoiNDJiZjhjNzEifQ%3D%3D\">\n\t\t\t\t\t<div class=\"e-gallery-image elementor-gallery-item__image\" data-thumbnail=\"https:\/\/stonebro.ee\/wp-content\/uploads\/2022\/09\/marmor-grigio-carnico.webp\" data-width=\"900\" data-height=\"500\" aria-label=\"Marmorist t\u00f6\u00f6tasapinnad\" role=\"img\" ><\/div>\n\t\t\t\t\t\t\t\t\t\t\t<div class=\"elementor-gallery-item__overlay\"><\/div>\n\t\t\t\t\t\t\t\t\t\t\t\t\t\t<\/a>\n\t\t\t\t\t\t\t<a class=\"e-gallery-item elementor-gallery-item elementor-animated-content\" href=\"https:\/\/stonebro.ee\/wp-content\/uploads\/2022\/09\/marmor-Jura-grey.webp\" data-elementor-open-lightbox=\"yes\" data-elementor-lightbox-slideshow=\"42bf8c71\" data-elementor-lightbox-title=\"marmor-Jura-grey\" data-e-action-hash=\"#elementor-action%3Aaction%3Dlightbox%26settings%3DeyJpZCI6MjcyNDAsInVybCI6Imh0dHBzOlwvXC9zdG9uZWJyby5lZVwvd3AtY29udGVudFwvdXBsb2Fkc1wvMjAyMlwvMDlcL21hcm1vci1KdXJhLWdyZXkud2VicCIsInNsaWRlc2hvdyI6IjQyYmY4YzcxIn0%3D\">\n\t\t\t\t\t<div class=\"e-gallery-image elementor-gallery-item__image\" data-thumbnail=\"https:\/\/stonebro.ee\/wp-content\/uploads\/2022\/09\/marmor-Jura-grey.webp\" data-width=\"900\" data-height=\"500\" aria-label=\"\" role=\"img\" ><\/div>\n\t\t\t\t\t\t\t\t\t\t\t<div class=\"elementor-gallery-item__overlay\"><\/div>\n\t\t\t\t\t\t\t\t\t\t\t\t\t\t<\/a>\n\t\t\t\t\t\t\t<a class=\"e-gallery-item elementor-gallery-item elementor-animated-content\" href=\"https:\/\/stonebro.ee\/wp-content\/uploads\/2022\/09\/marmor-Nero-marquina.webp\" data-elementor-open-lightbox=\"yes\" data-elementor-lightbox-slideshow=\"42bf8c71\" data-elementor-lightbox-title=\"marmor-Nero-marquina\" data-e-action-hash=\"#elementor-action%3Aaction%3Dlightbox%26settings%3DeyJpZCI6MjcyNDIsInVybCI6Imh0dHBzOlwvXC9zdG9uZWJyby5lZVwvd3AtY29udGVudFwvdXBsb2Fkc1wvMjAyMlwvMDlcL21hcm1vci1OZXJvLW1hcnF1aW5hLndlYnAiLCJzbGlkZXNob3ciOiI0MmJmOGM3MSJ9\">\n\t\t\t\t\t<div class=\"e-gallery-image elementor-gallery-item__image\" data-thumbnail=\"https:\/\/stonebro.ee\/wp-content\/uploads\/2022\/09\/marmor-Nero-marquina.webp\" data-width=\"900\" data-height=\"500\" aria-label=\"\" role=\"img\" ><\/div>\n\t\t\t\t\t\t\t\t\t\t\t<div class=\"elementor-gallery-item__overlay\"><\/div>\n\t\t\t\t\t\t\t\t\t\t\t\t\t\t<\/a>\n\t\t\t\t\t\t\t<a class=\"e-gallery-item elementor-gallery-item elementor-animated-content\" href=\"https:\/\/stonebro.ee\/wp-content\/uploads\/2022\/09\/marmor-nero-tropez.webp\" data-elementor-open-lightbox=\"yes\" data-elementor-lightbox-slideshow=\"42bf8c71\" data-elementor-lightbox-title=\"marmor-nero-tropez\" data-e-action-hash=\"#elementor-action%3Aaction%3Dlightbox%26settings%3DeyJpZCI6MjcyNDQsInVybCI6Imh0dHBzOlwvXC9zdG9uZWJyby5lZVwvd3AtY29udGVudFwvdXBsb2Fkc1wvMjAyMlwvMDlcL21hcm1vci1uZXJvLXRyb3Blei53ZWJwIiwic2xpZGVzaG93IjoiNDJiZjhjNzEifQ%3D%3D\">\n\t\t\t\t\t<div class=\"e-gallery-image elementor-gallery-item__image\" data-thumbnail=\"https:\/\/stonebro.ee\/wp-content\/uploads\/2022\/09\/marmor-nero-tropez.webp\" data-width=\"900\" data-height=\"500\" aria-label=\"\" role=\"img\" ><\/div>\n\t\t\t\t\t\t\t\t\t\t\t<div class=\"elementor-gallery-item__overlay\"><\/div>\n\t\t\t\t\t\t\t\t\t\t\t\t\t\t<\/a>\n\t\t\t\t\t\t\t<a class=\"e-gallery-item elementor-gallery-item elementor-animated-content\" href=\"https:\/\/stonebro.ee\/wp-content\/uploads\/2022\/09\/marmor-Verde-Guatemala.webp\" data-elementor-open-lightbox=\"yes\" data-elementor-lightbox-slideshow=\"42bf8c71\" data-elementor-lightbox-title=\"marmor-Verde-Guatemala\" data-e-action-hash=\"#elementor-action%3Aaction%3Dlightbox%26settings%3DeyJpZCI6MjcyNDYsInVybCI6Imh0dHBzOlwvXC9zdG9uZWJyby5lZVwvd3AtY29udGVudFwvdXBsb2Fkc1wvMjAyMlwvMDlcL21hcm1vci1WZXJkZS1HdWF0ZW1hbGEud2VicCIsInNsaWRlc2hvdyI6IjQyYmY4YzcxIn0%3D\">\n\t\t\t\t\t<div class=\"e-gallery-image elementor-gallery-item__image\" data-thumbnail=\"https:\/\/stonebro.ee\/wp-content\/uploads\/2022\/09\/marmor-Verde-Guatemala.webp\" data-width=\"900\" data-height=\"500\" aria-label=\"\" role=\"img\" ><\/div>\n\t\t\t\t\t\t\t\t\t\t\t<div class=\"elementor-gallery-item__overlay\"><\/div>\n\t\t\t\t\t\t\t\t\t\t\t\t\t\t<\/a>\n\t\t\t\t\t<\/div>\n\t\t\t\t\t<\/div>\n\t\t\t\t<\/div>\n\t\t\t\t\t<\/div>\n\t\t<\/div>\n\t\t\t\t\t<\/div>\n\t\t<\/section>\n\t\t\t\t<section data-particle_enable=\"false\" data-particle-mobile-disabled=\"false\" class=\"elementor-section elementor-top-section elementor-element elementor-element-d71a533 elementor-section-boxed elementor-section-height-default elementor-section-height-default neuron-fixed-no\" data-id=\"d71a533\" data-element_type=\"section\" data-e-type=\"section\">\n\t\t\t\t\t\t<div class=\"elementor-container elementor-column-gap-default\">\n\t\t\t\t\t<div class=\"elementor-column elementor-col-100 elementor-top-column elementor-element elementor-element-ee001ee\" data-id=\"ee001ee\" data-element_type=\"column\" data-e-type=\"column\">\n\t\t\t<div class=\"elementor-widget-wrap elementor-element-populated\">\n\t\t\t\t\t\t<div class=\"elementor-element elementor-element-4ac4f6e elementor-widget elementor-widget-text-editor\" data-id=\"4ac4f6e\" data-element_type=\"widget\" data-e-type=\"widget\" data-widget_type=\"text-editor.default\">\n\t\t\t\t<div class=\"elementor-widget-container\">\n\t\t\t\t\t\t\t\t\t<p><strong>Bland marmor<\/strong> alternativen tar vit marmor kronan. marmor \u00e4r inte en perfekt produkt. Medan kulor av god kvalitet, som de v\u00e4rldsber\u00f6mda produkterna fr\u00e5n Carrara, Italien, \u00e4r t\u00e4ta och relativt opor\u00f6sa \u2013 vilket g\u00f6r dem h\u00e5llbara och fl\u00e4ckbest\u00e4ndiga \u2013 har de ocks\u00e5 svagheter. Marmor \u00e4r en icke folierad metamorf bergart och best\u00e5r vanligtvis av kalciumkarbonat eller magnesium karbonat, som reagerar p\u00e5 syror. En sur k\u00f6ksv\u00e4tska som citronsaft eller vin\u00e4ger kan etsa marmor och l\u00e4mna ett matt, vitaktigt m\u00e4rke d\u00e4r den har \u00e4tit bort ytan n\u00e5got, \u00e4ven efter att marmorn har f\u00f6rseglats.<\/p><p>Men s\u00e5 l\u00e4nge du v\u00e4ljer noggrant, vet vad du kan f\u00f6rv\u00e4nta dig och tar hand om b\u00e4nkskivor i vit marmor kan de vara ett vackert, funktionellt val f\u00f6r din k\u00f6ksdesign som h\u00e5ller hela livet.<\/p><p>Marmor \u00e4r ben\u00e4gen att f\u00e5 hack och repor, ja, men en del av dess charm \u00e4r patinan den tar p\u00e5 sig under m\u00e5nga \u00e5rs anv\u00e4ndning.<\/p>\t\t\t\t\t\t\t\t<\/div>\n\t\t\t\t<\/div>\n\t\t\t\t<div class=\"elementor-element elementor-element-a0067e4 elementor-widget elementor-widget-text-editor\" data-id=\"a0067e4\" data-element_type=\"widget\" data-e-type=\"widget\" data-widget_type=\"text-editor.default\">\n\t\t\t\t<div class=\"elementor-widget-container\">\n\t\t\t\t\t\t\t\t\t<p>Priset per kvadratmeter f\u00f6r en arbetsyta i marmor b\u00f6rjar p\u00e5 2 500 sek och kan n\u00e5 4 000 sek om det g\u00e4ller mer exklusiv marmor.<\/p>\t\t\t\t\t\t\t\t<\/div>\n\t\t\t\t<\/div>\n\t\t\t\t\t<\/div>\n\t\t<\/div>\n\t\t\t\t\t<\/div>\n\t\t<\/section>\n\t\t\t\t<\/div>\n\t\t","protected":false},"excerpt":{"rendered":"<p>B\u00c4NKSKIVOR I MARMOR Marmor \u00e4r \u00e4lskat som ett tidl\u00f6st och klassiskt material, som tillf\u00f6r en ton av lyx&#8230;<\/p>\n","protected":false},"author":1,"featured_media":27238,"parent":0,"menu_order":0,"comment_status":"closed","ping_status":"closed","template":"","meta":{"_acf_changed":false,"footnotes":""},"class_list":["post-27379","page","type-page","status-publish","has-post-thumbnail","hentry"],"acf":[],"yoast_head":"<!-- This site is optimized with the Yoast SEO Premium plugin v26.8 (Yoast SEO v27.3) - https:\/\/yoast.com\/product\/yoast-seo-premium-wordpress\/ -->\n<title>B\u00c4NKSKIVOR I MARMOR - StoneBro<\/title>\n<meta name=\"robots\" content=\"index, follow, max-snippet:-1, max-image-preview:large, max-video-preview:-1\" \/>\n<link rel=\"canonical\" href=\"https:\/\/stonebro.ee\/sv\/bankskivor-i-marmor\/\" \/>\n<meta property=\"og:locale\" content=\"sv_SE\" \/>\n<meta property=\"og:type\" content=\"article\" \/>\n<meta property=\"og:title\" content=\"B\u00c4NKSKIVOR I MARMOR\" \/>\n<meta property=\"og:description\" content=\"B\u00c4NKSKIVOR I MARMOR Marmor \u00e4r \u00e4lskat som ett tidl\u00f6st och klassiskt material, som tillf\u00f6r en ton av lyx...\" \/>\n<meta property=\"og:url\" content=\"https:\/\/stonebro.ee\/sv\/bankskivor-i-marmor\/\" \/>\n<meta property=\"og:site_name\" content=\"StoneBro\" \/>\n<meta property=\"article:modified_time\" content=\"2025-10-25T07:21:33+00:00\" \/>\n<meta property=\"og:image\" content=\"https:\/\/stonebro.ee\/wp-content\/uploads\/2022\/09\/marmor-grigio-carnico.webp\" \/>\n\t<meta property=\"og:image:width\" content=\"900\" \/>\n\t<meta property=\"og:image:height\" content=\"500\" \/>\n\t<meta property=\"og:image:type\" content=\"image\/webp\" \/>\n<meta name=\"twitter:card\" content=\"summary_large_image\" \/>\n<meta name=\"twitter:label1\" content=\"Ber\u00e4knad l\u00e4stid\" \/>\n\t<meta name=\"twitter:data1\" content=\"2 minuter\" \/>\n<script type=\"application\/ld+json\" class=\"yoast-schema-graph\">{\"@context\":\"https:\\\/\\\/schema.org\",\"@graph\":[{\"@type\":\"WebPage\",\"@id\":\"https:\\\/\\\/stonebro.ee\\\/sv\\\/bankskivor-i-marmor\\\/\",\"url\":\"https:\\\/\\\/stonebro.ee\\\/sv\\\/bankskivor-i-marmor\\\/\",\"name\":\"B\u00c4NKSKIVOR I MARMOR - StoneBro\",\"isPartOf\":{\"@id\":\"https:\\\/\\\/stonebro.ee\\\/#website\"},\"primaryImageOfPage\":{\"@id\":\"https:\\\/\\\/stonebro.ee\\\/sv\\\/bankskivor-i-marmor\\\/#primaryimage\"},\"image\":{\"@id\":\"https:\\\/\\\/stonebro.ee\\\/sv\\\/bankskivor-i-marmor\\\/#primaryimage\"},\"thumbnailUrl\":\"https:\\\/\\\/stonebro.ee\\\/wp-content\\\/uploads\\\/2022\\\/09\\\/marmor-grigio-carnico.webp\",\"datePublished\":\"2022-09-27T17:50:30+00:00\",\"dateModified\":\"2025-10-25T07:21:33+00:00\",\"breadcrumb\":{\"@id\":\"https:\\\/\\\/stonebro.ee\\\/sv\\\/bankskivor-i-marmor\\\/#breadcrumb\"},\"inLanguage\":\"sv-SE\",\"potentialAction\":[{\"@type\":\"ReadAction\",\"target\":[\"https:\\\/\\\/stonebro.ee\\\/sv\\\/bankskivor-i-marmor\\\/\"]}]},{\"@type\":\"ImageObject\",\"inLanguage\":\"sv-SE\",\"@id\":\"https:\\\/\\\/stonebro.ee\\\/sv\\\/bankskivor-i-marmor\\\/#primaryimage\",\"url\":\"https:\\\/\\\/stonebro.ee\\\/wp-content\\\/uploads\\\/2022\\\/09\\\/marmor-grigio-carnico.webp\",\"contentUrl\":\"https:\\\/\\\/stonebro.ee\\\/wp-content\\\/uploads\\\/2022\\\/09\\\/marmor-grigio-carnico.webp\",\"width\":900,\"height\":500,\"caption\":\"Marmorist t\u00f6\u00f6tasapinnad\"},{\"@type\":\"BreadcrumbList\",\"@id\":\"https:\\\/\\\/stonebro.ee\\\/sv\\\/bankskivor-i-marmor\\\/#breadcrumb\",\"itemListElement\":[{\"@type\":\"ListItem\",\"position\":1,\"name\":\"Home\",\"item\":\"https:\\\/\\\/stonebro.ee\\\/sv\\\/\"},{\"@type\":\"ListItem\",\"position\":2,\"name\":\"B\u00c4NKSKIVOR I MARMOR\"}]},{\"@type\":\"WebSite\",\"@id\":\"https:\\\/\\\/stonebro.ee\\\/#website\",\"url\":\"https:\\\/\\\/stonebro.ee\\\/\",\"name\":\"StoneBro\",\"description\":\"T\u00f6\u00f6tasapinnad k\u00f6\u00f6ki ja vannituppa\",\"publisher\":{\"@id\":\"https:\\\/\\\/stonebro.ee\\\/#organization\"},\"potentialAction\":[{\"@type\":\"SearchAction\",\"target\":{\"@type\":\"EntryPoint\",\"urlTemplate\":\"https:\\\/\\\/stonebro.ee\\\/?s={search_term_string}\"},\"query-input\":{\"@type\":\"PropertyValueSpecification\",\"valueRequired\":true,\"valueName\":\"search_term_string\"}}],\"inLanguage\":\"sv-SE\"},{\"@type\":\"Organization\",\"@id\":\"https:\\\/\\\/stonebro.ee\\\/#organization\",\"name\":\"StoneBro\",\"url\":\"https:\\\/\\\/stonebro.ee\\\/\",\"logo\":{\"@type\":\"ImageObject\",\"inLanguage\":\"sv-SE\",\"@id\":\"https:\\\/\\\/stonebro.ee\\\/#\\\/schema\\\/logo\\\/image\\\/\",\"url\":\"https:\\\/\\\/stonebro.ee\\\/wp-content\\\/uploads\\\/2022\\\/09\\\/stonebro_logo_303x68_2x-removebg-preview-e1664103751982.png\",\"contentUrl\":\"https:\\\/\\\/stonebro.ee\\\/wp-content\\\/uploads\\\/2022\\\/09\\\/stonebro_logo_303x68_2x-removebg-preview-e1664103751982.png\",\"width\":200,\"height\":44,\"caption\":\"StoneBro\"},\"image\":{\"@id\":\"https:\\\/\\\/stonebro.ee\\\/#\\\/schema\\\/logo\\\/image\\\/\"}}]}<\/script>\n<!-- \/ Yoast SEO Premium plugin. -->","yoast_head_json":{"title":"B\u00c4NKSKIVOR I MARMOR - StoneBro","robots":{"index":"index","follow":"follow","max-snippet":"max-snippet:-1","max-image-preview":"max-image-preview:large","max-video-preview":"max-video-preview:-1"},"canonical":"https:\/\/stonebro.ee\/sv\/bankskivor-i-marmor\/","og_locale":"sv_SE","og_type":"article","og_title":"B\u00c4NKSKIVOR I MARMOR","og_description":"B\u00c4NKSKIVOR I MARMOR Marmor \u00e4r \u00e4lskat som ett tidl\u00f6st och klassiskt material, som tillf\u00f6r en ton av lyx...","og_url":"https:\/\/stonebro.ee\/sv\/bankskivor-i-marmor\/","og_site_name":"StoneBro","article_modified_time":"2025-10-25T07:21:33+00:00","og_image":[{"width":900,"height":500,"url":"https:\/\/stonebro.ee\/wp-content\/uploads\/2022\/09\/marmor-grigio-carnico.webp","type":"image\/webp"}],"twitter_card":"summary_large_image","twitter_misc":{"Ber\u00e4knad l\u00e4stid":"2 minuter"},"schema":{"@context":"https:\/\/schema.org","@graph":[{"@type":"WebPage","@id":"https:\/\/stonebro.ee\/sv\/bankskivor-i-marmor\/","url":"https:\/\/stonebro.ee\/sv\/bankskivor-i-marmor\/","name":"B\u00c4NKSKIVOR I MARMOR - StoneBro","isPartOf":{"@id":"https:\/\/stonebro.ee\/#website"},"primaryImageOfPage":{"@id":"https:\/\/stonebro.ee\/sv\/bankskivor-i-marmor\/#primaryimage"},"image":{"@id":"https:\/\/stonebro.ee\/sv\/bankskivor-i-marmor\/#primaryimage"},"thumbnailUrl":"https:\/\/stonebro.ee\/wp-content\/uploads\/2022\/09\/marmor-grigio-carnico.webp","datePublished":"2022-09-27T17:50:30+00:00","dateModified":"2025-10-25T07:21:33+00:00","breadcrumb":{"@id":"https:\/\/stonebro.ee\/sv\/bankskivor-i-marmor\/#breadcrumb"},"inLanguage":"sv-SE","potentialAction":[{"@type":"ReadAction","target":["https:\/\/stonebro.ee\/sv\/bankskivor-i-marmor\/"]}]},{"@type":"ImageObject","inLanguage":"sv-SE","@id":"https:\/\/stonebro.ee\/sv\/bankskivor-i-marmor\/#primaryimage","url":"https:\/\/stonebro.ee\/wp-content\/uploads\/2022\/09\/marmor-grigio-carnico.webp","contentUrl":"https:\/\/stonebro.ee\/wp-content\/uploads\/2022\/09\/marmor-grigio-carnico.webp","width":900,"height":500,"caption":"Marmorist t\u00f6\u00f6tasapinnad"},{"@type":"BreadcrumbList","@id":"https:\/\/stonebro.ee\/sv\/bankskivor-i-marmor\/#breadcrumb","itemListElement":[{"@type":"ListItem","position":1,"name":"Home","item":"https:\/\/stonebro.ee\/sv\/"},{"@type":"ListItem","position":2,"name":"B\u00c4NKSKIVOR I MARMOR"}]},{"@type":"WebSite","@id":"https:\/\/stonebro.ee\/#website","url":"https:\/\/stonebro.ee\/","name":"StoneBro","description":"T\u00f6\u00f6tasapinnad k\u00f6\u00f6ki ja vannituppa","publisher":{"@id":"https:\/\/stonebro.ee\/#organization"},"potentialAction":[{"@type":"SearchAction","target":{"@type":"EntryPoint","urlTemplate":"https:\/\/stonebro.ee\/?s={search_term_string}"},"query-input":{"@type":"PropertyValueSpecification","valueRequired":true,"valueName":"search_term_string"}}],"inLanguage":"sv-SE"},{"@type":"Organization","@id":"https:\/\/stonebro.ee\/#organization","name":"StoneBro","url":"https:\/\/stonebro.ee\/","logo":{"@type":"ImageObject","inLanguage":"sv-SE","@id":"https:\/\/stonebro.ee\/#\/schema\/logo\/image\/","url":"https:\/\/stonebro.ee\/wp-content\/uploads\/2022\/09\/stonebro_logo_303x68_2x-removebg-preview-e1664103751982.png","contentUrl":"https:\/\/stonebro.ee\/wp-content\/uploads\/2022\/09\/stonebro_logo_303x68_2x-removebg-preview-e1664103751982.png","width":200,"height":44,"caption":"StoneBro"},"image":{"@id":"https:\/\/stonebro.ee\/#\/schema\/logo\/image\/"}}]}},"_links":{"self":[{"href":"https:\/\/stonebro.ee\/sv\/wp-json\/wp\/v2\/pages\/27379","targetHints":{"allow":["GET"]}}],"collection":[{"href":"https:\/\/stonebro.ee\/sv\/wp-json\/wp\/v2\/pages"}],"about":[{"href":"https:\/\/stonebro.ee\/sv\/wp-json\/wp\/v2\/types\/page"}],"author":[{"embeddable":true,"href":"https:\/\/stonebro.ee\/sv\/wp-json\/wp\/v2\/users\/1"}],"replies":[{"embeddable":true,"href":"https:\/\/stonebro.ee\/sv\/wp-json\/wp\/v2\/comments?post=27379"}],"version-history":[{"count":4,"href":"https:\/\/stonebro.ee\/sv\/wp-json\/wp\/v2\/pages\/27379\/revisions"}],"predecessor-version":[{"id":34754,"href":"https:\/\/stonebro.ee\/sv\/wp-json\/wp\/v2\/pages\/27379\/revisions\/34754"}],"wp:featuredmedia":[{"embeddable":true,"href":"https:\/\/stonebro.ee\/sv\/wp-json\/wp\/v2\/media\/27238"}],"wp:attachment":[{"href":"https:\/\/stonebro.ee\/sv\/wp-json\/wp\/v2\/media?parent=27379"}],"curies":[{"name":"wp","href":"https:\/\/api.w.org\/{rel}","templated":true}]}}