{"id":27390,"date":"2022-09-26T08:23:51","date_gmt":"2022-09-26T08:23:51","guid":{"rendered":"https:\/\/bro.stonebro.ee\/forsaljningsvillkor-och-garanti\/"},"modified":"2022-09-28T09:05:55","modified_gmt":"2022-09-28T09:05:55","slug":"forsaljningsvillkor-och-garanti","status":"publish","type":"page","link":"https:\/\/stonebro.ee\/sv\/forsaljningsvillkor-och-garanti\/","title":{"rendered":"F\u00f6rs\u00e4ljningsvillkor och garanti"},"content":{"rendered":"\t\t<div data-elementor-type=\"wp-page\" data-elementor-id=\"27390\" class=\"elementor elementor-27390 elementor-24989\" data-elementor-post-type=\"page\">\n\t\t\t\t\t\t<section data-particle_enable=\"false\" data-particle-mobile-disabled=\"false\" class=\"elementor-section elementor-top-section elementor-element elementor-element-70303ed elementor-section-boxed elementor-section-height-default elementor-section-height-default neuron-fixed-no\" data-id=\"70303ed\" data-element_type=\"section\" data-e-type=\"section\" data-settings=\"{&quot;background_background&quot;:&quot;classic&quot;}\">\n\t\t\t\t\t\t<div class=\"elementor-container elementor-column-gap-default\">\n\t\t\t\t\t<div class=\"elementor-column elementor-col-16 elementor-top-column elementor-element elementor-element-866b975\" data-id=\"866b975\" data-element_type=\"column\" data-e-type=\"column\">\n\t\t\t<div class=\"elementor-widget-wrap\">\n\t\t\t\t\t\t\t<\/div>\n\t\t<\/div>\n\t\t\t\t<div class=\"elementor-column elementor-col-66 elementor-top-column elementor-element elementor-element-b7f0381\" data-id=\"b7f0381\" data-element_type=\"column\" data-e-type=\"column\">\n\t\t\t<div class=\"elementor-widget-wrap elementor-element-populated\">\n\t\t\t\t\t\t<div class=\"elementor-element elementor-element-d39cd0c elementor-widget elementor-widget-heading\" data-id=\"d39cd0c\" data-element_type=\"widget\" data-e-type=\"widget\" data-widget_type=\"heading.default\">\n\t\t\t\t<div class=\"elementor-widget-container\">\n\t\t\t\t\t<h1 class=\"elementor-heading-title elementor-size-default\">F\u00f6rs\u00e4ljningsvillkor och garanti<\/h1>\t\t\t\t<\/div>\n\t\t\t\t<\/div>\n\t\t\t\t\t<\/div>\n\t\t<\/div>\n\t\t\t\t<div class=\"elementor-column elementor-col-16 elementor-top-column elementor-element elementor-element-21265ef\" data-id=\"21265ef\" data-element_type=\"column\" data-e-type=\"column\">\n\t\t\t<div class=\"elementor-widget-wrap\">\n\t\t\t\t\t\t\t<\/div>\n\t\t<\/div>\n\t\t\t\t\t<\/div>\n\t\t<\/section>\n\t\t\t\t<section data-particle_enable=\"false\" data-particle-mobile-disabled=\"false\" class=\"elementor-section elementor-top-section elementor-element elementor-element-7de6a47 elementor-section-boxed elementor-section-height-default elementor-section-height-default neuron-fixed-no\" data-id=\"7de6a47\" data-element_type=\"section\" data-e-type=\"section\">\n\t\t\t\t\t\t<div class=\"elementor-container elementor-column-gap-default\">\n\t\t\t\t\t<div class=\"elementor-column elementor-col-100 elementor-top-column elementor-element elementor-element-c7943c3\" data-id=\"c7943c3\" data-element_type=\"column\" data-e-type=\"column\">\n\t\t\t<div class=\"elementor-widget-wrap elementor-element-populated\">\n\t\t\t\t\t\t<div class=\"elementor-element elementor-element-a239067 elementor-widget elementor-widget-text-editor\" data-id=\"a239067\" data-element_type=\"widget\" data-e-type=\"widget\" data-widget_type=\"text-editor.default\">\n\t\t\t\t<div class=\"elementor-widget-container\">\n\t\t\t\t\t\t\t\t\t<p><strong>Offert<\/strong>: \u2013 Offert g\u00e4ller i 30 dagar. F\u00f6rhandsofferten \u00e4r en prelimin\u00e4r offert. Den slutliga offerten kommer efter och enlighet med uppm\u00e4tningen.<\/p><p>Priser \u00e4r med estnisk moms 20%<\/p><p><strong>Produktinformation<\/strong> \u2013 var alltid uppm\u00e4rksam p\u00e5 instruktionerna som medf\u00f6ljer produkten, som ger information om anv\u00e4ndning och hantering.<\/p><p>Prover och bilder av stenmaterial k\u00e4nnetecknar strukturen, ytbehandlingen och f\u00e4rgen p\u00e5 olika material. Slutprodukten kan skilja sig fr\u00e5n provet p\u00e5 grund av detta.\u00a0<\/p><p><strong>Transport och leveranstider<\/strong> \u2013 En ungef\u00e4rlig leveranstid anges i samband med att best\u00e4llningen g\u00e5r i produktion..<\/p><p>Leveranstiden kan p\u00e5verkas av yttre faktorer \/ omst\u00e4ndigheter som s\u00e5som maskinhaveri, st\u00f6rningar hos underleverant\u00f6rer.\u00a0<\/p><p>\u00a0S\u00e4ljaren meddelat kunden att leveranstiden \u00e4r l\u00e4ngre \u00e4n normalt\u00a0<\/p><p>Om leverans inte kan ske p\u00e5 grund av att kunden inte svarar p\u00e5 mail, sms eller telefonsamtal sker en automatisk f\u00f6rl\u00e4ngning av leveranstiden.\u00a0<\/p><p>Om leveransf\u00f6rseningen p\u00e5verkar andra entrepren\u00f6rers planerade arbetstid \u00e4r s\u00e4ljaren inte skyldig att ers\u00e4tta den skada som orsakats av den. Om leveransen f\u00f6rsenas med mer \u00e4n sex veckor har kunden endast r\u00e4tt till ers\u00e4ttning om ett s\u00e4rskilt skriftligt avtal har ing\u00e5tts p\u00e5 den.\u00a0<\/p><p>N\u00e4r kunden bekr\u00e4ftar best\u00e4llningen och\/eller tar emot f\u00f6rskottsbetalningen bekr\u00e4ftar han att detaljerna i best\u00e4llningen \u00e4r f\u00f6rst\u00e5eliga och att kunden samtycker till villkoren och betalningsbeloppet.\u00a0<\/p><p>De levererade produkterna anses ha accepterats om kunden har undertecknat godk\u00e4nnande rapporten och senare krav inte beaktas.<\/p><p>Garanti \u2013 STONEBRO ger 5 \u00e5rs garanti f\u00f6r sitt arbete.<\/p><p>Garantin t\u00e4cker problem som kan uppst\u00e5 under m\u00e4tning, transport eller installation. Vi kommer att hantera eventuella problem efter montering av ytorna inom rimlig tid.<\/p><p>Garantin t\u00e4cker inte skador och fl\u00e4ckar orsakade av anv\u00e4ndning, skador orsakade av felaktig montering av m\u00f6bler och problem orsakade av felaktig reng\u00f6ring av arbetsytor eller anv\u00e4ndning av felaktiga kemikalier.<\/p><p>\u00a0Om det kan bevisas att den levererade varan \u00e4r felaktig och s\u00e4ljaren ansvarar f\u00f6r detta, \u00e4r s\u00e4ljaren skyldig att inom sk\u00e4lig tid ers\u00e4tta, reparera eller \u00e5tervinna den levererade varan utan kostnad. STONEBRO kommer inte att betala ers\u00e4ttning eller skadest\u00e5nd kontant utan st\u00e5r f\u00f6r alla kostnader som uppst\u00e5r i samband med det n\u00f6dv\u00e4ndiga arbetet. Om kunden har l\u00e4mnat in en skriftlig ans\u00f6kan om att r\u00e4tta ett fel som omfattas av garantin, men inte f\u00e5tt n\u00e5got skriftligt svar fr\u00e5n s\u00e4ljaren inom 14 dagar, har kunden r\u00e4tt att r\u00e4tta felet p\u00e5 s\u00e4ljarens bekostnad eller kr\u00e4va avdrag fr\u00e5n k\u00f6pesumman.<\/p><p>Alla problem med m\u00e4ngden levererade varor m\u00e5ste l\u00e4mnas av kunden i skriftlig form till s\u00e4ljaren inom 7 dagar efter mottagandet av varan. Problem som har uppst\u00e5tt i samband med varans kvalitet \u00e4r kunden skyldig att omg\u00e5ende meddela s\u00e4ljaren skriftligen. Om en del av processen \u00e4r demontering av gamla arbetsytor ansvarar STONEBRO inte f\u00f6r eventuella skador som uppst\u00e5r under denna process.<\/p><p><strong>Betalningsvillkor<\/strong> \u2013 I samband med best\u00e4llningen betalas kund 40% av totalsumman i handpenning till bankkonton. Resterande belopp skall betalas samma dag n\u00e4r produkten \u00e4r installerad\/ \u00f6verl\u00e4mnad till kunden.<\/p><p><strong>\u00c5ngerr\u00e4tt<\/strong> \u2013 Vid avbruten best\u00e4llning efter m\u00e4tningen, f\u00f6rbeh\u00e5ller vi oss r\u00e4tten att debitera kunden med hela beloppet f\u00f6r nedlagt tid f\u00f6r m\u00e4tning och ritning.<br \/>Kunden har \u00e5ngerr\u00e4tt utan ekonomisk skyldighet innan m\u00e4tningen.<br \/>\u00c5ngerr\u00e4tten g\u00e4ller inte produkter som \u00e4r skr\u00e4ddarsydda enligt k\u00f6parens m\u00e5tt och\/eller \u00f6nskem\u00e5l. Skr\u00e4ddarsydda produkter \u00e4r alla produkter som s\u00e4ljaren har varit tvungen att bearbeta p\u00e5 n\u00e5got s\u00e4tt f\u00f6r att anpassa r\u00e5varan till k\u00f6parens \u00f6nskem\u00e5l. Om ett skriftligt avtal ing\u00e5s mellan k\u00f6paren och s\u00e4ljaren f\u00f6r retur av de best\u00e4llda produkterna, ska k\u00f6paren betala kostnaderna f\u00f6r returen, om inte annat \u00f6verenskommits.<\/p><p><strong>Inv\u00e4ndning F\u00f6rfaranden<\/strong> \u2013 tvister som r\u00f6r detta avtal l\u00f6ses i skiljef\u00f6rfarande i enlighet med g\u00e4llande lagstiftning i Estland.Om Parterna inte kan l\u00f6sa tvisten genom f\u00f6rhandlingar skall tvisten l\u00f6sas slutligt genom en l\u00e4mplig domstol.<\/p><p><strong>M\u00e4tning<\/strong> \u2013 STONEBRO g\u00f6r alltid egna m\u00e4tningar f\u00f6r att undvika senare problem med installationen av produkten. D\u00e4rf\u00f6r rekommenderar vi inte sj\u00e4lvrannsamening.<br \/>Om kunden definitivt vill m\u00e4ta sig sj\u00e4lv \u00e4r kunden ansvarig f\u00f6r varje detalj, och STONEBRO tar inte ansvar f\u00f6r installationens eller m\u00e4tningens \u00e4kthet vid senare problem.<\/p><p><strong>Tillverkning avvikelse<\/strong> \u2013\u00a0 F\u00f6ljande avvikelser \u00e4r till\u00e5tna och accepterade p\u00e5 stenskivor:<br \/>Ett 90 gradigt h\u00f6rn +\/- 2%<br \/>B\u00f6jning +\/- 2%<br \/>Tjocklek +\/- 3 mm vid samma s\u00e4ndelse. Sidor som st\u00e5r mot varandra slipas s\u00e5 att det ser j\u00e4mnt ut. Storleken p\u00e5 punkt +\/- 3 mm<br \/>Urtag f\u00f6r vattenkran +\/- 3 mm l\u00e4ngd och bredd Centerlinje f\u00f6r diskho (CC) +\/- 3 mm<br \/>Urtag f\u00f6r diskho +\/- 2 mm<br \/>Urtag f\u00f6r spish\u00e4ll +\/- 0-3mm.<br \/>Planlimningar +\/-1mm samt +\/-2mm i breddm\u00e5tt.\u00a0<\/p><p><strong>Innan m\u00e4tning<\/strong> \u2013 Vid m\u00e4tningen ska kunden finnas p\u00e5 plats f\u00f6r att g\u00e5 igenom delarna som ska m\u00e4tas och f\u00f6r att diskutera eventuella skarvar, \u00f6verh\u00e4ng med mera. Stommar och dylikt inklusive t\u00e4cksidor skall vara fast monterade (fixerade i v\u00e4gg) innan m\u00e4tning och f\u00e5r inte korrigeras efter m\u00e4tning. Se till \u00e4ven att \u00f6vriga hantverkarens arbete s\u00e5 som v\u00e4ggar, golv, m.m har blivit utf\u00f6rt p\u00e5 r\u00e4tt s\u00e4tt.<\/p><p>F\u00f6r att ber\u00e4kna behovet av arbetskraft, v\u00e4nligen ange korrekt information om alla faktorer av p\u00e5verkan, t.ex. n\u00e4rvaron av hiss, golv, trapphus storlek, landskap f\u00f6rh\u00e5llanden o.s.v<\/p><p><strong>Demontering \u2013 <\/strong>Demontering och bortforsling av befintliga b\u00e4nkskivor ing\u00e5r inte i tj\u00e4nsten m\u00e4tning och montering. Kan k\u00f6pas som tillval.<\/p><p><strong>Installation<\/strong>:<\/p><ul><li>Strukturer som st\u00f6der stenen m\u00e5ste vara av god kvalitet s\u00e5 att stenplattor kan monteras p\u00e5 dem. Planheten och kurvaturen f\u00e5r inte \u00f6verstiga +\/- 3 mm per 5 meter.<\/li><li>Best\u00e4llaren eller den av best\u00e4llaren anlitade entrepren\u00f6ren ska g\u00f6ra h\u00f6gkvalitativa snitt i arbetsytor f\u00f6r diskhoar, spisar etc. P\u00e5 diskb\u00e4nkens installationsplats \u00e4r det vanligtvis n\u00f6dv\u00e4ndigt att sk\u00e4ra den fr\u00e4mre golvlisten och sidoramen en n\u00e5gra centimeter mindre eller i vissa fall att ta bort den fr\u00e4mre golvlisten helt, utan att s\u00e4ljaren byter ut den mot en ny.<\/li><li>Keramiska v\u00e4ggplattor ska monteras p\u00e5 ett s\u00e5dant s\u00e4tt att det inte hindrar montering av stendalar. \u2022 Om b\u00e4nkskivor av sten kombineras med b\u00e4nkskivor av andra material, m\u00e5ste dessa b\u00e4nkskivor monteras efter att stenen redan \u00e4r p\u00e5 plats.<\/li><li>Kunden eller kundens representant ska vara n\u00e4rvarande p\u00e5 byggarbetsplatsen f\u00f6r att godk\u00e4nna material och installationsarbeten.<\/li><li>Vid montering av stenb\u00e4nk mellan v\u00e4ggar och\/eller metallkonstruktioner kan det ibland uppst\u00e5 mindre skador p\u00e5 lacken\/f\u00e4rgen. F\u00f6rbered ytorna s\u00e5 att de \u00e4r skyddat.<\/li><li>De f\u00f6rbrukningsvaror som anv\u00e4nds av STONEBRO ing\u00e5r i priset f\u00f6r installationsarbetet.<\/li><\/ul><p><strong>\u00a0\u00a0\u00a0\u00a0\u00a0\u00a0\u00a0\u00a0\u00a0\u00a0\u00a0\u00a0\u00a0\u00a0\u00a0\u00a0F\u00f6ljande aktiviteter ing\u00e5r inte i priset f\u00f6r installation av stendalar:<\/strong><\/p><ul><li>Skyddande golvbel\u00e4ggningar. (P\u00e5 grund av s\u00e4kerhetskrav \u00e4r det inte m\u00f6jligt f\u00f6r installat\u00f6rer av arbetsytor att ta av sig skorna eftersom de b\u00e4r tunga f\u00f6rem\u00e5l.)<\/li><li>silikoneras inte mot kakel eller v\u00e4ggar<\/li><li>El- och VVS-arbeten.<\/li><li>Fasts\u00e4ttning av l\u00f6sa delar, s\u00e5som blandare, diskhoar etc. som inte ing\u00e5r i best\u00e4llningen.<\/li><li>Installation mellan motst\u00e5ende v\u00e4ggarna\/sk\u00e5paran till exempel keramiska plattor, st\u00e4nkskydd m.m.<\/li><li>St\u00e4dtj\u00e4nster<\/li><\/ul><p><strong>Variation av b\u00e4nkskivor i natursten<\/strong><\/p><p>Eftersom natursten kan variera i f\u00e4rg och m\u00f6nster, kan det finnas skillnader vad det g\u00e4ller f\u00e4rg, m\u00f6nster och struktur mellan produktexempel och slutlig produkt.<\/p><p>Man m\u00e5ste alltid komma ih\u00e5g att natursten \u00e4r ett material som bildas i naturen och d\u00e4rf\u00f6r inte kan j\u00e4mf\u00f6ras med provbitar. Det kan alltid f\u00f6rekomma st\u00f6rre eller mindre variationer som inte \u00e4r s\u00e4ljarens ansvar.<\/p><p>\u00a0\u00a0N\u00e4r det g\u00e4ller natursten finns det vanligare egenskaper som k\u00f6pare m\u00e5ste accepteras:<\/p><ul><li>Sm\u00e5 luftbubblor \u00e4r till exempel mycket vanliga i ljus Carrara marmor. De visas ofta som sm\u00e5 ljusa fl\u00e4ckar eller h\u00e5l p\u00e5 arbetsytan. detta p\u00e5verkar inte stenens kvalitet i \u00f6vrigt.<\/li><li>\u00a0Sm\u00e5 opolerade fl\u00e4ckar eller h\u00e5l, ofta i polerad granit. F\u00f6rekomsten av dessa defekter p\u00e5verkas av typen av granit och ljusf\u00f6rh\u00e5llandena.<\/li><li>Sm\u00e5 sk\u00e5ror som ibland kan uppst\u00e5 som sprickor i stenen.<\/li><li>Klara fl\u00e4ckar i finkornig granit som inte \u00e4r st\u00f6rre \u00e4n ett 2-euromynt.<\/li><li>Andra avvikelser i f\u00e4rg i samma leveransparti, f\u00f6rutsatt att de olika stenarna tas fr\u00e5n samma f\u00f6rs\u00e4ndelse.<\/li><li>Ut\u00f6ver naturliga variationer m\u00e5ste \u00e4ven h\u00f6gkvalitativa korrigeringar gjorda av specialister accepteras.<\/li><\/ul><p>Villkor g\u00e4ller n\u00e4r kunden betalar f\u00f6rskott och har bekr\u00e4ftat best\u00e4llning skriftligt.<\/p>\t\t\t\t\t\t\t\t<\/div>\n\t\t\t\t<\/div>\n\t\t\t\t\t<\/div>\n\t\t<\/div>\n\t\t\t\t\t<\/div>\n\t\t<\/section>\n\t\t\t\t<\/div>\n\t\t","protected":false},"excerpt":{"rendered":"<p>F\u00f6rs\u00e4ljningsvillkor och garanti Offert: \u2013 Offert g\u00e4ller i 30 dagar. F\u00f6rhandsofferten \u00e4r en prelimin\u00e4r offert. Den slutliga offerten&#8230;<\/p>\n","protected":false},"author":1,"featured_media":0,"parent":0,"menu_order":0,"comment_status":"closed","ping_status":"closed","template":"","meta":{"_acf_changed":false,"footnotes":""},"class_list":["post-27390","page","type-page","status-publish","hentry"],"acf":[],"yoast_head":"<!-- This site is optimized with the Yoast SEO Premium plugin v26.8 (Yoast SEO v27.3) - https:\/\/yoast.com\/product\/yoast-seo-premium-wordpress\/ -->\n<title>F\u00f6rs\u00e4ljningsvillkor och garanti - StoneBro<\/title>\n<meta name=\"robots\" content=\"index, follow, max-snippet:-1, max-image-preview:large, max-video-preview:-1\" \/>\n<link rel=\"canonical\" href=\"https:\/\/stonebro.ee\/sv\/forsaljningsvillkor-och-garanti\/\" \/>\n<meta property=\"og:locale\" content=\"sv_SE\" \/>\n<meta property=\"og:type\" content=\"article\" \/>\n<meta property=\"og:title\" content=\"F\u00f6rs\u00e4ljningsvillkor och garanti\" \/>\n<meta property=\"og:description\" content=\"F\u00f6rs\u00e4ljningsvillkor och garanti Offert: \u2013 Offert g\u00e4ller i 30 dagar. F\u00f6rhandsofferten \u00e4r en prelimin\u00e4r offert. Den slutliga offerten...\" \/>\n<meta property=\"og:url\" content=\"https:\/\/stonebro.ee\/sv\/forsaljningsvillkor-och-garanti\/\" \/>\n<meta property=\"og:site_name\" content=\"StoneBro\" \/>\n<meta property=\"article:modified_time\" content=\"2022-09-28T09:05:55+00:00\" \/>\n<meta name=\"twitter:card\" content=\"summary_large_image\" \/>\n<meta name=\"twitter:label1\" content=\"Ber\u00e4knad l\u00e4stid\" \/>\n\t<meta name=\"twitter:data1\" content=\"8 minuter\" \/>\n<script type=\"application\/ld+json\" class=\"yoast-schema-graph\">{\"@context\":\"https:\\\/\\\/schema.org\",\"@graph\":[{\"@type\":\"WebPage\",\"@id\":\"https:\\\/\\\/stonebro.ee\\\/sv\\\/forsaljningsvillkor-och-garanti\\\/\",\"url\":\"https:\\\/\\\/stonebro.ee\\\/sv\\\/forsaljningsvillkor-och-garanti\\\/\",\"name\":\"F\u00f6rs\u00e4ljningsvillkor och garanti - StoneBro\",\"isPartOf\":{\"@id\":\"https:\\\/\\\/stonebro.ee\\\/#website\"},\"datePublished\":\"2022-09-26T08:23:51+00:00\",\"dateModified\":\"2022-09-28T09:05:55+00:00\",\"breadcrumb\":{\"@id\":\"https:\\\/\\\/stonebro.ee\\\/sv\\\/forsaljningsvillkor-och-garanti\\\/#breadcrumb\"},\"inLanguage\":\"sv-SE\",\"potentialAction\":[{\"@type\":\"ReadAction\",\"target\":[\"https:\\\/\\\/stonebro.ee\\\/sv\\\/forsaljningsvillkor-och-garanti\\\/\"]}]},{\"@type\":\"BreadcrumbList\",\"@id\":\"https:\\\/\\\/stonebro.ee\\\/sv\\\/forsaljningsvillkor-och-garanti\\\/#breadcrumb\",\"itemListElement\":[{\"@type\":\"ListItem\",\"position\":1,\"name\":\"Home\",\"item\":\"https:\\\/\\\/stonebro.ee\\\/sv\\\/\"},{\"@type\":\"ListItem\",\"position\":2,\"name\":\"F\u00f6rs\u00e4ljningsvillkor och garanti\"}]},{\"@type\":\"WebSite\",\"@id\":\"https:\\\/\\\/stonebro.ee\\\/#website\",\"url\":\"https:\\\/\\\/stonebro.ee\\\/\",\"name\":\"StoneBro\",\"description\":\"T\u00f6\u00f6tasapinnad k\u00f6\u00f6ki ja vannituppa\",\"publisher\":{\"@id\":\"https:\\\/\\\/stonebro.ee\\\/#organization\"},\"potentialAction\":[{\"@type\":\"SearchAction\",\"target\":{\"@type\":\"EntryPoint\",\"urlTemplate\":\"https:\\\/\\\/stonebro.ee\\\/?s={search_term_string}\"},\"query-input\":{\"@type\":\"PropertyValueSpecification\",\"valueRequired\":true,\"valueName\":\"search_term_string\"}}],\"inLanguage\":\"sv-SE\"},{\"@type\":\"Organization\",\"@id\":\"https:\\\/\\\/stonebro.ee\\\/#organization\",\"name\":\"StoneBro\",\"url\":\"https:\\\/\\\/stonebro.ee\\\/\",\"logo\":{\"@type\":\"ImageObject\",\"inLanguage\":\"sv-SE\",\"@id\":\"https:\\\/\\\/stonebro.ee\\\/#\\\/schema\\\/logo\\\/image\\\/\",\"url\":\"https:\\\/\\\/stonebro.ee\\\/wp-content\\\/uploads\\\/2022\\\/09\\\/stonebro_logo_303x68_2x-removebg-preview-e1664103751982.png\",\"contentUrl\":\"https:\\\/\\\/stonebro.ee\\\/wp-content\\\/uploads\\\/2022\\\/09\\\/stonebro_logo_303x68_2x-removebg-preview-e1664103751982.png\",\"width\":200,\"height\":44,\"caption\":\"StoneBro\"},\"image\":{\"@id\":\"https:\\\/\\\/stonebro.ee\\\/#\\\/schema\\\/logo\\\/image\\\/\"}}]}<\/script>\n<!-- \/ Yoast SEO Premium plugin. -->","yoast_head_json":{"title":"F\u00f6rs\u00e4ljningsvillkor och garanti - StoneBro","robots":{"index":"index","follow":"follow","max-snippet":"max-snippet:-1","max-image-preview":"max-image-preview:large","max-video-preview":"max-video-preview:-1"},"canonical":"https:\/\/stonebro.ee\/sv\/forsaljningsvillkor-och-garanti\/","og_locale":"sv_SE","og_type":"article","og_title":"F\u00f6rs\u00e4ljningsvillkor och garanti","og_description":"F\u00f6rs\u00e4ljningsvillkor och garanti Offert: \u2013 Offert g\u00e4ller i 30 dagar. F\u00f6rhandsofferten \u00e4r en prelimin\u00e4r offert. Den slutliga offerten...","og_url":"https:\/\/stonebro.ee\/sv\/forsaljningsvillkor-och-garanti\/","og_site_name":"StoneBro","article_modified_time":"2022-09-28T09:05:55+00:00","twitter_card":"summary_large_image","twitter_misc":{"Ber\u00e4knad l\u00e4stid":"8 minuter"},"schema":{"@context":"https:\/\/schema.org","@graph":[{"@type":"WebPage","@id":"https:\/\/stonebro.ee\/sv\/forsaljningsvillkor-och-garanti\/","url":"https:\/\/stonebro.ee\/sv\/forsaljningsvillkor-och-garanti\/","name":"F\u00f6rs\u00e4ljningsvillkor och garanti - StoneBro","isPartOf":{"@id":"https:\/\/stonebro.ee\/#website"},"datePublished":"2022-09-26T08:23:51+00:00","dateModified":"2022-09-28T09:05:55+00:00","breadcrumb":{"@id":"https:\/\/stonebro.ee\/sv\/forsaljningsvillkor-och-garanti\/#breadcrumb"},"inLanguage":"sv-SE","potentialAction":[{"@type":"ReadAction","target":["https:\/\/stonebro.ee\/sv\/forsaljningsvillkor-och-garanti\/"]}]},{"@type":"BreadcrumbList","@id":"https:\/\/stonebro.ee\/sv\/forsaljningsvillkor-och-garanti\/#breadcrumb","itemListElement":[{"@type":"ListItem","position":1,"name":"Home","item":"https:\/\/stonebro.ee\/sv\/"},{"@type":"ListItem","position":2,"name":"F\u00f6rs\u00e4ljningsvillkor och garanti"}]},{"@type":"WebSite","@id":"https:\/\/stonebro.ee\/#website","url":"https:\/\/stonebro.ee\/","name":"StoneBro","description":"T\u00f6\u00f6tasapinnad k\u00f6\u00f6ki ja vannituppa","publisher":{"@id":"https:\/\/stonebro.ee\/#organization"},"potentialAction":[{"@type":"SearchAction","target":{"@type":"EntryPoint","urlTemplate":"https:\/\/stonebro.ee\/?s={search_term_string}"},"query-input":{"@type":"PropertyValueSpecification","valueRequired":true,"valueName":"search_term_string"}}],"inLanguage":"sv-SE"},{"@type":"Organization","@id":"https:\/\/stonebro.ee\/#organization","name":"StoneBro","url":"https:\/\/stonebro.ee\/","logo":{"@type":"ImageObject","inLanguage":"sv-SE","@id":"https:\/\/stonebro.ee\/#\/schema\/logo\/image\/","url":"https:\/\/stonebro.ee\/wp-content\/uploads\/2022\/09\/stonebro_logo_303x68_2x-removebg-preview-e1664103751982.png","contentUrl":"https:\/\/stonebro.ee\/wp-content\/uploads\/2022\/09\/stonebro_logo_303x68_2x-removebg-preview-e1664103751982.png","width":200,"height":44,"caption":"StoneBro"},"image":{"@id":"https:\/\/stonebro.ee\/#\/schema\/logo\/image\/"}}]}},"_links":{"self":[{"href":"https:\/\/stonebro.ee\/sv\/wp-json\/wp\/v2\/pages\/27390","targetHints":{"allow":["GET"]}}],"collection":[{"href":"https:\/\/stonebro.ee\/sv\/wp-json\/wp\/v2\/pages"}],"about":[{"href":"https:\/\/stonebro.ee\/sv\/wp-json\/wp\/v2\/types\/page"}],"author":[{"embeddable":true,"href":"https:\/\/stonebro.ee\/sv\/wp-json\/wp\/v2\/users\/1"}],"replies":[{"embeddable":true,"href":"https:\/\/stonebro.ee\/sv\/wp-json\/wp\/v2\/comments?post=27390"}],"version-history":[{"count":0,"href":"https:\/\/stonebro.ee\/sv\/wp-json\/wp\/v2\/pages\/27390\/revisions"}],"wp:attachment":[{"href":"https:\/\/stonebro.ee\/sv\/wp-json\/wp\/v2\/media?parent=27390"}],"curies":[{"name":"wp","href":"https:\/\/api.w.org\/{rel}","templated":true}]}}