{"id":34553,"date":"2025-09-29T08:48:34","date_gmt":"2025-09-29T08:48:34","guid":{"rendered":"https:\/\/stonebro.ee\/toode\/rem\/"},"modified":"2025-09-29T08:48:34","modified_gmt":"2025-09-29T08:48:34","slug":"rem","status":"publish","type":"product","link":"https:\/\/stonebro.ee\/sv\/toode\/rem\/","title":{"rendered":"Rem"},"content":{"rendered":"<p>Rem \u00e4r inspirerad av en av de mest eleganta vita marmorsorterna p\u00e5 marknaden: Dess sofistikerade design, med bruna och gr\u00e5 \u00e5dror samt gyllene inslag, speglar den traditionella och n\u00e4stan linj\u00e4ra strukturen hos Calacatta Lincoln. En av \u00e5rets st\u00f6rsta teknologiska innovationer \u00e4r den perfekta synkroniseringen mellan \u00e5dring och struktur. Rem uppskattas f\u00f6r sin subtila \u00e5dring under den fina ytan, vilket ger en o\u00f6vertr\u00e4ffad naturlig k\u00e4nsla.<\/p>\n","protected":false},"excerpt":{"rendered":"<p>Rem \u00e4r inspirerad av en av de mest eleganta vita marmorsorterna p\u00e5 marknaden: Dess sofistikerade design, med bruna&#8230;<\/p>\n","protected":false},"featured_media":32163,"comment_status":"closed","ping_status":"closed","template":"","meta":{"_acf_changed":false},"product_brand":[],"product_cat":[252],"product_tag":[],"class_list":{"0":"post-34553","1":"product","2":"type-product","3":"status-publish","4":"has-post-thumbnail","6":"product_cat-dekton","8":"first","9":"instock","10":"shipping-taxable","11":"product-type-simple"},"acf":[],"yoast_head":"<!-- This site is optimized with the Yoast SEO Premium plugin v26.8 (Yoast SEO v27.3) - https:\/\/yoast.com\/product\/yoast-seo-premium-wordpress\/ -->\n<title>Rem - StoneBro<\/title>\n<meta name=\"robots\" content=\"index, follow, max-snippet:-1, max-image-preview:large, max-video-preview:-1\" \/>\n<link rel=\"canonical\" href=\"https:\/\/stonebro.ee\/sv\/toode\/rem\/\" \/>\n<meta property=\"og:locale\" content=\"sv_SE\" \/>\n<meta property=\"og:type\" content=\"article\" \/>\n<meta property=\"og:title\" content=\"Rem\" \/>\n<meta property=\"og:description\" content=\"Rem \u00e4r inspirerad av en av de mest eleganta vita marmorsorterna p\u00e5 marknaden: Dess sofistikerade design, med bruna...\" \/>\n<meta property=\"og:url\" content=\"https:\/\/stonebro.ee\/sv\/toode\/rem\/\" \/>\n<meta property=\"og:site_name\" content=\"StoneBro\" \/>\n<meta property=\"og:image\" content=\"https:\/\/stonebro.ee\/wp-content\/uploads\/2025\/09\/rem-detail.jpg\" \/>\n\t<meta property=\"og:image:width\" content=\"2000\" \/>\n\t<meta property=\"og:image:height\" content=\"1501\" \/>\n\t<meta property=\"og:image:type\" content=\"image\/jpeg\" \/>\n<meta name=\"twitter:card\" content=\"summary_large_image\" \/>\n<script type=\"application\/ld+json\" class=\"yoast-schema-graph\">{\"@context\":\"https:\\\/\\\/schema.org\",\"@graph\":[{\"@type\":\"WebPage\",\"@id\":\"https:\\\/\\\/stonebro.ee\\\/sv\\\/toode\\\/rem\\\/\",\"url\":\"https:\\\/\\\/stonebro.ee\\\/sv\\\/toode\\\/rem\\\/\",\"name\":\"Rem - StoneBro\",\"isPartOf\":{\"@id\":\"https:\\\/\\\/stonebro.ee\\\/#website\"},\"primaryImageOfPage\":{\"@id\":\"https:\\\/\\\/stonebro.ee\\\/sv\\\/toode\\\/rem\\\/#primaryimage\"},\"image\":{\"@id\":\"https:\\\/\\\/stonebro.ee\\\/sv\\\/toode\\\/rem\\\/#primaryimage\"},\"thumbnailUrl\":\"https:\\\/\\\/stonebro.ee\\\/wp-content\\\/uploads\\\/2025\\\/09\\\/rem-detail.jpg\",\"datePublished\":\"2025-09-29T08:48:34+00:00\",\"breadcrumb\":{\"@id\":\"https:\\\/\\\/stonebro.ee\\\/sv\\\/toode\\\/rem\\\/#breadcrumb\"},\"inLanguage\":\"sv-SE\",\"potentialAction\":[{\"@type\":\"ReadAction\",\"target\":[\"https:\\\/\\\/stonebro.ee\\\/sv\\\/toode\\\/rem\\\/\"]}]},{\"@type\":\"ImageObject\",\"inLanguage\":\"sv-SE\",\"@id\":\"https:\\\/\\\/stonebro.ee\\\/sv\\\/toode\\\/rem\\\/#primaryimage\",\"url\":\"https:\\\/\\\/stonebro.ee\\\/wp-content\\\/uploads\\\/2025\\\/09\\\/rem-detail.jpg\",\"contentUrl\":\"https:\\\/\\\/stonebro.ee\\\/wp-content\\\/uploads\\\/2025\\\/09\\\/rem-detail.jpg\",\"width\":2000,\"height\":1501},{\"@type\":\"BreadcrumbList\",\"@id\":\"https:\\\/\\\/stonebro.ee\\\/sv\\\/toode\\\/rem\\\/#breadcrumb\",\"itemListElement\":[{\"@type\":\"ListItem\",\"position\":1,\"name\":\"Home\",\"item\":\"https:\\\/\\\/stonebro.ee\\\/sv\\\/\"},{\"@type\":\"ListItem\",\"position\":2,\"name\":\"Butik\",\"item\":\"https:\\\/\\\/stonebro.ee\\\/sv\\\/butik\\\/\"},{\"@type\":\"ListItem\",\"position\":3,\"name\":\"Rem\"}]},{\"@type\":\"WebSite\",\"@id\":\"https:\\\/\\\/stonebro.ee\\\/#website\",\"url\":\"https:\\\/\\\/stonebro.ee\\\/\",\"name\":\"StoneBro\",\"description\":\"T\u00f6\u00f6tasapinnad k\u00f6\u00f6ki ja vannituppa\",\"publisher\":{\"@id\":\"https:\\\/\\\/stonebro.ee\\\/#organization\"},\"potentialAction\":[{\"@type\":\"SearchAction\",\"target\":{\"@type\":\"EntryPoint\",\"urlTemplate\":\"https:\\\/\\\/stonebro.ee\\\/?s={search_term_string}\"},\"query-input\":{\"@type\":\"PropertyValueSpecification\",\"valueRequired\":true,\"valueName\":\"search_term_string\"}}],\"inLanguage\":\"sv-SE\"},{\"@type\":\"Organization\",\"@id\":\"https:\\\/\\\/stonebro.ee\\\/#organization\",\"name\":\"StoneBro\",\"url\":\"https:\\\/\\\/stonebro.ee\\\/\",\"logo\":{\"@type\":\"ImageObject\",\"inLanguage\":\"sv-SE\",\"@id\":\"https:\\\/\\\/stonebro.ee\\\/#\\\/schema\\\/logo\\\/image\\\/\",\"url\":\"https:\\\/\\\/stonebro.ee\\\/wp-content\\\/uploads\\\/2022\\\/09\\\/stonebro_logo_303x68_2x-removebg-preview-e1664103751982.png\",\"contentUrl\":\"https:\\\/\\\/stonebro.ee\\\/wp-content\\\/uploads\\\/2022\\\/09\\\/stonebro_logo_303x68_2x-removebg-preview-e1664103751982.png\",\"width\":200,\"height\":44,\"caption\":\"StoneBro\"},\"image\":{\"@id\":\"https:\\\/\\\/stonebro.ee\\\/#\\\/schema\\\/logo\\\/image\\\/\"}}]}<\/script>\n<!-- \/ Yoast SEO Premium plugin. -->","yoast_head_json":{"title":"Rem - StoneBro","robots":{"index":"index","follow":"follow","max-snippet":"max-snippet:-1","max-image-preview":"max-image-preview:large","max-video-preview":"max-video-preview:-1"},"canonical":"https:\/\/stonebro.ee\/sv\/toode\/rem\/","og_locale":"sv_SE","og_type":"article","og_title":"Rem","og_description":"Rem \u00e4r inspirerad av en av de mest eleganta vita marmorsorterna p\u00e5 marknaden: Dess sofistikerade design, med bruna...","og_url":"https:\/\/stonebro.ee\/sv\/toode\/rem\/","og_site_name":"StoneBro","og_image":[{"width":2000,"height":1501,"url":"https:\/\/stonebro.ee\/wp-content\/uploads\/2025\/09\/rem-detail.jpg","type":"image\/jpeg"}],"twitter_card":"summary_large_image","schema":{"@context":"https:\/\/schema.org","@graph":[{"@type":"WebPage","@id":"https:\/\/stonebro.ee\/sv\/toode\/rem\/","url":"https:\/\/stonebro.ee\/sv\/toode\/rem\/","name":"Rem - StoneBro","isPartOf":{"@id":"https:\/\/stonebro.ee\/#website"},"primaryImageOfPage":{"@id":"https:\/\/stonebro.ee\/sv\/toode\/rem\/#primaryimage"},"image":{"@id":"https:\/\/stonebro.ee\/sv\/toode\/rem\/#primaryimage"},"thumbnailUrl":"https:\/\/stonebro.ee\/wp-content\/uploads\/2025\/09\/rem-detail.jpg","datePublished":"2025-09-29T08:48:34+00:00","breadcrumb":{"@id":"https:\/\/stonebro.ee\/sv\/toode\/rem\/#breadcrumb"},"inLanguage":"sv-SE","potentialAction":[{"@type":"ReadAction","target":["https:\/\/stonebro.ee\/sv\/toode\/rem\/"]}]},{"@type":"ImageObject","inLanguage":"sv-SE","@id":"https:\/\/stonebro.ee\/sv\/toode\/rem\/#primaryimage","url":"https:\/\/stonebro.ee\/wp-content\/uploads\/2025\/09\/rem-detail.jpg","contentUrl":"https:\/\/stonebro.ee\/wp-content\/uploads\/2025\/09\/rem-detail.jpg","width":2000,"height":1501},{"@type":"BreadcrumbList","@id":"https:\/\/stonebro.ee\/sv\/toode\/rem\/#breadcrumb","itemListElement":[{"@type":"ListItem","position":1,"name":"Home","item":"https:\/\/stonebro.ee\/sv\/"},{"@type":"ListItem","position":2,"name":"Butik","item":"https:\/\/stonebro.ee\/sv\/butik\/"},{"@type":"ListItem","position":3,"name":"Rem"}]},{"@type":"WebSite","@id":"https:\/\/stonebro.ee\/#website","url":"https:\/\/stonebro.ee\/","name":"StoneBro","description":"T\u00f6\u00f6tasapinnad k\u00f6\u00f6ki ja vannituppa","publisher":{"@id":"https:\/\/stonebro.ee\/#organization"},"potentialAction":[{"@type":"SearchAction","target":{"@type":"EntryPoint","urlTemplate":"https:\/\/stonebro.ee\/?s={search_term_string}"},"query-input":{"@type":"PropertyValueSpecification","valueRequired":true,"valueName":"search_term_string"}}],"inLanguage":"sv-SE"},{"@type":"Organization","@id":"https:\/\/stonebro.ee\/#organization","name":"StoneBro","url":"https:\/\/stonebro.ee\/","logo":{"@type":"ImageObject","inLanguage":"sv-SE","@id":"https:\/\/stonebro.ee\/#\/schema\/logo\/image\/","url":"https:\/\/stonebro.ee\/wp-content\/uploads\/2022\/09\/stonebro_logo_303x68_2x-removebg-preview-e1664103751982.png","contentUrl":"https:\/\/stonebro.ee\/wp-content\/uploads\/2022\/09\/stonebro_logo_303x68_2x-removebg-preview-e1664103751982.png","width":200,"height":44,"caption":"StoneBro"},"image":{"@id":"https:\/\/stonebro.ee\/#\/schema\/logo\/image\/"}}]}},"_links":{"self":[{"href":"https:\/\/stonebro.ee\/sv\/wp-json\/wp\/v2\/product\/34553","targetHints":{"allow":["GET"]}}],"collection":[{"href":"https:\/\/stonebro.ee\/sv\/wp-json\/wp\/v2\/product"}],"about":[{"href":"https:\/\/stonebro.ee\/sv\/wp-json\/wp\/v2\/types\/product"}],"replies":[{"embeddable":true,"href":"https:\/\/stonebro.ee\/sv\/wp-json\/wp\/v2\/comments?post=34553"}],"version-history":[{"count":0,"href":"https:\/\/stonebro.ee\/sv\/wp-json\/wp\/v2\/product\/34553\/revisions"}],"wp:featuredmedia":[{"embeddable":true,"href":"https:\/\/stonebro.ee\/sv\/wp-json\/wp\/v2\/media\/32163"}],"wp:attachment":[{"href":"https:\/\/stonebro.ee\/sv\/wp-json\/wp\/v2\/media?parent=34553"}],"wp:term":[{"taxonomy":"product_brand","embeddable":true,"href":"https:\/\/stonebro.ee\/sv\/wp-json\/wp\/v2\/product_brand?post=34553"},{"taxonomy":"product_cat","embeddable":true,"href":"https:\/\/stonebro.ee\/sv\/wp-json\/wp\/v2\/product_cat?post=34553"},{"taxonomy":"product_tag","embeddable":true,"href":"https:\/\/stonebro.ee\/sv\/wp-json\/wp\/v2\/product_tag?post=34553"}],"curies":[{"name":"wp","href":"https:\/\/api.w.org\/{rel}","templated":true}]}}