{"id":34556,"date":"2025-09-29T08:54:54","date_gmt":"2025-09-29T08:54:54","guid":{"rendered":"https:\/\/stonebro.ee\/toode\/soke\/"},"modified":"2025-09-29T08:54:54","modified_gmt":"2025-09-29T08:54:54","slug":"soke","status":"publish","type":"product","link":"https:\/\/stonebro.ee\/sv\/toode\/soke\/","title":{"rendered":"Soke"},"content":{"rendered":"<p>M\u00f6nstret och f\u00e4rgerna, inspirerade av klassiska cementgolv, \u00e4r noggrant utformade. Dess realistiska struktur kombineras med en detaljrik bakgrund. F\u00f6rgrund och bakgrund sm\u00e4lter samman p\u00e5 ett harmoniskt s\u00e4tt tack vare de olika gr\u00e5 nyanserna, vilket g\u00f6r detta till en m\u00e5ngsidig f\u00e4rg som anpassar sig till varje anv\u00e4ndningsomr\u00e5de.<\/p>\n","protected":false},"excerpt":{"rendered":"<p>M\u00f6nstret och f\u00e4rgerna, inspirerade av klassiska cementgolv, \u00e4r noggrant utformade. Dess realistiska struktur kombineras med en detaljrik bakgrund&#8230;.<\/p>\n","protected":false},"featured_media":32191,"comment_status":"closed","ping_status":"closed","template":"","meta":{"_acf_changed":false},"product_brand":[],"product_cat":[252],"product_tag":[],"class_list":{"0":"post-34556","1":"product","2":"type-product","3":"status-publish","4":"has-post-thumbnail","6":"product_cat-dekton","8":"first","9":"instock","10":"shipping-taxable","11":"product-type-simple"},"acf":[],"yoast_head":"<!-- This site is optimized with the Yoast SEO Premium plugin v26.8 (Yoast SEO v27.3) - https:\/\/yoast.com\/product\/yoast-seo-premium-wordpress\/ -->\n<title>Soke - StoneBro<\/title>\n<meta name=\"robots\" content=\"index, follow, max-snippet:-1, max-image-preview:large, max-video-preview:-1\" \/>\n<link rel=\"canonical\" href=\"https:\/\/stonebro.ee\/sv\/toode\/soke\/\" \/>\n<meta property=\"og:locale\" content=\"sv_SE\" \/>\n<meta property=\"og:type\" content=\"article\" \/>\n<meta property=\"og:title\" content=\"Soke\" \/>\n<meta property=\"og:description\" content=\"M\u00f6nstret och f\u00e4rgerna, inspirerade av klassiska cementgolv, \u00e4r noggrant utformade. Dess realistiska struktur kombineras med en detaljrik bakgrund....\" \/>\n<meta property=\"og:url\" content=\"https:\/\/stonebro.ee\/sv\/toode\/soke\/\" \/>\n<meta property=\"og:site_name\" content=\"StoneBro\" \/>\n<meta property=\"og:image\" content=\"https:\/\/stonebro.ee\/wp-content\/uploads\/2025\/09\/soke-detail.jpg\" \/>\n\t<meta property=\"og:image:width\" content=\"2000\" \/>\n\t<meta property=\"og:image:height\" content=\"1358\" \/>\n\t<meta property=\"og:image:type\" content=\"image\/jpeg\" \/>\n<meta name=\"twitter:card\" content=\"summary_large_image\" \/>\n<script type=\"application\/ld+json\" class=\"yoast-schema-graph\">{\"@context\":\"https:\\\/\\\/schema.org\",\"@graph\":[{\"@type\":\"WebPage\",\"@id\":\"https:\\\/\\\/stonebro.ee\\\/sv\\\/toode\\\/soke\\\/\",\"url\":\"https:\\\/\\\/stonebro.ee\\\/sv\\\/toode\\\/soke\\\/\",\"name\":\"Soke - StoneBro\",\"isPartOf\":{\"@id\":\"https:\\\/\\\/stonebro.ee\\\/#website\"},\"primaryImageOfPage\":{\"@id\":\"https:\\\/\\\/stonebro.ee\\\/sv\\\/toode\\\/soke\\\/#primaryimage\"},\"image\":{\"@id\":\"https:\\\/\\\/stonebro.ee\\\/sv\\\/toode\\\/soke\\\/#primaryimage\"},\"thumbnailUrl\":\"https:\\\/\\\/stonebro.ee\\\/wp-content\\\/uploads\\\/2025\\\/09\\\/soke-detail.jpg\",\"datePublished\":\"2025-09-29T08:54:54+00:00\",\"breadcrumb\":{\"@id\":\"https:\\\/\\\/stonebro.ee\\\/sv\\\/toode\\\/soke\\\/#breadcrumb\"},\"inLanguage\":\"sv-SE\",\"potentialAction\":[{\"@type\":\"ReadAction\",\"target\":[\"https:\\\/\\\/stonebro.ee\\\/sv\\\/toode\\\/soke\\\/\"]}]},{\"@type\":\"ImageObject\",\"inLanguage\":\"sv-SE\",\"@id\":\"https:\\\/\\\/stonebro.ee\\\/sv\\\/toode\\\/soke\\\/#primaryimage\",\"url\":\"https:\\\/\\\/stonebro.ee\\\/wp-content\\\/uploads\\\/2025\\\/09\\\/soke-detail.jpg\",\"contentUrl\":\"https:\\\/\\\/stonebro.ee\\\/wp-content\\\/uploads\\\/2025\\\/09\\\/soke-detail.jpg\",\"width\":2000,\"height\":1358},{\"@type\":\"BreadcrumbList\",\"@id\":\"https:\\\/\\\/stonebro.ee\\\/sv\\\/toode\\\/soke\\\/#breadcrumb\",\"itemListElement\":[{\"@type\":\"ListItem\",\"position\":1,\"name\":\"Home\",\"item\":\"https:\\\/\\\/stonebro.ee\\\/sv\\\/\"},{\"@type\":\"ListItem\",\"position\":2,\"name\":\"Butik\",\"item\":\"https:\\\/\\\/stonebro.ee\\\/sv\\\/butik\\\/\"},{\"@type\":\"ListItem\",\"position\":3,\"name\":\"Soke\"}]},{\"@type\":\"WebSite\",\"@id\":\"https:\\\/\\\/stonebro.ee\\\/#website\",\"url\":\"https:\\\/\\\/stonebro.ee\\\/\",\"name\":\"StoneBro\",\"description\":\"T\u00f6\u00f6tasapinnad k\u00f6\u00f6ki ja vannituppa\",\"publisher\":{\"@id\":\"https:\\\/\\\/stonebro.ee\\\/#organization\"},\"potentialAction\":[{\"@type\":\"SearchAction\",\"target\":{\"@type\":\"EntryPoint\",\"urlTemplate\":\"https:\\\/\\\/stonebro.ee\\\/?s={search_term_string}\"},\"query-input\":{\"@type\":\"PropertyValueSpecification\",\"valueRequired\":true,\"valueName\":\"search_term_string\"}}],\"inLanguage\":\"sv-SE\"},{\"@type\":\"Organization\",\"@id\":\"https:\\\/\\\/stonebro.ee\\\/#organization\",\"name\":\"StoneBro\",\"url\":\"https:\\\/\\\/stonebro.ee\\\/\",\"logo\":{\"@type\":\"ImageObject\",\"inLanguage\":\"sv-SE\",\"@id\":\"https:\\\/\\\/stonebro.ee\\\/#\\\/schema\\\/logo\\\/image\\\/\",\"url\":\"https:\\\/\\\/stonebro.ee\\\/wp-content\\\/uploads\\\/2022\\\/09\\\/stonebro_logo_303x68_2x-removebg-preview-e1664103751982.png\",\"contentUrl\":\"https:\\\/\\\/stonebro.ee\\\/wp-content\\\/uploads\\\/2022\\\/09\\\/stonebro_logo_303x68_2x-removebg-preview-e1664103751982.png\",\"width\":200,\"height\":44,\"caption\":\"StoneBro\"},\"image\":{\"@id\":\"https:\\\/\\\/stonebro.ee\\\/#\\\/schema\\\/logo\\\/image\\\/\"}}]}<\/script>\n<!-- \/ Yoast SEO Premium plugin. -->","yoast_head_json":{"title":"Soke - StoneBro","robots":{"index":"index","follow":"follow","max-snippet":"max-snippet:-1","max-image-preview":"max-image-preview:large","max-video-preview":"max-video-preview:-1"},"canonical":"https:\/\/stonebro.ee\/sv\/toode\/soke\/","og_locale":"sv_SE","og_type":"article","og_title":"Soke","og_description":"M\u00f6nstret och f\u00e4rgerna, inspirerade av klassiska cementgolv, \u00e4r noggrant utformade. Dess realistiska struktur kombineras med en detaljrik bakgrund....","og_url":"https:\/\/stonebro.ee\/sv\/toode\/soke\/","og_site_name":"StoneBro","og_image":[{"width":2000,"height":1358,"url":"https:\/\/stonebro.ee\/wp-content\/uploads\/2025\/09\/soke-detail.jpg","type":"image\/jpeg"}],"twitter_card":"summary_large_image","schema":{"@context":"https:\/\/schema.org","@graph":[{"@type":"WebPage","@id":"https:\/\/stonebro.ee\/sv\/toode\/soke\/","url":"https:\/\/stonebro.ee\/sv\/toode\/soke\/","name":"Soke - StoneBro","isPartOf":{"@id":"https:\/\/stonebro.ee\/#website"},"primaryImageOfPage":{"@id":"https:\/\/stonebro.ee\/sv\/toode\/soke\/#primaryimage"},"image":{"@id":"https:\/\/stonebro.ee\/sv\/toode\/soke\/#primaryimage"},"thumbnailUrl":"https:\/\/stonebro.ee\/wp-content\/uploads\/2025\/09\/soke-detail.jpg","datePublished":"2025-09-29T08:54:54+00:00","breadcrumb":{"@id":"https:\/\/stonebro.ee\/sv\/toode\/soke\/#breadcrumb"},"inLanguage":"sv-SE","potentialAction":[{"@type":"ReadAction","target":["https:\/\/stonebro.ee\/sv\/toode\/soke\/"]}]},{"@type":"ImageObject","inLanguage":"sv-SE","@id":"https:\/\/stonebro.ee\/sv\/toode\/soke\/#primaryimage","url":"https:\/\/stonebro.ee\/wp-content\/uploads\/2025\/09\/soke-detail.jpg","contentUrl":"https:\/\/stonebro.ee\/wp-content\/uploads\/2025\/09\/soke-detail.jpg","width":2000,"height":1358},{"@type":"BreadcrumbList","@id":"https:\/\/stonebro.ee\/sv\/toode\/soke\/#breadcrumb","itemListElement":[{"@type":"ListItem","position":1,"name":"Home","item":"https:\/\/stonebro.ee\/sv\/"},{"@type":"ListItem","position":2,"name":"Butik","item":"https:\/\/stonebro.ee\/sv\/butik\/"},{"@type":"ListItem","position":3,"name":"Soke"}]},{"@type":"WebSite","@id":"https:\/\/stonebro.ee\/#website","url":"https:\/\/stonebro.ee\/","name":"StoneBro","description":"T\u00f6\u00f6tasapinnad k\u00f6\u00f6ki ja vannituppa","publisher":{"@id":"https:\/\/stonebro.ee\/#organization"},"potentialAction":[{"@type":"SearchAction","target":{"@type":"EntryPoint","urlTemplate":"https:\/\/stonebro.ee\/?s={search_term_string}"},"query-input":{"@type":"PropertyValueSpecification","valueRequired":true,"valueName":"search_term_string"}}],"inLanguage":"sv-SE"},{"@type":"Organization","@id":"https:\/\/stonebro.ee\/#organization","name":"StoneBro","url":"https:\/\/stonebro.ee\/","logo":{"@type":"ImageObject","inLanguage":"sv-SE","@id":"https:\/\/stonebro.ee\/#\/schema\/logo\/image\/","url":"https:\/\/stonebro.ee\/wp-content\/uploads\/2022\/09\/stonebro_logo_303x68_2x-removebg-preview-e1664103751982.png","contentUrl":"https:\/\/stonebro.ee\/wp-content\/uploads\/2022\/09\/stonebro_logo_303x68_2x-removebg-preview-e1664103751982.png","width":200,"height":44,"caption":"StoneBro"},"image":{"@id":"https:\/\/stonebro.ee\/#\/schema\/logo\/image\/"}}]}},"_links":{"self":[{"href":"https:\/\/stonebro.ee\/sv\/wp-json\/wp\/v2\/product\/34556","targetHints":{"allow":["GET"]}}],"collection":[{"href":"https:\/\/stonebro.ee\/sv\/wp-json\/wp\/v2\/product"}],"about":[{"href":"https:\/\/stonebro.ee\/sv\/wp-json\/wp\/v2\/types\/product"}],"replies":[{"embeddable":true,"href":"https:\/\/stonebro.ee\/sv\/wp-json\/wp\/v2\/comments?post=34556"}],"version-history":[{"count":0,"href":"https:\/\/stonebro.ee\/sv\/wp-json\/wp\/v2\/product\/34556\/revisions"}],"wp:featuredmedia":[{"embeddable":true,"href":"https:\/\/stonebro.ee\/sv\/wp-json\/wp\/v2\/media\/32191"}],"wp:attachment":[{"href":"https:\/\/stonebro.ee\/sv\/wp-json\/wp\/v2\/media?parent=34556"}],"wp:term":[{"taxonomy":"product_brand","embeddable":true,"href":"https:\/\/stonebro.ee\/sv\/wp-json\/wp\/v2\/product_brand?post=34556"},{"taxonomy":"product_cat","embeddable":true,"href":"https:\/\/stonebro.ee\/sv\/wp-json\/wp\/v2\/product_cat?post=34556"},{"taxonomy":"product_tag","embeddable":true,"href":"https:\/\/stonebro.ee\/sv\/wp-json\/wp\/v2\/product_tag?post=34556"}],"curies":[{"name":"wp","href":"https:\/\/api.w.org\/{rel}","templated":true}]}}