{"id":34569,"date":"2025-10-20T09:39:49","date_gmt":"2025-10-20T09:39:49","guid":{"rendered":"https:\/\/stonebro.ee\/toode\/bianco-assoluto\/"},"modified":"2025-10-23T13:11:55","modified_gmt":"2025-10-23T13:11:55","slug":"bianco-assoluto","status":"publish","type":"product","link":"https:\/\/stonebro.ee\/sv\/toode\/bianco-assoluto\/","title":{"rendered":"Bianco Assoluto"},"content":{"rendered":"<p>Bianco Assoluto \u00e4r den version i kollektionen som markerar utg\u00e5ngspunkten f\u00f6r en serie f\u00e4rger som nu har blivit oumb\u00e4rliga f\u00f6r Laminam.<\/p>\n","protected":false},"excerpt":{"rendered":"<p>Bianco Assoluto \u00e4r den version i kollektionen som markerar utg\u00e5ngspunkten f\u00f6r en serie f\u00e4rger som nu har blivit&#8230;<\/p>\n","protected":false},"featured_media":34356,"comment_status":"closed","ping_status":"closed","template":"","meta":{"_acf_changed":false},"product_brand":[],"product_cat":[253],"product_tag":[],"class_list":{"0":"post-34569","1":"product","2":"type-product","3":"status-publish","4":"has-post-thumbnail","6":"product_cat-laminam","8":"first","9":"instock","10":"shipping-taxable","11":"product-type-simple"},"acf":[],"yoast_head":"<!-- This site is optimized with the Yoast SEO Premium plugin v26.8 (Yoast SEO v27.3) - https:\/\/yoast.com\/product\/yoast-seo-premium-wordpress\/ -->\n<title>Bianco Assoluto - StoneBro<\/title>\n<meta name=\"robots\" content=\"index, follow, max-snippet:-1, max-image-preview:large, max-video-preview:-1\" \/>\n<link rel=\"canonical\" href=\"https:\/\/stonebro.ee\/sv\/toode\/bianco-assoluto\/\" \/>\n<meta property=\"og:locale\" content=\"sv_SE\" \/>\n<meta property=\"og:type\" content=\"article\" \/>\n<meta property=\"og:title\" content=\"Bianco Assoluto\" \/>\n<meta property=\"og:description\" content=\"Bianco Assoluto \u00e4r den version i kollektionen som markerar utg\u00e5ngspunkten f\u00f6r en serie f\u00e4rger som nu har blivit...\" \/>\n<meta property=\"og:url\" content=\"https:\/\/stonebro.ee\/sv\/toode\/bianco-assoluto\/\" \/>\n<meta property=\"og:site_name\" content=\"StoneBro\" \/>\n<meta property=\"article:modified_time\" content=\"2025-10-23T13:11:55+00:00\" \/>\n<meta property=\"og:image\" content=\"https:\/\/stonebro.ee\/wp-content\/uploads\/2025\/10\/BIANCO_ASSOLUTO___SATIN.jpg\" \/>\n\t<meta property=\"og:image:width\" content=\"2296\" \/>\n\t<meta property=\"og:image:height\" content=\"1292\" \/>\n\t<meta property=\"og:image:type\" content=\"image\/jpeg\" \/>\n<meta name=\"twitter:card\" content=\"summary_large_image\" \/>\n<meta name=\"twitter:label1\" content=\"Ber\u00e4knad l\u00e4stid\" \/>\n\t<meta name=\"twitter:data1\" content=\"1 minut\" \/>\n<script type=\"application\/ld+json\" class=\"yoast-schema-graph\">{\"@context\":\"https:\\\/\\\/schema.org\",\"@graph\":[{\"@type\":\"WebPage\",\"@id\":\"https:\\\/\\\/stonebro.ee\\\/sv\\\/toode\\\/bianco-assoluto\\\/\",\"url\":\"https:\\\/\\\/stonebro.ee\\\/sv\\\/toode\\\/bianco-assoluto\\\/\",\"name\":\"Bianco Assoluto - StoneBro\",\"isPartOf\":{\"@id\":\"https:\\\/\\\/stonebro.ee\\\/#website\"},\"primaryImageOfPage\":{\"@id\":\"https:\\\/\\\/stonebro.ee\\\/sv\\\/toode\\\/bianco-assoluto\\\/#primaryimage\"},\"image\":{\"@id\":\"https:\\\/\\\/stonebro.ee\\\/sv\\\/toode\\\/bianco-assoluto\\\/#primaryimage\"},\"thumbnailUrl\":\"https:\\\/\\\/stonebro.ee\\\/wp-content\\\/uploads\\\/2025\\\/10\\\/BIANCO_ASSOLUTO___SATIN.jpg\",\"datePublished\":\"2025-10-20T09:39:49+00:00\",\"dateModified\":\"2025-10-23T13:11:55+00:00\",\"breadcrumb\":{\"@id\":\"https:\\\/\\\/stonebro.ee\\\/sv\\\/toode\\\/bianco-assoluto\\\/#breadcrumb\"},\"inLanguage\":\"sv-SE\",\"potentialAction\":[{\"@type\":\"ReadAction\",\"target\":[\"https:\\\/\\\/stonebro.ee\\\/sv\\\/toode\\\/bianco-assoluto\\\/\"]}]},{\"@type\":\"ImageObject\",\"inLanguage\":\"sv-SE\",\"@id\":\"https:\\\/\\\/stonebro.ee\\\/sv\\\/toode\\\/bianco-assoluto\\\/#primaryimage\",\"url\":\"https:\\\/\\\/stonebro.ee\\\/wp-content\\\/uploads\\\/2025\\\/10\\\/BIANCO_ASSOLUTO___SATIN.jpg\",\"contentUrl\":\"https:\\\/\\\/stonebro.ee\\\/wp-content\\\/uploads\\\/2025\\\/10\\\/BIANCO_ASSOLUTO___SATIN.jpg\",\"width\":2296,\"height\":1292},{\"@type\":\"BreadcrumbList\",\"@id\":\"https:\\\/\\\/stonebro.ee\\\/sv\\\/toode\\\/bianco-assoluto\\\/#breadcrumb\",\"itemListElement\":[{\"@type\":\"ListItem\",\"position\":1,\"name\":\"Home\",\"item\":\"https:\\\/\\\/stonebro.ee\\\/sv\\\/\"},{\"@type\":\"ListItem\",\"position\":2,\"name\":\"Butik\",\"item\":\"https:\\\/\\\/stonebro.ee\\\/sv\\\/butik\\\/\"},{\"@type\":\"ListItem\",\"position\":3,\"name\":\"Bianco Assoluto\"}]},{\"@type\":\"WebSite\",\"@id\":\"https:\\\/\\\/stonebro.ee\\\/#website\",\"url\":\"https:\\\/\\\/stonebro.ee\\\/\",\"name\":\"StoneBro\",\"description\":\"T\u00f6\u00f6tasapinnad k\u00f6\u00f6ki ja vannituppa\",\"publisher\":{\"@id\":\"https:\\\/\\\/stonebro.ee\\\/#organization\"},\"potentialAction\":[{\"@type\":\"SearchAction\",\"target\":{\"@type\":\"EntryPoint\",\"urlTemplate\":\"https:\\\/\\\/stonebro.ee\\\/?s={search_term_string}\"},\"query-input\":{\"@type\":\"PropertyValueSpecification\",\"valueRequired\":true,\"valueName\":\"search_term_string\"}}],\"inLanguage\":\"sv-SE\"},{\"@type\":\"Organization\",\"@id\":\"https:\\\/\\\/stonebro.ee\\\/#organization\",\"name\":\"StoneBro\",\"url\":\"https:\\\/\\\/stonebro.ee\\\/\",\"logo\":{\"@type\":\"ImageObject\",\"inLanguage\":\"sv-SE\",\"@id\":\"https:\\\/\\\/stonebro.ee\\\/#\\\/schema\\\/logo\\\/image\\\/\",\"url\":\"https:\\\/\\\/stonebro.ee\\\/wp-content\\\/uploads\\\/2022\\\/09\\\/stonebro_logo_303x68_2x-removebg-preview-e1664103751982.png\",\"contentUrl\":\"https:\\\/\\\/stonebro.ee\\\/wp-content\\\/uploads\\\/2022\\\/09\\\/stonebro_logo_303x68_2x-removebg-preview-e1664103751982.png\",\"width\":200,\"height\":44,\"caption\":\"StoneBro\"},\"image\":{\"@id\":\"https:\\\/\\\/stonebro.ee\\\/#\\\/schema\\\/logo\\\/image\\\/\"}}]}<\/script>\n<!-- \/ Yoast SEO Premium plugin. -->","yoast_head_json":{"title":"Bianco Assoluto - StoneBro","robots":{"index":"index","follow":"follow","max-snippet":"max-snippet:-1","max-image-preview":"max-image-preview:large","max-video-preview":"max-video-preview:-1"},"canonical":"https:\/\/stonebro.ee\/sv\/toode\/bianco-assoluto\/","og_locale":"sv_SE","og_type":"article","og_title":"Bianco Assoluto","og_description":"Bianco Assoluto \u00e4r den version i kollektionen som markerar utg\u00e5ngspunkten f\u00f6r en serie f\u00e4rger som nu har blivit...","og_url":"https:\/\/stonebro.ee\/sv\/toode\/bianco-assoluto\/","og_site_name":"StoneBro","article_modified_time":"2025-10-23T13:11:55+00:00","og_image":[{"width":2296,"height":1292,"url":"https:\/\/stonebro.ee\/wp-content\/uploads\/2025\/10\/BIANCO_ASSOLUTO___SATIN.jpg","type":"image\/jpeg"}],"twitter_card":"summary_large_image","twitter_misc":{"Ber\u00e4knad l\u00e4stid":"1 minut"},"schema":{"@context":"https:\/\/schema.org","@graph":[{"@type":"WebPage","@id":"https:\/\/stonebro.ee\/sv\/toode\/bianco-assoluto\/","url":"https:\/\/stonebro.ee\/sv\/toode\/bianco-assoluto\/","name":"Bianco Assoluto - StoneBro","isPartOf":{"@id":"https:\/\/stonebro.ee\/#website"},"primaryImageOfPage":{"@id":"https:\/\/stonebro.ee\/sv\/toode\/bianco-assoluto\/#primaryimage"},"image":{"@id":"https:\/\/stonebro.ee\/sv\/toode\/bianco-assoluto\/#primaryimage"},"thumbnailUrl":"https:\/\/stonebro.ee\/wp-content\/uploads\/2025\/10\/BIANCO_ASSOLUTO___SATIN.jpg","datePublished":"2025-10-20T09:39:49+00:00","dateModified":"2025-10-23T13:11:55+00:00","breadcrumb":{"@id":"https:\/\/stonebro.ee\/sv\/toode\/bianco-assoluto\/#breadcrumb"},"inLanguage":"sv-SE","potentialAction":[{"@type":"ReadAction","target":["https:\/\/stonebro.ee\/sv\/toode\/bianco-assoluto\/"]}]},{"@type":"ImageObject","inLanguage":"sv-SE","@id":"https:\/\/stonebro.ee\/sv\/toode\/bianco-assoluto\/#primaryimage","url":"https:\/\/stonebro.ee\/wp-content\/uploads\/2025\/10\/BIANCO_ASSOLUTO___SATIN.jpg","contentUrl":"https:\/\/stonebro.ee\/wp-content\/uploads\/2025\/10\/BIANCO_ASSOLUTO___SATIN.jpg","width":2296,"height":1292},{"@type":"BreadcrumbList","@id":"https:\/\/stonebro.ee\/sv\/toode\/bianco-assoluto\/#breadcrumb","itemListElement":[{"@type":"ListItem","position":1,"name":"Home","item":"https:\/\/stonebro.ee\/sv\/"},{"@type":"ListItem","position":2,"name":"Butik","item":"https:\/\/stonebro.ee\/sv\/butik\/"},{"@type":"ListItem","position":3,"name":"Bianco Assoluto"}]},{"@type":"WebSite","@id":"https:\/\/stonebro.ee\/#website","url":"https:\/\/stonebro.ee\/","name":"StoneBro","description":"T\u00f6\u00f6tasapinnad k\u00f6\u00f6ki ja vannituppa","publisher":{"@id":"https:\/\/stonebro.ee\/#organization"},"potentialAction":[{"@type":"SearchAction","target":{"@type":"EntryPoint","urlTemplate":"https:\/\/stonebro.ee\/?s={search_term_string}"},"query-input":{"@type":"PropertyValueSpecification","valueRequired":true,"valueName":"search_term_string"}}],"inLanguage":"sv-SE"},{"@type":"Organization","@id":"https:\/\/stonebro.ee\/#organization","name":"StoneBro","url":"https:\/\/stonebro.ee\/","logo":{"@type":"ImageObject","inLanguage":"sv-SE","@id":"https:\/\/stonebro.ee\/#\/schema\/logo\/image\/","url":"https:\/\/stonebro.ee\/wp-content\/uploads\/2022\/09\/stonebro_logo_303x68_2x-removebg-preview-e1664103751982.png","contentUrl":"https:\/\/stonebro.ee\/wp-content\/uploads\/2022\/09\/stonebro_logo_303x68_2x-removebg-preview-e1664103751982.png","width":200,"height":44,"caption":"StoneBro"},"image":{"@id":"https:\/\/stonebro.ee\/#\/schema\/logo\/image\/"}}]}},"_links":{"self":[{"href":"https:\/\/stonebro.ee\/sv\/wp-json\/wp\/v2\/product\/34569","targetHints":{"allow":["GET"]}}],"collection":[{"href":"https:\/\/stonebro.ee\/sv\/wp-json\/wp\/v2\/product"}],"about":[{"href":"https:\/\/stonebro.ee\/sv\/wp-json\/wp\/v2\/types\/product"}],"replies":[{"embeddable":true,"href":"https:\/\/stonebro.ee\/sv\/wp-json\/wp\/v2\/comments?post=34569"}],"version-history":[{"count":1,"href":"https:\/\/stonebro.ee\/sv\/wp-json\/wp\/v2\/product\/34569\/revisions"}],"predecessor-version":[{"id":34583,"href":"https:\/\/stonebro.ee\/sv\/wp-json\/wp\/v2\/product\/34569\/revisions\/34583"}],"wp:featuredmedia":[{"embeddable":true,"href":"https:\/\/stonebro.ee\/sv\/wp-json\/wp\/v2\/media\/34356"}],"wp:attachment":[{"href":"https:\/\/stonebro.ee\/sv\/wp-json\/wp\/v2\/media?parent=34569"}],"wp:term":[{"taxonomy":"product_brand","embeddable":true,"href":"https:\/\/stonebro.ee\/sv\/wp-json\/wp\/v2\/product_brand?post=34569"},{"taxonomy":"product_cat","embeddable":true,"href":"https:\/\/stonebro.ee\/sv\/wp-json\/wp\/v2\/product_cat?post=34569"},{"taxonomy":"product_tag","embeddable":true,"href":"https:\/\/stonebro.ee\/sv\/wp-json\/wp\/v2\/product_tag?post=34569"}],"curies":[{"name":"wp","href":"https:\/\/api.w.org\/{rel}","templated":true}]}}