{"id":34648,"date":"2025-10-13T06:34:22","date_gmt":"2025-10-13T06:34:22","guid":{"rendered":"https:\/\/stonebro.ee\/toode\/turbine-grey\/"},"modified":"2025-10-13T06:34:22","modified_gmt":"2025-10-13T06:34:22","slug":"turbine-grey","status":"publish","type":"product","link":"https:\/\/stonebro.ee\/sv\/toode\/turbine-grey\/","title":{"rendered":"Turbine Grey"},"content":{"rendered":"<p>En nyansrik palett av gr\u00e5 virvlar med m\u00f6rka och ljusa \u00e5dror som f\u00e5ngar den levande texturen hos \u00e4kta granit.<\/p>\n","protected":false},"excerpt":{"rendered":"<p>En nyansrik palett av gr\u00e5 virvlar med m\u00f6rka och ljusa \u00e5dror som f\u00e5ngar den levande texturen hos \u00e4kta&#8230;<\/p>\n","protected":false},"featured_media":32954,"comment_status":"closed","ping_status":"closed","template":"","meta":{"_acf_changed":false},"product_brand":[],"product_cat":[255],"product_tag":[],"class_list":{"0":"post-34648","1":"product","2":"type-product","3":"status-publish","4":"has-post-thumbnail","6":"product_cat-caesarstone","8":"first","9":"instock","10":"shipping-taxable","11":"product-type-simple"},"acf":[],"yoast_head":"<!-- This site is optimized with the Yoast SEO Premium plugin v26.8 (Yoast SEO v27.3) - https:\/\/yoast.com\/product\/yoast-seo-premium-wordpress\/ -->\n<title>Turbine Grey - StoneBro<\/title>\n<meta name=\"robots\" content=\"index, follow, max-snippet:-1, max-image-preview:large, max-video-preview:-1\" \/>\n<link rel=\"canonical\" href=\"https:\/\/stonebro.ee\/sv\/toode\/turbine-grey\/\" \/>\n<meta property=\"og:locale\" content=\"sv_SE\" \/>\n<meta property=\"og:type\" content=\"article\" \/>\n<meta property=\"og:title\" content=\"Turbine Grey\" \/>\n<meta property=\"og:description\" content=\"En nyansrik palett av gr\u00e5 virvlar med m\u00f6rka och ljusa \u00e5dror som f\u00e5ngar den levande texturen hos \u00e4kta...\" \/>\n<meta property=\"og:url\" content=\"https:\/\/stonebro.ee\/sv\/toode\/turbine-grey\/\" \/>\n<meta property=\"og:site_name\" content=\"StoneBro\" \/>\n<meta property=\"og:image\" content=\"https:\/\/stonebro.ee\/wp-content\/uploads\/2025\/10\/Turbine-Grey-slab.jpg\" \/>\n\t<meta property=\"og:image:width\" content=\"1230\" \/>\n\t<meta property=\"og:image:height\" content=\"550\" \/>\n\t<meta property=\"og:image:type\" content=\"image\/jpeg\" \/>\n<meta name=\"twitter:card\" content=\"summary_large_image\" \/>\n<script type=\"application\/ld+json\" class=\"yoast-schema-graph\">{\"@context\":\"https:\\\/\\\/schema.org\",\"@graph\":[{\"@type\":\"WebPage\",\"@id\":\"https:\\\/\\\/stonebro.ee\\\/sv\\\/toode\\\/turbine-grey\\\/\",\"url\":\"https:\\\/\\\/stonebro.ee\\\/sv\\\/toode\\\/turbine-grey\\\/\",\"name\":\"Turbine Grey - StoneBro\",\"isPartOf\":{\"@id\":\"https:\\\/\\\/stonebro.ee\\\/#website\"},\"primaryImageOfPage\":{\"@id\":\"https:\\\/\\\/stonebro.ee\\\/sv\\\/toode\\\/turbine-grey\\\/#primaryimage\"},\"image\":{\"@id\":\"https:\\\/\\\/stonebro.ee\\\/sv\\\/toode\\\/turbine-grey\\\/#primaryimage\"},\"thumbnailUrl\":\"https:\\\/\\\/stonebro.ee\\\/wp-content\\\/uploads\\\/2025\\\/10\\\/Turbine-Grey-slab.jpg\",\"datePublished\":\"2025-10-13T06:34:22+00:00\",\"breadcrumb\":{\"@id\":\"https:\\\/\\\/stonebro.ee\\\/sv\\\/toode\\\/turbine-grey\\\/#breadcrumb\"},\"inLanguage\":\"sv-SE\",\"potentialAction\":[{\"@type\":\"ReadAction\",\"target\":[\"https:\\\/\\\/stonebro.ee\\\/sv\\\/toode\\\/turbine-grey\\\/\"]}]},{\"@type\":\"ImageObject\",\"inLanguage\":\"sv-SE\",\"@id\":\"https:\\\/\\\/stonebro.ee\\\/sv\\\/toode\\\/turbine-grey\\\/#primaryimage\",\"url\":\"https:\\\/\\\/stonebro.ee\\\/wp-content\\\/uploads\\\/2025\\\/10\\\/Turbine-Grey-slab.jpg\",\"contentUrl\":\"https:\\\/\\\/stonebro.ee\\\/wp-content\\\/uploads\\\/2025\\\/10\\\/Turbine-Grey-slab.jpg\",\"width\":1230,\"height\":550},{\"@type\":\"BreadcrumbList\",\"@id\":\"https:\\\/\\\/stonebro.ee\\\/sv\\\/toode\\\/turbine-grey\\\/#breadcrumb\",\"itemListElement\":[{\"@type\":\"ListItem\",\"position\":1,\"name\":\"Home\",\"item\":\"https:\\\/\\\/stonebro.ee\\\/sv\\\/\"},{\"@type\":\"ListItem\",\"position\":2,\"name\":\"Butik\",\"item\":\"https:\\\/\\\/stonebro.ee\\\/sv\\\/butik\\\/\"},{\"@type\":\"ListItem\",\"position\":3,\"name\":\"Turbine Grey\"}]},{\"@type\":\"WebSite\",\"@id\":\"https:\\\/\\\/stonebro.ee\\\/#website\",\"url\":\"https:\\\/\\\/stonebro.ee\\\/\",\"name\":\"StoneBro\",\"description\":\"T\u00f6\u00f6tasapinnad k\u00f6\u00f6ki ja vannituppa\",\"publisher\":{\"@id\":\"https:\\\/\\\/stonebro.ee\\\/#organization\"},\"potentialAction\":[{\"@type\":\"SearchAction\",\"target\":{\"@type\":\"EntryPoint\",\"urlTemplate\":\"https:\\\/\\\/stonebro.ee\\\/?s={search_term_string}\"},\"query-input\":{\"@type\":\"PropertyValueSpecification\",\"valueRequired\":true,\"valueName\":\"search_term_string\"}}],\"inLanguage\":\"sv-SE\"},{\"@type\":\"Organization\",\"@id\":\"https:\\\/\\\/stonebro.ee\\\/#organization\",\"name\":\"StoneBro\",\"url\":\"https:\\\/\\\/stonebro.ee\\\/\",\"logo\":{\"@type\":\"ImageObject\",\"inLanguage\":\"sv-SE\",\"@id\":\"https:\\\/\\\/stonebro.ee\\\/#\\\/schema\\\/logo\\\/image\\\/\",\"url\":\"https:\\\/\\\/stonebro.ee\\\/wp-content\\\/uploads\\\/2022\\\/09\\\/stonebro_logo_303x68_2x-removebg-preview-e1664103751982.png\",\"contentUrl\":\"https:\\\/\\\/stonebro.ee\\\/wp-content\\\/uploads\\\/2022\\\/09\\\/stonebro_logo_303x68_2x-removebg-preview-e1664103751982.png\",\"width\":200,\"height\":44,\"caption\":\"StoneBro\"},\"image\":{\"@id\":\"https:\\\/\\\/stonebro.ee\\\/#\\\/schema\\\/logo\\\/image\\\/\"}}]}<\/script>\n<!-- \/ Yoast SEO Premium plugin. -->","yoast_head_json":{"title":"Turbine Grey - StoneBro","robots":{"index":"index","follow":"follow","max-snippet":"max-snippet:-1","max-image-preview":"max-image-preview:large","max-video-preview":"max-video-preview:-1"},"canonical":"https:\/\/stonebro.ee\/sv\/toode\/turbine-grey\/","og_locale":"sv_SE","og_type":"article","og_title":"Turbine Grey","og_description":"En nyansrik palett av gr\u00e5 virvlar med m\u00f6rka och ljusa \u00e5dror som f\u00e5ngar den levande texturen hos \u00e4kta...","og_url":"https:\/\/stonebro.ee\/sv\/toode\/turbine-grey\/","og_site_name":"StoneBro","og_image":[{"width":1230,"height":550,"url":"https:\/\/stonebro.ee\/wp-content\/uploads\/2025\/10\/Turbine-Grey-slab.jpg","type":"image\/jpeg"}],"twitter_card":"summary_large_image","schema":{"@context":"https:\/\/schema.org","@graph":[{"@type":"WebPage","@id":"https:\/\/stonebro.ee\/sv\/toode\/turbine-grey\/","url":"https:\/\/stonebro.ee\/sv\/toode\/turbine-grey\/","name":"Turbine Grey - StoneBro","isPartOf":{"@id":"https:\/\/stonebro.ee\/#website"},"primaryImageOfPage":{"@id":"https:\/\/stonebro.ee\/sv\/toode\/turbine-grey\/#primaryimage"},"image":{"@id":"https:\/\/stonebro.ee\/sv\/toode\/turbine-grey\/#primaryimage"},"thumbnailUrl":"https:\/\/stonebro.ee\/wp-content\/uploads\/2025\/10\/Turbine-Grey-slab.jpg","datePublished":"2025-10-13T06:34:22+00:00","breadcrumb":{"@id":"https:\/\/stonebro.ee\/sv\/toode\/turbine-grey\/#breadcrumb"},"inLanguage":"sv-SE","potentialAction":[{"@type":"ReadAction","target":["https:\/\/stonebro.ee\/sv\/toode\/turbine-grey\/"]}]},{"@type":"ImageObject","inLanguage":"sv-SE","@id":"https:\/\/stonebro.ee\/sv\/toode\/turbine-grey\/#primaryimage","url":"https:\/\/stonebro.ee\/wp-content\/uploads\/2025\/10\/Turbine-Grey-slab.jpg","contentUrl":"https:\/\/stonebro.ee\/wp-content\/uploads\/2025\/10\/Turbine-Grey-slab.jpg","width":1230,"height":550},{"@type":"BreadcrumbList","@id":"https:\/\/stonebro.ee\/sv\/toode\/turbine-grey\/#breadcrumb","itemListElement":[{"@type":"ListItem","position":1,"name":"Home","item":"https:\/\/stonebro.ee\/sv\/"},{"@type":"ListItem","position":2,"name":"Butik","item":"https:\/\/stonebro.ee\/sv\/butik\/"},{"@type":"ListItem","position":3,"name":"Turbine Grey"}]},{"@type":"WebSite","@id":"https:\/\/stonebro.ee\/#website","url":"https:\/\/stonebro.ee\/","name":"StoneBro","description":"T\u00f6\u00f6tasapinnad k\u00f6\u00f6ki ja vannituppa","publisher":{"@id":"https:\/\/stonebro.ee\/#organization"},"potentialAction":[{"@type":"SearchAction","target":{"@type":"EntryPoint","urlTemplate":"https:\/\/stonebro.ee\/?s={search_term_string}"},"query-input":{"@type":"PropertyValueSpecification","valueRequired":true,"valueName":"search_term_string"}}],"inLanguage":"sv-SE"},{"@type":"Organization","@id":"https:\/\/stonebro.ee\/#organization","name":"StoneBro","url":"https:\/\/stonebro.ee\/","logo":{"@type":"ImageObject","inLanguage":"sv-SE","@id":"https:\/\/stonebro.ee\/#\/schema\/logo\/image\/","url":"https:\/\/stonebro.ee\/wp-content\/uploads\/2022\/09\/stonebro_logo_303x68_2x-removebg-preview-e1664103751982.png","contentUrl":"https:\/\/stonebro.ee\/wp-content\/uploads\/2022\/09\/stonebro_logo_303x68_2x-removebg-preview-e1664103751982.png","width":200,"height":44,"caption":"StoneBro"},"image":{"@id":"https:\/\/stonebro.ee\/#\/schema\/logo\/image\/"}}]}},"_links":{"self":[{"href":"https:\/\/stonebro.ee\/sv\/wp-json\/wp\/v2\/product\/34648","targetHints":{"allow":["GET"]}}],"collection":[{"href":"https:\/\/stonebro.ee\/sv\/wp-json\/wp\/v2\/product"}],"about":[{"href":"https:\/\/stonebro.ee\/sv\/wp-json\/wp\/v2\/types\/product"}],"replies":[{"embeddable":true,"href":"https:\/\/stonebro.ee\/sv\/wp-json\/wp\/v2\/comments?post=34648"}],"version-history":[{"count":0,"href":"https:\/\/stonebro.ee\/sv\/wp-json\/wp\/v2\/product\/34648\/revisions"}],"wp:featuredmedia":[{"embeddable":true,"href":"https:\/\/stonebro.ee\/sv\/wp-json\/wp\/v2\/media\/32954"}],"wp:attachment":[{"href":"https:\/\/stonebro.ee\/sv\/wp-json\/wp\/v2\/media?parent=34648"}],"wp:term":[{"taxonomy":"product_brand","embeddable":true,"href":"https:\/\/stonebro.ee\/sv\/wp-json\/wp\/v2\/product_brand?post=34648"},{"taxonomy":"product_cat","embeddable":true,"href":"https:\/\/stonebro.ee\/sv\/wp-json\/wp\/v2\/product_cat?post=34648"},{"taxonomy":"product_tag","embeddable":true,"href":"https:\/\/stonebro.ee\/sv\/wp-json\/wp\/v2\/product_tag?post=34648"}],"curies":[{"name":"wp","href":"https:\/\/api.w.org\/{rel}","templated":true}]}}